{"id":173,"date":"2025-04-30T14:51:11","date_gmt":"2025-04-30T14:51:11","guid":{"rendered":"https:\/\/policies.in2me.io\/?page_id=173"},"modified":"2025-04-30T14:53:01","modified_gmt":"2025-04-30T14:53:01","slug":"tackling-hate-speech","status":"publish","type":"page","link":"https:\/\/policies.in2me.io\/it\/tackling-hate-speech\/","title":{"rendered":"AFFRONTARE IL DISCORSO D\u2019ODIO"},"content":{"rendered":"<div data-elementor-type=\"wp-page\" data-elementor-id=\"173\" class=\"elementor elementor-173\" data-elementor-post-type=\"page\">\n\t\t\t\t<div class=\"elementor-element elementor-element-377aef4 e-flex e-con-boxed e-con e-parent\" data-id=\"377aef4\" data-element_type=\"container\">\n\t\t\t\t\t<div class=\"e-con-inner\">\n\t\t\t\t<div class=\"elementor-element elementor-element-41559c6 elementor-widget elementor-widget-heading\" data-id=\"41559c6\" data-element_type=\"widget\" data-widget_type=\"heading.default\">\n\t\t\t\t<div class=\"elementor-widget-container\">\n\t\t\t\t\t<h2 class=\"elementor-heading-title elementor-size-default\">AFFRONTARE IL DISCORSO D\u2019ODIO<\/h2>\t\t\t\t<\/div>\n\t\t\t\t<\/div>\n\t\t\t\t<div class=\"elementor-element elementor-element-8a1e63f elementor-widget elementor-widget-text-editor\" data-id=\"8a1e63f\" data-element_type=\"widget\" data-widget_type=\"text-editor.default\">\n\t\t\t\t<div class=\"elementor-widget-container\">\n\t\t\t\t\t\t\t\t\t<p class=\"\" data-start=\"269\" data-end=\"579\"><strong data-start=\"269\" data-end=\"361\">In2me \u00e8 uno spazio per creator e fan per essere se stessi e esprimersi liberamente.<\/strong> Questo impegno per la libert\u00e0 di espressione \u00e8 bilanciato dalla nostra dedizione a garantire che tutti i creator e i fan si sentano al sicuro sulla nostra piattaforma. In2me <strong data-start=\"505\" data-end=\"566\">non tollera discorsi d\u2019odio, discriminazioni o minacce<\/strong> in qualsiasi forma.<\/p><h5 data-start=\"586\" data-end=\"635\">Che tipo di contenuti non sono consentiti su In2me?<\/h5><p class=\"\" data-start=\"637\" data-end=\"805\">In2me&#8217;s <a rel=\"noopener\" data-start=\"645\" data-end=\"666\">Termini di servizio<\/a> e <a rel=\"noopener\" data-start=\"671\" data-end=\"697\">Politica di utilizzo accettabile<\/a> dichiarano chiaramente che, tra le altre cose, i seguenti tipi di contenuti sono <strong data-start=\"773\" data-end=\"788\">non consentiti<\/strong> sulla piattaforma:<\/p><ul data-start=\"807\" data-end=\"1535\"><li class=\"\" data-start=\"807\" data-end=\"1265\"><p class=\"\" data-start=\"809\" data-end=\"1265\">Contenuti che <strong data-start=\"822\" data-end=\"882\">contiene, promuove, pubblicizza o si riferisce a discorsi di odio<\/strong>incluso materiale inteso a vilipendere, umiliare, disumanizzare, escludere, attaccare, minacciare o incitare odio, paura o violenza contro individui o gruppi in base a razza, etnia, origine nazionale, status di immigrazione, casta, religione, sesso, identit\u00e0 o espressione di genere, orientamento sessuale, et\u00e0, disabilit\u00e0, malattia grave, stato di veterano o qualsiasi altra caratteristica protetta.<\/p><\/li><li class=\"\" data-start=\"1266\" data-end=\"1439\"><p class=\"\" data-start=\"1268\" data-end=\"1439\">Contenuti che sono <strong data-start=\"1284\" data-end=\"1371\">illegale, fraudolento, diffamatorio, odio, discriminatorio, minaccioso o molesto<\/strong>o che incoraggia o promuove violenza o qualsiasi attivit\u00e0 illegale.<\/p><\/li><li class=\"\" data-start=\"1440\" data-end=\"1535\"><p class=\"\" data-start=\"1442\" data-end=\"1535\">Contenuti che <strong data-start=\"1455\" data-end=\"1499\">rappresenta o fa riferimento a armi da fuoco o armi<\/strong> in modo minaccioso o violento.<\/p><\/li><\/ul><h5 data-start=\"1542\" data-end=\"1619\">Il modello di abbonamento di In2me consente discorsi di odio o contenuti abusivi?<\/h5><p class=\"\" data-start=\"1621\" data-end=\"1914\"><strong data-start=\"1621\" data-end=\"1628\">No.<\/strong> Infatti, il modello di abbonamento di In2me aiuta <strong data-start=\"1671\" data-end=\"1681\">ridurre<\/strong> la probabilit\u00e0 che vengano condivisi discorsi di odio, discriminazioni o minacce. Perch\u00e9 la piattaforma <strong data-start=\"1780\" data-end=\"1811\">non consente la pubblicazione anonima<\/strong>, tutti gli utenti \u2014 siano essi creatori o abbonati \u2014 devono <strong data-start=\"1874\" data-end=\"1913\">controlli rigorosi di verifica dell'identit\u00e0<\/strong>.<\/p><p class=\"\" data-start=\"1916\" data-end=\"2194\">A differenza di molte altre piattaforme digitali, In2me <strong data-start=\"1959\" data-end=\"2004\">conosce l\u2019identit\u00e0 legale di tutti i suoi utenti<\/strong>, il che scoraggia gli utenti dal pubblicare o condividere contenuti d\u2019odio, minacciosi o discriminatori. Inoltre, poich\u00e9 i contenuti su In2me sono dietro un paywall, \u00e8 meno probabile che diventino \u201cvirali\u201d.<\/p><h5 data-start=\"2201\" data-end=\"2259\">Come rileva In2me discorsi di odio o comportamenti abusivi?<\/h5><p class=\"\" data-start=\"2261\" data-end=\"2402\">In2me <strong data-start=\"2267\" data-end=\"2305\">non utilizza la crittografia end-to-end<\/strong>Tutto sulla piattaforma \u2014 inclusi i messaggi diretti \u2014 \u00e8 visibile al nostro team di moderazione qualificato.<\/p><p class=\"\" data-start=\"2404\" data-end=\"2783\">Noi continuamente <strong data-start=\"2420\" data-end=\"2484\">scansioniamo la piattaforma utilizzando strumenti automatizzati e moderatori umani<\/strong> per identificare e prevenire la pubblicazione di contenuti che violano i nostri Termini di servizio o la nostra Politica di uso accettabile. Inoltre, <strong data-start=\"2606\" data-end=\"2629\">segnalazioni della community<\/strong> svolge un ruolo importante. Ogni post, messaggio, immagine e video sulla piattaforma include un pulsante di segnalazione che gli utenti possono utilizzare per segnalare contenuti inappropriati.<\/p><p class=\"\" data-start=\"2785\" data-end=\"2864\">In2me pu\u00f2 esaminare e rimuovere <strong data-start=\"2813\" data-end=\"2851\">any post, message, image, or video<\/strong> in qualsiasi momento.<\/p><h5 data-start=\"2871\" data-end=\"2936\">Cosa succede quando In2me trova discorsi di odio o contenuti abusivi?<\/h5><p class=\"\" data-start=\"2938\" data-end=\"3142\">Se In2me identifica o riceve una segnalazione di <strong data-start=\"2982\" data-end=\"3048\">presunto discorso di odio, comportamento discriminatorio o minaccioso<\/strong>, il contenuto \u00e8 <strong data-start=\"3065\" data-end=\"3105\">immediatamente rimosso dalla vista pubblica<\/strong> e revisionato dal nostro team di moderazione.<\/p><p class=\"\" data-start=\"3144\" data-end=\"3265\">Se il contenuto viola i nostri Termini di servizio o la Politica di uso accettabile, In2me adotta le azioni appropriate, che possono includere:<\/p><ul data-start=\"3267\" data-end=\"3352\"><li class=\"\" data-start=\"3267\" data-end=\"3287\"><p class=\"\" data-start=\"3269\" data-end=\"3287\">Un avviso formale<\/p><\/li><li class=\"\" data-start=\"3288\" data-end=\"3320\"><p class=\"\" data-start=\"3290\" data-end=\"3320\">Sospensione temporanea dell\u2019account<\/p><\/li><li class=\"\" data-start=\"3321\" data-end=\"3352\"><p class=\"\" data-start=\"3323\" data-end=\"3352\">Cancellazione permanente dell\u2019account<\/p><\/li><\/ul><h5 data-start=\"3359\" data-end=\"3397\">In2me pu\u00f2 controllare i messaggi privati?<\/h5><p class=\"\" data-start=\"3399\" data-end=\"3630\">S\u00ec. In2me non utilizza la crittografia end-to-end. Ci sono <strong data-start=\"3456\" data-end=\"3515\">nessun post nascosto, messaggi che scompaiono o aree segrete<\/strong> sulla piattaforma. Il nostro team di moderazione pu\u00f2 esaminare e rimuovere <strong data-start=\"3575\" data-end=\"3613\">qualsiasi messaggio diretto o post privato<\/strong> condiviso su In2me.<\/p><h5 data-start=\"3637\" data-end=\"3688\">Come posso segnalare discorsi di odio o contenuti abusivi?<\/h5><p class=\"\" data-start=\"3690\" data-end=\"3878\">Ogni post, messaggio e account su In2me include un <strong data-start=\"3742\" data-end=\"3759\">report button<\/strong>. Se incontri contenuti che ritieni violino le nostre politiche su discorsi di odio o abusi, fai clic sul pulsante di segnalazione.<\/p><p class=\"\" data-start=\"3880\" data-end=\"4011\">In alternativa, puoi inviarci un\u2019email direttamente a <a rel=\"noopener\" data-start=\"3924\" data-end=\"3967\">support@in2me.io<\/a> con i dettagli sul contenuto in questione.<\/p>\t\t\t\t\t\t\t\t<\/div>\n\t\t\t\t<\/div>\n\t\t\t\t\t<\/div>\n\t\t\t\t<\/div>\n\t\t\t\t<\/div>","protected":false},"excerpt":{"rendered":"<p>TACKLING HATE SPEECH In2me is a space for creators and fans to be who they are and express themselves freely. This commitment to freedom of expression is balanced by our dedication to ensuring that all creators and fans feel safe on our platform. In2me does not tolerate hate speech, discrimination, or threats in any form. [&hellip;]<\/p>","protected":false},"author":1,"featured_media":0,"parent":0,"menu_order":0,"comment_status":"closed","ping_status":"closed","template":"","meta":{"footnotes":""},"class_list":["post-173","page","type-page","status-publish","hentry"],"_links":{"self":[{"href":"https:\/\/policies.in2me.io\/it\/wp-json\/wp\/v2\/pages\/173","targetHints":{"allow":["GET"]}}],"collection":[{"href":"https:\/\/policies.in2me.io\/it\/wp-json\/wp\/v2\/pages"}],"about":[{"href":"https:\/\/policies.in2me.io\/it\/wp-json\/wp\/v2\/types\/page"}],"author":[{"embeddable":true,"href":"https:\/\/policies.in2me.io\/it\/wp-json\/wp\/v2\/users\/1"}],"replies":[{"embeddable":true,"href":"https:\/\/policies.in2me.io\/it\/wp-json\/wp\/v2\/comments?post=173"}],"version-history":[{"count":4,"href":"https:\/\/policies.in2me.io\/it\/wp-json\/wp\/v2\/pages\/173\/revisions"}],"predecessor-version":[{"id":177,"href":"https:\/\/policies.in2me.io\/it\/wp-json\/wp\/v2\/pages\/173\/revisions\/177"}],"wp:attachment":[{"href":"https:\/\/policies.in2me.io\/it\/wp-json\/wp\/v2\/media?parent=173"}],"curies":[{"name":"wp","href":"https:\/\/api.w.org\/{rel}","templated":true}]}}