{"id":154,"date":"2025-04-30T14:38:56","date_gmt":"2025-04-30T14:38:56","guid":{"rendered":"https:\/\/policies.in2me.io\/?page_id=154"},"modified":"2025-04-30T14:41:32","modified_gmt":"2025-04-30T14:41:32","slug":"content-moderation-policy","status":"publish","type":"page","link":"https:\/\/policies.in2me.io\/it\/content-moderation-policy\/","title":{"rendered":"POLITICA DI MODERAZIONE DEI CONTENUTI"},"content":{"rendered":"<div data-elementor-type=\"wp-page\" data-elementor-id=\"154\" class=\"elementor elementor-154\" data-elementor-post-type=\"page\">\n\t\t\t\t<div class=\"elementor-element elementor-element-f77c4fc e-flex e-con-boxed e-con e-parent\" data-id=\"f77c4fc\" data-element_type=\"container\">\n\t\t\t\t\t<div class=\"e-con-inner\">\n\t\t\t\t<div class=\"elementor-element elementor-element-1913cd5 elementor-widget elementor-widget-heading\" data-id=\"1913cd5\" data-element_type=\"widget\" data-widget_type=\"heading.default\">\n\t\t\t\t<div class=\"elementor-widget-container\">\n\t\t\t\t\t<h2 class=\"elementor-heading-title elementor-size-default\">POLITICA DI MODERAZIONE DEI CONTENUTI<\/h2>\t\t\t\t<\/div>\n\t\t\t\t<\/div>\n\t\t\t\t<div class=\"elementor-element elementor-element-ddf8266 elementor-widget elementor-widget-text-editor\" data-id=\"ddf8266\" data-element_type=\"widget\" data-widget_type=\"text-editor.default\">\n\t\t\t\t<div class=\"elementor-widget-container\">\n\t\t\t\t\t\t\t\t\t<p class=\"\" data-start=\"158\" data-end=\"233\"><strong data-start=\"158\" data-end=\"233\">Utilizzando questo sito web, l'utente accetta la presente informativa: si prega di leggere attentamente.<\/strong><\/p><h5 data-start=\"240\" data-end=\"260\">\u2981 Introduzione<\/h5><p class=\"\" data-start=\"261\" data-end=\"627\">Il presente documento illustra la Politica di moderazione dei contenuti di In2me (\u201cPolitica\u201d). Questa Politica spiega quando, perch\u00e9 e come In2me pu\u00f2 moderare i Contenuti e come vengono gestiti i Contenuti che violano i Termini di Servizio di In2me. Se l'utente \u00e8 un utente di In2me, la presente Politica fa parte del suo accordo legale con In2me. Vi invitiamo a leggere attentamente e per intero questa Informativa. Ecco alcune cose fondamentali da notare:<\/p><ul data-start=\"629\" data-end=\"956\"><li class=\"\" data-start=\"629\" data-end=\"730\"><p class=\"\" data-start=\"631\" data-end=\"730\">I nostri Termini di servizio e le Linee guida della comunit\u00e0 spiegano cosa \u00e8 e cosa non \u00e8 consentito su In2me.<\/p><\/li><li class=\"\" data-start=\"731\" data-end=\"956\"><p class=\"\" data-start=\"733\" data-end=\"956\">I ricorsi relativi alla decisione di disattivare un contenuto, disattivare un account o emettere un avvertimento finale devono essere inviati via e-mail a <a rel=\"noopener\" data-start=\"875\" data-end=\"924\">compliance@in2me.io<\/a>, in base alla nostra Politica dei ricorsi.<\/p><\/li><\/ul><h5 data-start=\"963\" data-end=\"985\">\u2981 Interpretazione<\/h5><p class=\"\" data-start=\"986\" data-end=\"1133\">Se non specificamente definiti nella presente polizza, i significati attribuiti alle parole definite nella <a rel=\"noopener\" data-start=\"1073\" data-end=\"1094\">Termini di servizio<\/a> hanno lo stesso significato nella presente Polizza.<\/p><h5 data-start=\"1140\" data-end=\"1176\">\u2981 Quando In2me modera i contenuti<\/h5><p class=\"\" data-start=\"1177\" data-end=\"1409\">Sebbene In2me sia uno spazio in cui i creatori e i fan possono essere ci\u00f2 che sono ed esprimersi liberamente, moderiamo i contenuti per verificare che siano conformi ai nostri Termini di servizio, che includono la nostra Politica d'uso accettabile e le Linee guida della comunit\u00e0.<\/p><h5 data-start=\"1416\" data-end=\"1447\">\u2981 Perch\u00e9 moderiamo i contenuti<\/h5><p class=\"\" data-start=\"1448\" data-end=\"1653\">In2me consente ai creatori di monetizzare i propri contenuti e di connettersi con la propria fanbase. Per proteggere la nostra comunit\u00e0 di utenti, In2me pu\u00f2, ma non \u00e8 obbligata a, moderare i contenuti per conformarsi ai Termini di servizio di In2me.<\/p><h5 data-start=\"1660\" data-end=\"1692\">Quali contenuti modifichiamo<\/h5><p class=\"\" data-start=\"1693\" data-end=\"1833\">In qualsiasi momento, possiamo scegliere di esaminare e rimuovere i contenuti condivisi su In2me, inclusi testi, audio, immagini, messaggi diretti e video.<\/p><h5 data-start=\"1840\" data-end=\"1871\">Come modifichiamo i contenuti<\/h5><p class=\"\" data-start=\"1872\" data-end=\"2110\">In2me utilizza tecnologie digitali all\u2019avanguardia insieme alla moderazione umana per verificare se i contenuti sono consentiti. I nostri moderatori qualificati identificano e rimuovono i contenuti che ritengono violino i nostri Termini di Servizio.<\/p><h5 data-start=\"2117\" data-end=\"2171\">Quale tecnologia utilizza In2me per moderare i contenuti<\/h5><p class=\"\" data-start=\"2172\" data-end=\"2285\">Utilizziamo una variet\u00e0 di strumenti tecnologici per identificare i contenuti che potrebbero violare i nostri Termini di Servizio. Questi includono:<\/p><ul data-start=\"2286\" data-end=\"2605\"><li class=\"\" data-start=\"2286\" data-end=\"2605\"><p class=\"\" data-start=\"2288\" data-end=\"2605\"><strong data-start=\"2288\" data-end=\"2328\">Tecnologie per la scansione di immagini e testi<\/strong>Questi strumenti aiutano i nostri moderatori umani a dare priorit\u00e0 ai contenuti da esaminare. Scansionano automaticamente media e testi per individuare potenziali violazioni dei nostri Termini di Servizio. Tali potenziali violazioni possono poi essere valutate dai moderatori umani prima di prendere qualsiasi decisione sulla disattivazione dei contenuti.<\/p><\/li><\/ul><h5 data-start=\"2612\" data-end=\"2660\">Conseguenze della condivisione di contenuti inappropriati<\/h5><p class=\"\" data-start=\"2661\" data-end=\"2893\">Se un utente condivide contenuti che violano i Termini di Servizio di In2me, possiamo:<br data-start=\"2733\" data-end=\"2736\" \/>disattivare il contenuto<br data-start=\"2761\" data-end=\"2764\" \/>ii. emettere un avviso<br data-start=\"2783\" data-end=\"2786\" \/>iii. emettere un avviso finale<br data-start=\"2812\" data-end=\"2815\" \/>iv. disattivare l\u2019account<br data-start=\"2841\" data-end=\"2844\" \/>v. bannare il titolare dell\u2019account dalla piattaforma In2me<\/p><p class=\"\" data-start=\"2895\" data-end=\"3113\">Se un utente commette violazioni gravi o pubblica ripetutamente contenuti che violano i Termini di Servizio di In2me, possiamo sospendere o terminare il suo\/i suoi account e vietargli di aprire nuovi account su In2me.<\/p><h5 data-start=\"3120\" data-end=\"3169\">Alcuni dei motivi per cui potremmo rimuovere contenuti<\/h5><p class=\"\" data-start=\"3170\" data-end=\"4096\">Rimuoviamo pi\u00f9 comunemente contenuti per violazioni della nostra Politica di Uso Accettabile, ad esempio contenuti che:<br data-start=\"3273\" data-end=\"3276\" \/>i. presenta un creatore la cui et\u00e0 non possiamo verificare come superiore a 18 anni<br data-start=\"3321\" data-end=\"3324\" \/>ii. presenta un creatore la cui identit\u00e0 non possiamo verificare, inclusi account o contenuti interamente generati dall\u2019intelligenza artificiale<br data-start=\"3439\" data-end=\"3442\" \/>iii. presenta un creatore che finge di essere minorenne, anche se si tratta di gioco di ruolo o finzione<br data-start=\"3529\" data-end=\"3532\" \/>iv. \u00e8 sessualmente esplicito e include una persona che non \u00e8 il creatore verificato e non ha confermato la sua et\u00e0, identit\u00e0 o consenso<br data-start=\"3664\" data-end=\"3667\" \/>v. coinvolge nudit\u00e0 in un luogo pubblico o vicino agli animali<br data-start=\"3721\" data-end=\"3724\" \/>vi. \u00e8 illegale nel luogo in cui vivi o dove il contenuto \u00e8 stato registrato<br data-start=\"3787\" data-end=\"3790\" \/>vii. presenta sangue o potrebbe essere considerato violento o estremo<br data-start=\"3851\" data-end=\"3854\" \/>viii. presenta armi o droghe illegali<br data-start=\"3893\" data-end=\"3896\" \/>ix. presenta un oggetto di uso quotidiano usato in modo che potrebbe causare danni, incluso l\u2019uso come sex toy<br data-start=\"4009\" data-end=\"4012\" \/>x. si riferisce agli incontri tra creatori e fan di persona, inclusi concorsi e lotterie<\/p><h5 data-start=\"4103\" data-end=\"4126\">Contenuti illegali<\/h5><p class=\"\" data-start=\"4127\" data-end=\"4467\">In2me disattiver\u00e0 i contenuti e, se appropriato, far\u00e0 una segnalazione alle forze dell\u2019ordine. Segnaliamo tutti i sospetti CSAM al National Center for Missing and Exploited Children tramite la loro CyberTipline. Puoi leggere di pi\u00f9 su come rispettiamo i nostri obblighi di condivisione dei dati nel nostro <a rel=\"noopener\" data-start=\"4413\" data-end=\"4432\">Informativa sulla privacy<\/a> e come assistiamo le forze dell\u2019ordine.<\/p><h5 data-start=\"4474\" data-end=\"4521\">Ricorso contro una decisione di moderazione dei contenuti<\/h5><p class=\"\" data-start=\"4522\" data-end=\"4715\">Se ritieni che In2me abbia disattivato erroneamente i tuoi contenuti o il tuo account, puoi fare ricorso compilando un modulo. <strong data-start=\"4637\" data-end=\"4671\">Modulo di ricorso per disattivazione di In2me<\/strong> in conformit\u00e0 con il nostro <a rel=\"noopener\" data-start=\"4695\" data-end=\"4714\">Politica di ricorso<\/a>.<\/p>\t\t\t\t\t\t\t\t<\/div>\n\t\t\t\t<\/div>\n\t\t\t\t\t<\/div>\n\t\t\t\t<\/div>\n\t\t\t\t<\/div>","protected":false},"excerpt":{"rendered":"<p>CONTENT MODERATION POLICY By using this website, you agree to this policy \u2013 please read carefully \u2981 Introduction This document sets out In2me\u2019s Content Moderation Policy (\u201cPolicy\u201d). This Policy explains when, why, and how In2me can moderate Content, and how Content that violates In2me\u2019s Terms of Service is handled. If you are an In2me User, [&hellip;]<\/p>","protected":false},"author":1,"featured_media":0,"parent":0,"menu_order":0,"comment_status":"closed","ping_status":"closed","template":"","meta":{"footnotes":""},"class_list":["post-154","page","type-page","status-publish","hentry"],"_links":{"self":[{"href":"https:\/\/policies.in2me.io\/it\/wp-json\/wp\/v2\/pages\/154","targetHints":{"allow":["GET"]}}],"collection":[{"href":"https:\/\/policies.in2me.io\/it\/wp-json\/wp\/v2\/pages"}],"about":[{"href":"https:\/\/policies.in2me.io\/it\/wp-json\/wp\/v2\/types\/page"}],"author":[{"embeddable":true,"href":"https:\/\/policies.in2me.io\/it\/wp-json\/wp\/v2\/users\/1"}],"replies":[{"embeddable":true,"href":"https:\/\/policies.in2me.io\/it\/wp-json\/wp\/v2\/comments?post=154"}],"version-history":[{"count":3,"href":"https:\/\/policies.in2me.io\/it\/wp-json\/wp\/v2\/pages\/154\/revisions"}],"predecessor-version":[{"id":157,"href":"https:\/\/policies.in2me.io\/it\/wp-json\/wp\/v2\/pages\/154\/revisions\/157"}],"wp:attachment":[{"href":"https:\/\/policies.in2me.io\/it\/wp-json\/wp\/v2\/media?parent=154"}],"curies":[{"name":"wp","href":"https:\/\/api.w.org\/{rel}","templated":true}]}}