{"id":150,"date":"2025-04-30T14:36:50","date_gmt":"2025-04-30T14:36:50","guid":{"rendered":"https:\/\/policies.in2me.io\/?page_id=150"},"modified":"2025-05-13T12:23:22","modified_gmt":"2025-05-13T12:23:22","slug":"combatting-csam","status":"publish","type":"page","link":"https:\/\/policies.in2me.io\/it\/combatting-csam\/","title":{"rendered":"LOTTA AL CSAM"},"content":{"rendered":"<div data-elementor-type=\"wp-page\" data-elementor-id=\"150\" class=\"elementor elementor-150\" data-elementor-post-type=\"page\">\n\t\t\t\t<div class=\"elementor-element elementor-element-5422e0c e-flex e-con-boxed e-con e-parent\" data-id=\"5422e0c\" data-element_type=\"container\">\n\t\t\t\t\t<div class=\"e-con-inner\">\n\t\t\t\t<div class=\"elementor-element elementor-element-7ab958d elementor-widget elementor-widget-heading\" data-id=\"7ab958d\" data-element_type=\"widget\" data-widget_type=\"heading.default\">\n\t\t\t\t<div class=\"elementor-widget-container\">\n\t\t\t\t\t<h2 class=\"elementor-heading-title elementor-size-default\">LOTTA AL CSAM<\/h2>\t\t\t\t<\/div>\n\t\t\t\t<\/div>\n\t\t\t\t<div class=\"elementor-element elementor-element-6f1c168 elementor-widget elementor-widget-text-editor\" data-id=\"6f1c168\" data-element_type=\"widget\" data-widget_type=\"text-editor.default\">\n\t\t\t\t<div class=\"elementor-widget-container\">\n\t\t\t\t\t\t\t\t\t<p class=\"\" data-start=\"146\" data-end=\"641\"><strong data-start=\"146\" data-end=\"242\">In2me lotta contro la creazione e la distribuzione di materiale di abuso sessuale su minori (CSAM).<\/strong><br data-start=\"242\" data-end=\"245\" \/>In2me sta costruendo la piattaforma di media digitali pi\u00f9 sicura al mondo. Non tolleriamo il CSAM sulla nostra piattaforma e lavoriamo attivamente per bloccarlo. La creazione o la distribuzione di CSAM \u00e8 immorale, sbagliata, illegale e contraria ai nostri Termini di servizio e alla nostra Politica d'uso accettabile.<br data-start=\"510\" data-end=\"513\" \/>We have a dedicated team of people who work around the clock to prevent and swiftly remove any suspected CSAM from our platform.<\/p><h5 data-start=\"643\" data-end=\"662\">Cos'\u00e8 il CSAM?<\/h5><p class=\"\" data-start=\"663\" data-end=\"840\">Il CSAM \u00e8 qualsiasi immagine o video di contenuti sessualmente espliciti, inclusa la nudit\u00e0, che coinvolga una persona di et\u00e0 inferiore ai 18 anni. Queste immagini equivalgono ad abusi sessuali e sfruttamento di minori.<\/p><h5 data-start=\"842\" data-end=\"884\">Quanto spesso appare il CSAM su In2me?<\/h5><p class=\"\" data-start=\"885\" data-end=\"1373\">In2me prende di mira e segnala con decisione le persone che creano o tentano di usare la nostra piattaforma per distribuire CSAM.<br data-start=\"988\" data-end=\"991\" \/>Gli incidenti di CSAM sospetto costituiscono meno dello 0,0002% di tutti i contenuti inviati dai creatori per essere pubblicati su In2me. Segnaliamo tutti i casi sospetti di CSAM al NCMEC. Ogni immagine o video sospetto viene bloccato e rimosso dalla piattaforma durante l\u2019indagine. Molte di queste immagini sospette non risultano essere CSAM e\/o vengono bloccate prima di apparire su In2me.<\/p><h5 data-start=\"1375\" data-end=\"1426\">Come identifica In2me il CSAM sulla sua piattaforma?<\/h5><p class=\"\" data-start=\"1427\" data-end=\"1959\">Scansioniamo continuamente la nostra piattaforma per impedire la pubblicazione di CSAM. Tutti i nostri moderatori di contenuti sono addestrati a identificare e segnalare rapidamente qualsiasi sospetto CSAM.<br data-start=\"1582\" data-end=\"1585\" \/>Prima che il contenuto appaia nel feed di notizie, lo ispezioniamo con tecnologie digitali all\u2019avanguardia per verificare se il contenuto \u00e8 consentito sulla piattaforma. Tutti i contenuti che superano questa prima revisione vengono poi esaminati manualmente dai nostri moderatori umani entro 24 ore. I nostri moderatori addestrati identificano e segnalano immediatamente qualsiasi contenuto sospetto di essere CSAM.<\/p><h5 data-start=\"1961\" data-end=\"2022\">Cosa cerca In2me quando cerca di identificare il CSAM?<\/h5><p class=\"\" data-start=\"2023\" data-end=\"2659\">Prima che qualsiasi contenuto possa apparire nel feed di notizie di un creatore, lo confrontiamo con database e strumenti utilizzati dalle forze dell\u2019ordine per prevenire la distribuzione di CSAM noti.<br data-start=\"2186\" data-end=\"2189\" \/>Il CSAM pu\u00f2 essere pi\u00f9 difficile da identificare se si tratta di \u201cnuovo\u201d CSAM, cio\u00e8 materiale non ancora presente nei database e negli strumenti delle forze dell\u2019ordine. Perci\u00f2 ispezioniamo attentamente immagini, testi e file audio alla ricerca di possibili \u201cnuovi\u201d CSAM. La nostra tecnologia e il nostro personale lavorano insieme per segnalare il CSAM sospetto che non \u00e8 stato precedentemente identificato. Quando confermato, passiamo queste informazioni alle forze dell\u2019ordine e alle organizzazioni non governative per aiutare a identificare i responsabili.<\/p><h5 data-start=\"2661\" data-end=\"2728\">Cosa succede quando In2me trova CSAM sospetto sulla sua piattaforma?<\/h5><p class=\"\" data-start=\"2729\" data-end=\"3331\">Quando identifichiamo CSAM sospetto, lo rimuoviamo immediatamente e facciamo una segnalazione tramite la \u201cCyberTipline\u201d al National Center for Missing &amp; Exploited Children (NCMEC).<br data-start=\"2884\" data-end=\"2887\" \/>NCMEC esamina queste segnalazioni e le condivide con le forze dell\u2019ordine competenti in tutto il mondo affinch\u00e9 possano combattere il CSAM. Collaboriamo strettamente con le forze dell\u2019ordine per investigare, perseguire e punire chiunque tenti di usare la nostra piattaforma per creare o distribuire CSAM.<br data-start=\"3155\" data-end=\"3158\" \/>Indaghiamo immediatamente su qualsiasi utente che tenta di condividere CSAM sospetto su In2me e prendiamo le misure appropriate. Banniamo chiunque tenti di creare o distribuire CSAM su In2me.<\/p><h5 data-start=\"3333\" data-end=\"3462\">Come pu\u00f2 In2me sapere se un messaggio diretto o un altro post privato contiene materiale CSAM? Questi post e contenuti sono criptati?<\/h5><p class=\"\" data-start=\"3463\" data-end=\"3761\">In2me non usa la crittografia end-to-end. Tutto sul sito \u00e8 visibile al nostro team di revisori addestrati. Non ci sono post \u201cnascosti\u201d, aree \u201csegrete\u201d o messaggi che scompaiono su In2me.<br data-start=\"3652\" data-end=\"3655\" \/>Possiamo rivedere e rimuovere qualsiasi immagine o video condiviso su In2me in qualsiasi momento, inclusi tutti i messaggi diretti.<\/p><h5 data-start=\"3763\" data-end=\"3833\">Il modello di abbonamento di In2me consente la distribuzione di CSAM?<\/h5><p class=\"\" data-start=\"3834\" data-end=\"4465\">No. Il nostro modello di abbonamento rende pi\u00f9 difficile per le persone creare e distribuire CSAM.<br data-start=\"3926\" data-end=\"3929\" \/>Per iscriversi a contenuti o per pubblicare contenuti su In2me, gli utenti devono superare i nostri rigorosi controlli di verifica dell\u2019identit\u00e0. A differenza di molte altre piattaforme digitali, conosciamo l\u2019identit\u00e0 legale di tutti i nostri utenti. Nessuno pu\u00f2 postare in modo anonimo su In2me.<br data-start=\"4178\" data-end=\"4181\" \/>Poich\u00e9 i nostri utenti non sono anonimi e non usiamo la crittografia end-to-end, \u00e8 meno probabile che gli utenti di In2me provino a creare o distribuire CSAM. Se un utente prova a farlo, sappiamo chi \u00e8, lo segnaliamo e lo banniamo da In2me.<\/p><h5 data-start=\"4467\" data-end=\"4504\">Come posso segnalare CSAM sospetto?<\/h5><p class=\"\" data-start=\"4505\" data-end=\"4747\">Ogni post e account su In2me ha un pulsante per segnalare. Se vedi contenuti su In2me che sospetti siano CSAM, segnalali usando il pulsante di segnalazione.\nSe ricevi un messaggio diretto su In2me contenente CSAM o contenuti sospetti, puoi segnalarlo cliccando sull\u2019opzione \u201cSegnala\u201d nel messaggio. <a rel=\"noopener\" data-start=\"4701\" data-end=\"4746\">support@in2me.com<\/a>.<\/p><h5 data-start=\"4749\" data-end=\"4809\">Come posso fidarmi che In2me prenda sul serio questa problematica?<\/h5><p class=\"\" data-start=\"4810\" data-end=\"5240\">In2me si impegna a costruire la piattaforma social media pi\u00f9 sicura al mondo. Ci assumiamo la responsabilit\u00e0 delle nostre azioni e pubblichiamo regolarmente dati che dimostrano i passi che stiamo compiendo. Questi dati si trovano nei nostri <a rel=\"noopener\" data-start=\"5028\" data-end=\"5053\">Rapporti di Trasparenza.<\/a>.<br data-start=\"5054\" data-end=\"5057\" \/>Abbiamo anche fatto un ulteriore passo avanti istituendo un monitor indipendente di terze parti per controllare i processi che abbiamo messo in atto per combattere la creazione e la distribuzione di CSAM.<\/p><h5 data-start=\"5242\" data-end=\"5316\">Cos\u2019altro fate per prevenire la creazione o distribuzione di CSAM?<\/h5><p class=\"\" data-start=\"5317\" data-end=\"6335\">Collaboriamo strettamente con governi, regolatori, forze dell\u2019ordine, organizzazioni non governative, enti di beneficenza e altre aziende nella lotta contro il CSAM.<br data-start=\"5469\" data-end=\"5472\" \/>Riceviamo e agiamo in base alle informazioni fornite dai nostri partner per la sicurezza su nuove tendenze relative alla sicurezza dei minori e alla prevenzione degli autori. Lavoriamo inoltre proattivamente con ricercatori e analisti per identificare tattiche, tecniche e procedure usate dagli autori di CSAM online, per impedirne il successo.<br data-start=\"5798\" data-end=\"5801\" \/>Oltre a collaborare con NCMEC per segnalare qualsiasi caso di CSAM sulla nostra piattaforma tramite la CyberTipline di NCMEC, facciamo anche parte dell\u2019iniziativa <strong data-start=\"5945\" data-end=\"5961\">Take It Down<\/strong> di NCMEC. Take It Down \u00e8 un servizio di supporto disponibile per individui sotto i 18 anni preoccupati che contenuti espliciti auto-generati (considerati CSAM) possano essere condivisi online. Gli individui possono usare lo strumento per \u201chashare\u201d l\u2019immagine di cui sono preoccupati e impedire che venga pubblicata online: <a target=\"_new\" rel=\"noopener\" data-start=\"6279\" data-end=\"6335\">Take It Down \u2013 NCMEC<\/a><\/p><p class=\"\" data-start=\"6337\" data-end=\"6500\">Se desideri saperne di pi\u00f9 sulla nostra lotta contro la creazione e distribuzione di CSAM, ti preghiamo di scrivere a <a rel=\"noopener\" data-start=\"6450\" data-end=\"6499\">compliance@in2me.io<\/a>.<\/p>\t\t\t\t\t\t\t\t<\/div>\n\t\t\t\t<\/div>\n\t\t\t\t\t<\/div>\n\t\t\t\t<\/div>\n\t\t\t\t<\/div>","protected":false},"excerpt":{"rendered":"<p>COMBATTING CSAM In2me fights to combat the creation and distribution of child sexual abuse materials (CSAM).In2me is building the safest digital media platform in the world. We do not tolerate CSAM on our platform and actively work to block it. The creation or distribution of CSAM is immoral, wrong, illegal, and against our Terms of [&hellip;]<\/p>","protected":false},"author":1,"featured_media":0,"parent":0,"menu_order":0,"comment_status":"closed","ping_status":"closed","template":"","meta":{"footnotes":""},"class_list":["post-150","page","type-page","status-publish","hentry"],"_links":{"self":[{"href":"https:\/\/policies.in2me.io\/it\/wp-json\/wp\/v2\/pages\/150","targetHints":{"allow":["GET"]}}],"collection":[{"href":"https:\/\/policies.in2me.io\/it\/wp-json\/wp\/v2\/pages"}],"about":[{"href":"https:\/\/policies.in2me.io\/it\/wp-json\/wp\/v2\/types\/page"}],"author":[{"embeddable":true,"href":"https:\/\/policies.in2me.io\/it\/wp-json\/wp\/v2\/users\/1"}],"replies":[{"embeddable":true,"href":"https:\/\/policies.in2me.io\/it\/wp-json\/wp\/v2\/comments?post=150"}],"version-history":[{"count":6,"href":"https:\/\/policies.in2me.io\/it\/wp-json\/wp\/v2\/pages\/150\/revisions"}],"predecessor-version":[{"id":295,"href":"https:\/\/policies.in2me.io\/it\/wp-json\/wp\/v2\/pages\/150\/revisions\/295"}],"wp:attachment":[{"href":"https:\/\/policies.in2me.io\/it\/wp-json\/wp\/v2\/media?parent=150"}],"curies":[{"name":"wp","href":"https:\/\/api.w.org\/{rel}","templated":true}]}}