{"id":142,"date":"2025-04-30T14:31:49","date_gmt":"2025-04-30T14:31:49","guid":{"rendered":"https:\/\/policies.in2me.io\/?page_id=142"},"modified":"2025-05-13T12:22:22","modified_gmt":"2025-05-13T12:22:22","slug":"age-identity-verification","status":"publish","type":"page","link":"https:\/\/policies.in2me.io\/it\/age-identity-verification\/","title":{"rendered":"AGE &#038; IDENTITY VERIFICATION"},"content":{"rendered":"<div data-elementor-type=\"wp-page\" data-elementor-id=\"142\" class=\"elementor elementor-142\" data-elementor-post-type=\"page\">\n\t\t\t\t<div class=\"elementor-element elementor-element-55de53a e-flex e-con-boxed e-con e-parent\" data-id=\"55de53a\" data-element_type=\"container\">\n\t\t\t\t\t<div class=\"e-con-inner\">\n\t\t\t\t<div class=\"elementor-element elementor-element-fc6b8a1 elementor-widget elementor-widget-heading\" data-id=\"fc6b8a1\" data-element_type=\"widget\" data-widget_type=\"heading.default\">\n\t\t\t\t<div class=\"elementor-widget-container\">\n\t\t\t\t\t<h2 class=\"elementor-heading-title elementor-size-default\">VERIFICA DELL'ET\u00c0 E DELL'IDENTIT\u00c0<\/h2>\t\t\t\t<\/div>\n\t\t\t\t<\/div>\n\t\t\t\t<div class=\"elementor-element elementor-element-5d087de elementor-widget elementor-widget-text-editor\" data-id=\"5d087de\" data-element_type=\"widget\" data-widget_type=\"text-editor.default\">\n\t\t\t\t<div class=\"elementor-widget-container\">\n\t\t\t\t\t\t\t\t\t<p class=\"\" data-start=\"148\" data-end=\"306\"><strong data-start=\"148\" data-end=\"203\">Mantenere la nostra community al sicuro \u00e8 una priorit\u00e0 per In2me.<\/strong><br data-start=\"203\" data-end=\"206\">\u00c8 molto importante sapere chi utilizza la nostra piattaforma e che abbia almeno 18 anni.<\/p>\n<h5 data-start=\"308\" data-end=\"374\">Quanti anni deve avere un creator o un fan per accedere ai contenuti su In2me?<br><span style=\"font-size: 16px;\">Devi avere almeno 18 anni per creare un account e accedere ai contenuti sulla piattaforma In2me come Fan o come Creator.<br><\/span><span style=\"font-size: 16px;\">\u00c8 contro i nostri Termini di Servizio e la nostra Politica di Uso Accettabile che chiunque sotto i 18 anni visualizzi, acceda o pubblichi contenuti su In2me.\nInvestiamo molto in tecnologia e team di moderazione umani per garantire il rispetto di questa politica. Se qualcuno cerca di aggirare queste regole, In2me prender\u00e0 i provvedimenti appropriati.<\/span><\/h5>\n<h5 data-start=\"850\" data-end=\"923\">Perch\u00e9 un creator o fan deve avere almeno 18 anni per accedere ai contenuti di In2me?<br><span style=\"font-size: 16px;\">In2me \u00e8 una piattaforma inclusiva basata su abbonamento che permette libert\u00e0 di espressione. Finch\u00e9 i contenuti rispettano i Termini di Servizio e la Politica di Uso Accettabile, i creator hanno la libert\u00e0 di creare e condividere contenuti con i propri fan.<br><\/span><span style=\"font-size: 16px;\">Questa libert\u00e0 deve essere bilanciata con la sicurezza della comunit\u00e0. Ci sono due motivi principali per cui \u00e8 necessario avere almeno 18 anni:<\/span><\/h5>\n<ul data-start=\"1343\" data-end=\"1603\">\n<li class=\"\" data-start=\"1343\" data-end=\"1505\">\n<p class=\"\" data-start=\"1345\" data-end=\"1505\">Per abbonarti o pubblicare contenuti su In2me, devi fornire i dettagli della tua carta di pagamento ed essere legalmente in grado di pagare un servizio in abbonamento.<\/p>\n<\/li>\n<li class=\"\" data-start=\"1506\" data-end=\"1603\">\n<p class=\"\" data-start=\"1508\" data-end=\"1603\">Alcuni dei contenuti disponibili su In2me non sono adatti a persone di et\u00e0 inferiore ai 18 anni.<\/p>\n<\/li>\n<\/ul>\n<p class=\"\" data-start=\"1605\" data-end=\"1703\">Ecco perch\u00e9 tutti i creator e i fan devono avere almeno 18 anni per accedere, visualizzare o pubblicare contenuti su In2me.<\/p>\n<h5 data-start=\"1705\" data-end=\"1782\">Perch\u00e9 In2me adotta tutte queste misure per verificare gli utenti sulla piattaforma?<br><span style=\"font-size: 16px;\">Adottiamo queste misure perch\u00e9 siamo impegnati a proteggere i Creator e i Fan sulla nostra piattaforma e a garantire che i nostri utenti rispettino la legge nei paesi in cui operiamo.<\/span><span style=\"font-size: 16px;\">\u00c8 sia socialmente responsabile che legalmente necessario chiedere ai Creator e ai Fan di fornire queste informazioni a In2me.<\/span><\/h5>\n<h5 data-start=\"2089\" data-end=\"2254\">Ma posso vedere contenuti sessualmente espliciti su altre piattaforme social senza fornire queste informazioni. Perch\u00e9 devo fornirle a In2me?<br><span style=\"font-size: 16px;\">Sebbene contenuti sessualmente espliciti compaiano su molte altre piattaforme che permettono l\u2019accesso anche a utenti minorenni, i Termini di Servizio e la Politica di Uso Accettabile di In2me consentono ai Creator la libert\u00e0 di scegliere i contenuti da creare e condividere con i propri fan, purch\u00e9 rispettino tali politiche.<br><\/span><span style=\"font-size: 16px;\">Riconosciamo e permettiamo la condivisione di contenuti per adulti sulla nostra piattaforma. Ecco perch\u00e9 la nostra politica \u00e8 quella di limitare l\u2019accesso a In2me solo a persone maggiorenni, ed \u00e8 per questo che i Creator e i Fan devono fornire una verifica dell\u2019et\u00e0 e dell\u2019identit\u00e0.<\/span><\/h5>\n<h5 data-start=\"2802\" data-end=\"2880\">Come verifica In2me l\u2019et\u00e0 e l\u2019identit\u00e0 dei Creator e dei Fan?<br><span style=\"font-size: 16px;\">In2me utilizza una combinazione di tecnologia e moderazione umana per verificare l\u2019et\u00e0 e l\u2019identit\u00e0 di Creator e Fan. Gli strumenti, le politiche e le procedure che adottiamo si evolvono costantemente per riflettere le migliori pratiche, la tecnologia pi\u00f9 avanzata e i cambiamenti normativi.<br><\/span><span style=\"font-size: 16px;\">Ad esempio, nel processo di verifica dell\u2019et\u00e0 e dell\u2019identit\u00e0, un Creator deve fornire pi\u00f9 di nove dati e documenti personali prima di poter pubblicare contenuti su In2me, tra cui:<\/span><\/h5>\n<ul data-start=\"3388\" data-end=\"3564\">\n<li class=\"\" data-start=\"3388\" data-end=\"3401\">\n<p class=\"\" data-start=\"3390\" data-end=\"3401\">nome completo<\/p>\n<\/li>\n<li class=\"\" data-start=\"3402\" data-end=\"3428\">\n<p class=\"\" data-start=\"3404\" data-end=\"3428\">indirizzo email verificato<\/p>\n<\/li>\n<li class=\"\" data-start=\"3429\" data-end=\"3447\">\n<p class=\"\" data-start=\"3431\" data-end=\"3447\">indirizzo di residenza<\/p>\n<\/li>\n<li class=\"\" data-start=\"3448\" data-end=\"3465\">\n<p class=\"\" data-start=\"3450\" data-end=\"3465\">data di nascita<\/p>\n<\/li>\n<li class=\"\" data-start=\"3466\" data-end=\"3495\">\n<p class=\"\" data-start=\"3468\" data-end=\"3495\">documento d\u2019identit\u00e0 con foto valido<\/p>\n<\/li>\n<li class=\"\" data-start=\"3496\" data-end=\"3535\">\n<p class=\"\" data-start=\"3498\" data-end=\"3535\">selfie con il documento in mano<\/p>\n<\/li>\n<li class=\"\" data-start=\"3536\" data-end=\"3564\">\n<p class=\"\" data-start=\"3538\" data-end=\"3564\">coordinate bancarie<\/p>\n<\/li>\n<\/ul>\n<p class=\"\" data-start=\"3566\" data-end=\"4082\">A seconda del paese, anche i Fan possono essere tenuti a fornire informazioni personali, conferme, dettagli di pagamento e documenti per accedere ai contenuti.<br data-start=\"3738\" data-end=\"3741\">Dopo l\u2019attivazione dell\u2019account, continuiamo a controllare regolarmente Creator e Fan utilizzando sia strumenti tecnologici che il giudizio umano, e indaghiamo su qualsiasi segnalazione proveniente dalla community o da terze parti, come autorit\u00e0, partner commerciali o ONG.<\/p>\n<h5 data-start=\"4084\" data-end=\"4164\">Chi effettua le verifiche dell\u2019et\u00e0 e dell\u2019identit\u00e0 dei Creator e dei Fan?<br><span style=\"font-size: 16px;\">In2me ha un team dedicato specializzato nella revisione, approvazione e rifiuto delle richieste di account, incluso il controllo e la verifica delle informazioni relative all\u2019et\u00e0 e all\u2019identit\u00e0. Questo team utilizza il giudizio umano per prendere decisioni.<\/span><\/h5>\n<h5 data-start=\"4365\" data-end=\"4418\">Quanti account rifiuta In2me ogni mese?<br><span style=\"font-size: 16px;\">No tenemos una meta establecida para la cantidad de cuentas que aceptamos o rechazamos cada mes.<\/span><\/h5>\n<h5 data-start=\"4503\" data-end=\"4573\">In2me effettua controlli successivi sulla verifica dell\u2019et\u00e0 e dell\u2019identit\u00e0?<br><span style=\"font-size: 16px;\">S\u00ec. Dopo l\u2019apertura di un account, In2me effettua controlli regolari sugli account di Creator e Fan per assicurarsi che l\u2019utente abbia almeno 18 anni e che corrisponda alle informazioni fornite in fase di registrazione.<br><\/span><span style=\"font-size: 16px;\">Inoltre, possiamo imporre controlli aggiuntivi in determinate giurisdizioni ad alto rischio o quando un account viene segnalato per motivi di sicurezza dopo la verifica iniziale.<\/span><\/h5>\n<h5 data-start=\"5003\" data-end=\"5066\">Cosa fa In2me se un Creator non supera il \u201ccontrollo selfie\u201d?<br><span style=\"font-size: 16px;\">Se un Creator non supera il controllo selfie, l\u2019account interessato non potr\u00e0 essere accessibile e i contenuti corrispondenti verranno nascosti. L\u2019account sar\u00e0 poi sottoposto a revisione da parte del nostro team di moderatori esperti, e verranno intraprese le azioni appropriate \u2014 come la richiesta di documenti aggiuntivi, la sospensione o la chiusura dell\u2019account, oppure il blocco dell\u2019indirizzo IP.<\/span><\/h5>\n<h5 data-start=\"5416\" data-end=\"5495\">Per quanto tempo In2me conserva le informazioni sulla verifica dell\u2019et\u00e0 e dell\u2019identit\u00e0?<br><span style=\"font-size: 16px;\">\u00c8 necessario che In2me conservi alcune informazioni sulla verifica dell\u2019et\u00e0 e dell\u2019identit\u00e0 di Creator e Fan per proteggere la nostra community e rispettare le normative vigenti. Puoi trovare ulteriori informazioni sulla durata della conservazione nella nostra Informativa sulla Privacy.<\/span><\/h5>\n<h5 data-start=\"5759\" data-end=\"5854\">Cos\u2019altro fate con le informazioni fornite per la verifica dell\u2019et\u00e0 e dell\u2019identit\u00e0 su In2me?<br><span style=\"font-size: 16px;\">Raccogliamo le informazioni sulla verifica dell\u2019et\u00e0 e dell\u2019identit\u00e0 esclusivamente per mantenere sicura la nostra community. A differenza di altre piattaforme, In2me non monetizza, non vende e non utilizza queste informazioni per alcun altro scopo.<\/span><\/h5>\t\t\t\t\t\t\t\t<\/div>\n\t\t\t\t<\/div>\n\t\t\t\t\t<\/div>\n\t\t\t\t<\/div>\n\t\t\t\t<\/div>","protected":false},"excerpt":{"rendered":"<p>AGE &#038; IDENTITY VERIFICATION Keeping our community safe is a priority for In2me.It is very important that we know who is using our platform and that they are at least 18 years old. How old must a creator or fan be to access content on In2me?You must be at least 18 years old to create [&hellip;]<\/p>","protected":false},"author":1,"featured_media":0,"parent":0,"menu_order":0,"comment_status":"closed","ping_status":"closed","template":"","meta":{"footnotes":""},"class_list":["post-142","page","type-page","status-publish","hentry"],"_links":{"self":[{"href":"https:\/\/policies.in2me.io\/it\/wp-json\/wp\/v2\/pages\/142","targetHints":{"allow":["GET"]}}],"collection":[{"href":"https:\/\/policies.in2me.io\/it\/wp-json\/wp\/v2\/pages"}],"about":[{"href":"https:\/\/policies.in2me.io\/it\/wp-json\/wp\/v2\/types\/page"}],"author":[{"embeddable":true,"href":"https:\/\/policies.in2me.io\/it\/wp-json\/wp\/v2\/users\/1"}],"replies":[{"embeddable":true,"href":"https:\/\/policies.in2me.io\/it\/wp-json\/wp\/v2\/comments?post=142"}],"version-history":[{"count":6,"href":"https:\/\/policies.in2me.io\/it\/wp-json\/wp\/v2\/pages\/142\/revisions"}],"predecessor-version":[{"id":292,"href":"https:\/\/policies.in2me.io\/it\/wp-json\/wp\/v2\/pages\/142\/revisions\/292"}],"wp:attachment":[{"href":"https:\/\/policies.in2me.io\/it\/wp-json\/wp\/v2\/media?parent=142"}],"curies":[{"name":"wp","href":"https:\/\/api.w.org\/{rel}","templated":true}]}}