{"id":136,"date":"2025-04-30T14:19:36","date_gmt":"2025-04-30T14:19:36","guid":{"rendered":"https:\/\/policies.in2me.io\/?page_id=136"},"modified":"2025-05-13T12:23:42","modified_gmt":"2025-05-13T12:23:42","slug":"safety-transparency-center","status":"publish","type":"page","link":"https:\/\/policies.in2me.io\/it\/safety-transparency-center\/","title":{"rendered":"Safety &#038; Transparency Center"},"content":{"rendered":"<div data-elementor-type=\"wp-page\" data-elementor-id=\"136\" class=\"elementor elementor-136\" data-elementor-post-type=\"page\">\n\t\t\t\t<div class=\"elementor-element elementor-element-55344e2 e-flex e-con-boxed e-con e-parent\" data-id=\"55344e2\" data-element_type=\"container\">\n\t\t\t\t\t<div class=\"e-con-inner\">\n\t\t\t\t<div class=\"elementor-element elementor-element-286755d elementor-widget elementor-widget-heading\" data-id=\"286755d\" data-element_type=\"widget\" data-widget_type=\"heading.default\">\n\t\t\t\t<div class=\"elementor-widget-container\">\n\t\t\t\t\t<h2 class=\"elementor-heading-title elementor-size-default\">Centro Sicurezza &amp; Trasparenza<\/h2>\t\t\t\t<\/div>\n\t\t\t\t<\/div>\n\t\t\t\t<div class=\"elementor-element elementor-element-485aea6 elementor-widget elementor-widget-text-editor\" data-id=\"485aea6\" data-element_type=\"widget\" data-widget_type=\"text-editor.default\">\n\t\t\t\t<div class=\"elementor-widget-container\">\n\t\t\t\t\t\t\t\t\t<p class=\"\" data-start=\"168\" data-end=\"387\">In2me d\u00e0 potere ai creatori di tutti i generi di esprimere il proprio potenziale. Siamo impegnati a costruire la piattaforma di media digitale pi\u00f9 sicura al mondo. In2me va oltre i requisiti legali e i nostri pari per offrire una piattaforma sicura per Creatori e Fan, massimizzando allo stesso tempo la libert\u00e0 di Creatori e Fan di controllare e monetizzare i contenuti leciti che producono e visualizzano.<br \/>Questo Centro Sicurezza &amp; Trasparenza \u00e8 progettato per dare a Creatori, Fan e altri stakeholder visibilit\u00e0 su come In2me mantiene sicura la nostra comunit\u00e0 e fornire una panoramica di alcune delle nostre principali misure di sicurezza e trasparenza. Le guide qui sotto sono riepiloghi e devono essere lette insieme ai nostri Termini di Servizio, Politica di Uso Accettabile e Linee Guida della Comunit\u00e0.<\/p><p><a href=\"\/it\/age-identity-verification\/\">\u2013 VERIFICA DELL\u2019ET\u00c0 E DELL\u2019IDENTIT\u00c0<\/a><\/p><p><a href=\"\/it\/appeals-policy\/\">\u2013 POLITICA DI APPELLO<\/a><\/p><p><a href=\"\/it\/combatting-csam\/\">\u2013 CONTRASTO AL CSAM<\/a><\/p><p><a href=\"\/it\/content-moderation-policy\/\">\u2013 POLITICA DI MODERAZIONE DEI CONTENUTI<\/a><\/p><p><a href=\"\/it\/ensuring-consent-for-intimate-images\/\">\u2013 GARANZIA DEL CONSENSO PER IMMAGINI INTIME<\/a><\/p><p><a href=\"\/it\/helping-creators-protect-their-copyright\/\">\u2013 AIUTO AI CREATORI PER PROTEGGERE IL LORO COPYRIGHT<\/a><\/p><p><a href=\"\/it\/safeguarding-against-money-laundering-fraud\/\">\u2013 TUTELA CONTRO IL RICICLAGGIO DI DENARO E LE FRODI<\/a><\/p><p><a href=\"\/it\/tackling-hate-speech\/\">\u2013 CONTRASTO AL DISCURSO D\u2019ODIO<\/a><\/p>\t\t\t\t\t\t\t\t<\/div>\n\t\t\t\t<\/div>\n\t\t\t\t\t<\/div>\n\t\t\t\t<\/div>\n\t\t\t\t<\/div>","protected":false},"excerpt":{"rendered":"<p>Safety &#038; Transparency Center In2me empowers creators from all genres to own their potential. We are committed to building the safest digital media platform in the world. In2me goes above and beyond the legal requirements, and our peers, to provide a safe platform for Creator and Fans while maximizing the freedom of Creators and Fans [&hellip;]<\/p>","protected":false},"author":1,"featured_media":0,"parent":0,"menu_order":0,"comment_status":"closed","ping_status":"closed","template":"","meta":{"footnotes":""},"class_list":["post-136","page","type-page","status-publish","hentry"],"_links":{"self":[{"href":"https:\/\/policies.in2me.io\/it\/wp-json\/wp\/v2\/pages\/136","targetHints":{"allow":["GET"]}}],"collection":[{"href":"https:\/\/policies.in2me.io\/it\/wp-json\/wp\/v2\/pages"}],"about":[{"href":"https:\/\/policies.in2me.io\/it\/wp-json\/wp\/v2\/types\/page"}],"author":[{"embeddable":true,"href":"https:\/\/policies.in2me.io\/it\/wp-json\/wp\/v2\/users\/1"}],"replies":[{"embeddable":true,"href":"https:\/\/policies.in2me.io\/it\/wp-json\/wp\/v2\/comments?post=136"}],"version-history":[{"count":15,"href":"https:\/\/policies.in2me.io\/it\/wp-json\/wp\/v2\/pages\/136\/revisions"}],"predecessor-version":[{"id":298,"href":"https:\/\/policies.in2me.io\/it\/wp-json\/wp\/v2\/pages\/136\/revisions\/298"}],"wp:attachment":[{"href":"https:\/\/policies.in2me.io\/it\/wp-json\/wp\/v2\/media?parent=136"}],"curies":[{"name":"wp","href":"https:\/\/api.w.org\/{rel}","templated":true}]}}