{"id":129,"date":"2025-04-30T14:11:32","date_gmt":"2025-04-30T14:11:32","guid":{"rendered":"https:\/\/policies.in2me.io\/?page_id=129"},"modified":"2025-04-30T14:16:38","modified_gmt":"2025-04-30T14:16:38","slug":"anti-slavery-and-anti-trafficking-statement","status":"publish","type":"page","link":"https:\/\/policies.in2me.io\/it\/anti-slavery-and-anti-trafficking-statement\/","title":{"rendered":"Dichiarazione contro la schiavit\u00f9 e il traffico di esseri umani"},"content":{"rendered":"<div data-elementor-type=\"wp-page\" data-elementor-id=\"129\" class=\"elementor elementor-129\" data-elementor-post-type=\"page\">\n\t\t\t\t<div class=\"elementor-element elementor-element-4f49e06 e-flex e-con-boxed e-con e-parent\" data-id=\"4f49e06\" data-element_type=\"container\">\n\t\t\t\t\t<div class=\"e-con-inner\">\n\t\t\t\t<div class=\"elementor-element elementor-element-e10c2fe elementor-widget elementor-widget-heading\" data-id=\"e10c2fe\" data-element_type=\"widget\" data-widget_type=\"heading.default\">\n\t\t\t\t<div class=\"elementor-widget-container\">\n\t\t\t\t\t<h2 class=\"elementor-heading-title elementor-size-default\">Dichiarazione contro la schiavit\u00f9 e il traffico di esseri umani\n<\/h2>\t\t\t\t<\/div>\n\t\t\t\t<\/div>\n\t\t\t\t<div class=\"elementor-element elementor-element-91d608a elementor-widget elementor-widget-text-editor\" data-id=\"91d608a\" data-element_type=\"widget\" data-widget_type=\"text-editor.default\">\n\t\t\t\t<div class=\"elementor-widget-container\">\n\t\t\t\t\t\t\t\t\t<p class=\"\" data-start=\"168\" data-end=\"387\">In In2me ci impegniamo a rispettare i pi\u00f9 alti standard etici in tutto ci\u00f2 che facciamo. Non tolleriamo nessuna forma di schiavit\u00f9 moderna, traffico di esseri umani, lavoro forzato o sfruttamento all'interno della nostra piattaforma o delle nostre operazioni.<\/p><p class=\"\" data-start=\"389\" data-end=\"737\"><strong data-start=\"389\" data-end=\"407\">Il nostro impegno<\/strong><br data-start=\"407\" data-end=\"410\" \/>In2me si oppone fermamente a tutte le forme di schiavit\u00f9 moderna e traffico di esseri umani. Ci impegniamo a creare un ambiente sicuro, trasparente e rispettoso per tutti gli utenti \u2013 sia creatori che abbonati \u2013 e lavoriamo attivamente per garantire che la nostra piattaforma non venga utilizzata per pratiche illegali o di sfruttamento.<\/p><p class=\"\" data-start=\"739\" data-end=\"806\"><strong data-start=\"739\" data-end=\"776\">Controlli della piattaforma e applicazione<\/strong><br data-start=\"776\" data-end=\"779\" \/>Per sostenere il nostro impegno:<\/p><ul data-start=\"807\" data-end=\"1675\"><li class=\"\" data-start=\"807\" data-end=\"976\"><p class=\"\" data-start=\"809\" data-end=\"976\"><strong data-start=\"809\" data-end=\"830\">Verifica dell\u2019et\u00e0:<\/strong> Tutti i creatori di contenuti devono superare rigorosi controlli di identit\u00e0 e di et\u00e0 prima di poter caricare contenuti o guadagnare.<\/p><\/li><li class=\"\" data-start=\"977\" data-end=\"1194\"><p class=\"\" data-start=\"979\" data-end=\"1194\"><strong data-start=\"979\" data-end=\"1004\">Requisiti di consenso:<\/strong> Sono ammessi solo contenuti prodotti e caricati legalmente e volontariamente. Qualsiasi contenuto sospetto di non consensualit\u00e0 o sfruttamento viene immediatamente indagato e rimosso.<\/p><\/li><li class=\"\" data-start=\"1195\" data-end=\"1454\"><p class=\"\" data-start=\"1197\" data-end=\"1454\"><strong data-start=\"1197\" data-end=\"1226\">Monitoraggio e segnalazione:<\/strong> Il nostro team di moderazione utilizza strumenti automatizzati e revisioni manuali per rilevare e affrontare attivit\u00e0 sospette. Incoraggiamo la nostra comunit\u00e0 a segnalare eventuali problemi tramite gli strumenti di segnalazione o contattando direttamente il nostro supporto.<\/p><\/li><li class=\"\" data-start=\"1455\" data-end=\"1675\"><p class=\"\" data-start=\"1457\" data-end=\"1675\"><strong data-start=\"1457\" data-end=\"1478\">Azione immediata:<\/strong> Collaboriamo pienamente con le forze dell\u2019ordine e le autorit\u00e0 competenti. Qualsiasi account o contenuto collegato al traffico, al lavoro forzato o allo sfruttamento viene immediatamente sospeso e segnalato alle autorit\u00e0.<\/p><\/li><\/ul><p class=\"\" data-start=\"1677\" data-end=\"2040\"><strong data-start=\"1677\" data-end=\"1709\">Catene di fornitura e collaborazioni<\/strong><br data-start=\"1709\" data-end=\"1712\" \/>Sebbene In2me non gestisca catene di fornitura fisiche, ci aspettiamo che tutti i nostri fornitori di servizi terzi \u2013 inclusi processori di pagamento, servizi di verifica dell'identit\u00e0 e altri partner \u2013 operino nel pieno rispetto delle leggi contro la schiavit\u00f9 e il traffico di esseri umani. Eseguiamo controlli di due diligence e valutazioni del rischio quando necessario.<\/p><p class=\"\" data-start=\"2042\" data-end=\"2230\"><strong data-start=\"2042\" data-end=\"2068\">Formazione e consapevolezza<\/strong><br data-start=\"2068\" data-end=\"2071\" \/>Il nostro team \u00e8 formato per riconoscere i segnali di traffico e sfruttamento. L\u2019educazione continua ci consente di rimanere proattivi nella prevenzione dell\u2019uso improprio della nostra piattaforma.<\/p><p class=\"\" data-start=\"2232\" data-end=\"2459\"><strong data-start=\"2232\" data-end=\"2258\">Miglioramento continuo<\/strong><br data-start=\"2258\" data-end=\"2261\" \/>Rivediamo e aggiorniamo regolarmente le nostre politiche per rimanere allineati agli standard globali e alle migliori pratiche nella lotta contro la schiavit\u00f9 moderna e il traffico di esseri umani. Ci impegniamo per la trasparenza e la responsabilit\u00e0.<\/p><p class=\"\" data-start=\"2461\" data-end=\"2622\">Se hai dubbi o desideri segnalare attivit\u00e0 sospette, contatta il nostro Team di Supporto all\u2019indirizzo <strong data-start=\"2566\" data-end=\"2586\"><a rel=\"noopener\" data-start=\"2568\" data-end=\"2584\">support@in2me.io<\/a><\/strong> oppure utilizza il nostro sistema sicuro di segnalazione.<\/p><p class=\"\" data-start=\"2624\" data-end=\"2693\">Insieme possiamo contribuire a creare uno spazio digitale pi\u00f9 sicuro e libero dallo sfruttamento.<\/p>\t\t\t\t\t\t\t\t<\/div>\n\t\t\t\t<\/div>\n\t\t\t\t\t<\/div>\n\t\t\t\t<\/div>\n\t\t\t\t<\/div>","protected":false},"excerpt":{"rendered":"<p>ANTI-SLAVERY AND ANTI-TRAFFICKING STATEMENT At In2me, we are committed to the highest ethical standards in everything we do. We have zero tolerance for modern slavery, human trafficking, forced labor, or any form of exploitation within our platform or operations. Our CommitmentIn2me stands firmly against all forms of modern slavery and human trafficking. We are dedicated [&hellip;]<\/p>","protected":false},"author":1,"featured_media":0,"parent":0,"menu_order":0,"comment_status":"closed","ping_status":"closed","template":"","meta":{"footnotes":""},"class_list":["post-129","page","type-page","status-publish","hentry"],"_links":{"self":[{"href":"https:\/\/policies.in2me.io\/it\/wp-json\/wp\/v2\/pages\/129","targetHints":{"allow":["GET"]}}],"collection":[{"href":"https:\/\/policies.in2me.io\/it\/wp-json\/wp\/v2\/pages"}],"about":[{"href":"https:\/\/policies.in2me.io\/it\/wp-json\/wp\/v2\/types\/page"}],"author":[{"embeddable":true,"href":"https:\/\/policies.in2me.io\/it\/wp-json\/wp\/v2\/users\/1"}],"replies":[{"embeddable":true,"href":"https:\/\/policies.in2me.io\/it\/wp-json\/wp\/v2\/comments?post=129"}],"version-history":[{"count":6,"href":"https:\/\/policies.in2me.io\/it\/wp-json\/wp\/v2\/pages\/129\/revisions"}],"predecessor-version":[{"id":135,"href":"https:\/\/policies.in2me.io\/it\/wp-json\/wp\/v2\/pages\/129\/revisions\/135"}],"wp:attachment":[{"href":"https:\/\/policies.in2me.io\/it\/wp-json\/wp\/v2\/media?parent=129"}],"curies":[{"name":"wp","href":"https:\/\/api.w.org\/{rel}","templated":true}]}}