{"id":173,"date":"2025-04-30T14:51:11","date_gmt":"2025-04-30T14:51:11","guid":{"rendered":"https:\/\/policies.in2me.io\/?page_id=173"},"modified":"2025-04-30T14:53:01","modified_gmt":"2025-04-30T14:53:01","slug":"tackling-hate-speech","status":"publish","type":"page","link":"https:\/\/policies.in2me.io\/es\/tackling-hate-speech\/","title":{"rendered":"ABORDANDO EL DISCURSO DE ODIO"},"content":{"rendered":"<div data-elementor-type=\"wp-page\" data-elementor-id=\"173\" class=\"elementor elementor-173\" data-elementor-post-type=\"page\">\n\t\t\t\t<div class=\"elementor-element elementor-element-377aef4 e-flex e-con-boxed e-con e-parent\" data-id=\"377aef4\" data-element_type=\"container\">\n\t\t\t\t\t<div class=\"e-con-inner\">\n\t\t\t\t<div class=\"elementor-element elementor-element-41559c6 elementor-widget elementor-widget-heading\" data-id=\"41559c6\" data-element_type=\"widget\" data-widget_type=\"heading.default\">\n\t\t\t\t<div class=\"elementor-widget-container\">\n\t\t\t\t\t<h2 class=\"elementor-heading-title elementor-size-default\">ABORDANDO EL DISCURSO DE ODIO<\/h2>\t\t\t\t<\/div>\n\t\t\t\t<\/div>\n\t\t\t\t<div class=\"elementor-element elementor-element-8a1e63f elementor-widget elementor-widget-text-editor\" data-id=\"8a1e63f\" data-element_type=\"widget\" data-widget_type=\"text-editor.default\">\n\t\t\t\t<div class=\"elementor-widget-container\">\n\t\t\t\t\t\t\t\t\t<p class=\"\" data-start=\"269\" data-end=\"579\"><strong data-start=\"269\" data-end=\"361\">In2me es un espacio para que creadores y fans sean quienes son y se expresen libremente.<\/strong> Este compromiso con la libertad de expresi\u00f3n se equilibra con nuestra dedicaci\u00f3n a asegurar que todos los creadores y fans se sientan seguros en nuestra plataforma. In2me <strong data-start=\"505\" data-end=\"566\">no tolera discursos de odio, discriminaci\u00f3n o amenazas<\/strong> de ninguna forma.<\/p><h5 data-start=\"586\" data-end=\"635\">\u00bfQu\u00e9 tipo de contenido no est\u00e1 permitido en In2me?<\/h5><p class=\"\" data-start=\"637\" data-end=\"805\">In2me&#8217;s <a rel=\"noopener\" data-start=\"645\" data-end=\"666\">Condiciones de uso<\/a> y <a rel=\"noopener\" data-start=\"671\" data-end=\"697\">Pol\u00edtica de uso aceptable<\/a> declarar claramente que, entre otras cosas, los siguientes tipos de contenido son <strong data-start=\"773\" data-end=\"788\">no permitidos<\/strong> en la plataforma:<\/p><ul data-start=\"807\" data-end=\"1535\"><li class=\"\" data-start=\"807\" data-end=\"1265\"><p class=\"\" data-start=\"809\" data-end=\"1265\">Contenido que <strong data-start=\"822\" data-end=\"882\">contiene, promueve, anuncia o se refiere a discursos de odio<\/strong>incluido material destinado a vilipendiar, humillar, deshumanizar, excluir, atacar, amenazar o incitar al odio, miedo o violencia contra individuos o grupos bas\u00e1ndose en raza, etnia, origen nacional, estatus migratorio, casta, religi\u00f3n, sexo, identidad o expresi\u00f3n de g\u00e9nero, orientaci\u00f3n sexual, edad, discapacidad, enfermedad grave, condici\u00f3n de veterano u otra caracter\u00edstica protegida.<\/p><\/li><li class=\"\" data-start=\"1266\" data-end=\"1439\"><p class=\"\" data-start=\"1268\" data-end=\"1439\">Contenido que es <strong data-start=\"1284\" data-end=\"1371\">ilegal, fraudulento, difamatorio, odioso, discriminatorio, amenazante o acosador<\/strong>o que fomenta o promueve la violencia o cualquier actividad ilegal.<\/p><\/li><li class=\"\" data-start=\"1440\" data-end=\"1535\"><p class=\"\" data-start=\"1442\" data-end=\"1535\">Contenido que <strong data-start=\"1455\" data-end=\"1499\">representa o se refiere a armas de fuego o armas<\/strong> de manera amenazante o violenta.<\/p><\/li><\/ul><h5 data-start=\"1542\" data-end=\"1619\">\u00bfEl modelo de suscripci\u00f3n de In2me permite discursos de odio o contenido abusivo?<\/h5><p class=\"\" data-start=\"1621\" data-end=\"1914\"><strong data-start=\"1621\" data-end=\"1628\">No.<\/strong> De hecho, el modelo de suscripci\u00f3n de In2me ayuda <strong data-start=\"1671\" data-end=\"1681\">reducir<\/strong> la probabilidad de que se compartan discursos de odio, discriminaci\u00f3n o amenazas. Porque la plataforma <strong data-start=\"1780\" data-end=\"1811\">no permite publicaciones an\u00f3nimas<\/strong>, todos los usuarios \u2014 sean creadores o suscriptores \u2014 deben <strong data-start=\"1874\" data-end=\"1913\">controles estrictos de verificaci\u00f3n de identidad<\/strong>.<\/p><p class=\"\" data-start=\"1916\" data-end=\"2194\">A diferencia de muchas otras plataformas digitales, In2me <strong data-start=\"1959\" data-end=\"2004\">conoce la identidad legal de todos sus usuarios<\/strong>, lo que disuade a los usuarios de publicar o compartir contenido de odio, amenazante o discriminatorio. Adem\u00e1s, debido a que el contenido en In2me est\u00e1 detr\u00e1s de un muro de pago, es menos probable que \u201cse vuelva viral\u201d.<\/p><h5 data-start=\"2201\" data-end=\"2259\">\u00bfC\u00f3mo detecta In2me el discurso de odio o el comportamiento abusivo?<\/h5><p class=\"\" data-start=\"2261\" data-end=\"2402\">In2me <strong data-start=\"2267\" data-end=\"2305\">no utiliza cifrado de extremo a extremo<\/strong>Todo en la plataforma, incluidos los mensajes directos, es visible para nuestro equipo de moderaci\u00f3n capacitado.<\/p><p class=\"\" data-start=\"2404\" data-end=\"2783\">Nosotros continuamente <strong data-start=\"2420\" data-end=\"2484\">escanear la plataforma usando herramientas autom\u00e1ticas y moderadores humanos<\/strong> para identificar y prevenir la publicaci\u00f3n de contenido que viole nuestros T\u00e9rminos de servicio o la Pol\u00edtica de uso aceptable. Adem\u00e1s, <strong data-start=\"2606\" data-end=\"2629\">reportes de la comunidad<\/strong> desempe\u00f1a un papel importante. Cada publicaci\u00f3n, mensaje, imagen y video en la plataforma incluye un bot\u00f3n de reporte que los usuarios pueden usar para se\u00f1alar contenido inapropiado.<\/p><p class=\"\" data-start=\"2785\" data-end=\"2864\">In2me puede revisar y eliminar <strong data-start=\"2813\" data-end=\"2851\">any post, message, image, or video<\/strong> en cualquier momento.<\/p><h5 data-start=\"2871\" data-end=\"2936\">\u00bfQu\u00e9 pasa cuando In2me encuentra discursos de odio o contenido abusivo?<\/h5><p class=\"\" data-start=\"2938\" data-end=\"3142\">Si In2me identifica o recibe un reporte de <strong data-start=\"2982\" data-end=\"3048\">sospecha de discurso de odio, comportamiento discriminatorio o amenazante<\/strong>, el contenido es <strong data-start=\"3065\" data-end=\"3105\">eliminado inmediatamente de la vista p\u00fablica<\/strong> y revisado por nuestro equipo de moderaci\u00f3n.<\/p><p class=\"\" data-start=\"3144\" data-end=\"3265\">Si el contenido viola nuestros T\u00e9rminos de servicio o la Pol\u00edtica de uso aceptable, In2me toma las medidas adecuadas, que pueden incluir:<\/p><ul data-start=\"3267\" data-end=\"3352\"><li class=\"\" data-start=\"3267\" data-end=\"3287\"><p class=\"\" data-start=\"3269\" data-end=\"3287\">Una advertencia formal<\/p><\/li><li class=\"\" data-start=\"3288\" data-end=\"3320\"><p class=\"\" data-start=\"3290\" data-end=\"3320\">Suspensi\u00f3n temporal de la cuenta<\/p><\/li><li class=\"\" data-start=\"3321\" data-end=\"3352\"><p class=\"\" data-start=\"3323\" data-end=\"3352\">Terminaci\u00f3n permanente de la cuenta<\/p><\/li><\/ul><h5 data-start=\"3359\" data-end=\"3397\">\u00bfPuede In2me revisar los mensajes privados?<\/h5><p class=\"\" data-start=\"3399\" data-end=\"3630\">S\u00ed. In2me no utiliza cifrado de extremo a extremo. Hay <strong data-start=\"3456\" data-end=\"3515\">no hay publicaciones ocultas, mensajes que desaparecen ni \u00e1reas secretas<\/strong> en la plataforma. Nuestro equipo de moderaci\u00f3n puede revisar y eliminar <strong data-start=\"3575\" data-end=\"3613\">cualquier mensaje directo o publicaci\u00f3n privada<\/strong> compartido en In2me.<\/p><h5 data-start=\"3637\" data-end=\"3688\">\u00bfC\u00f3mo denuncio discursos de odio o contenido abusivo?<\/h5><p class=\"\" data-start=\"3690\" data-end=\"3878\">Cada publicaci\u00f3n, mensaje y cuenta en In2me incluye un <strong data-start=\"3742\" data-end=\"3759\">report button<\/strong>. Si encuentras contenido que crees que viola nuestras pol\u00edticas sobre discursos de odio o abuso, por favor haz clic en el bot\u00f3n de reporte.<\/p><p class=\"\" data-start=\"3880\" data-end=\"4011\">Alternativamente, puedes enviarnos un correo electr\u00f3nico directamente a <a rel=\"noopener\" data-start=\"3924\" data-end=\"3967\">support@in2me.io<\/a> con detalles sobre el contenido en cuesti\u00f3n.<\/p>\t\t\t\t\t\t\t\t<\/div>\n\t\t\t\t<\/div>\n\t\t\t\t\t<\/div>\n\t\t\t\t<\/div>\n\t\t\t\t<\/div>","protected":false},"excerpt":{"rendered":"<p>TACKLING HATE SPEECH In2me is a space for creators and fans to be who they are and express themselves freely. This commitment to freedom of expression is balanced by our dedication to ensuring that all creators and fans feel safe on our platform. In2me does not tolerate hate speech, discrimination, or threats in any form. [&hellip;]<\/p>","protected":false},"author":1,"featured_media":0,"parent":0,"menu_order":0,"comment_status":"closed","ping_status":"closed","template":"","meta":{"footnotes":""},"class_list":["post-173","page","type-page","status-publish","hentry"],"_links":{"self":[{"href":"https:\/\/policies.in2me.io\/es\/wp-json\/wp\/v2\/pages\/173","targetHints":{"allow":["GET"]}}],"collection":[{"href":"https:\/\/policies.in2me.io\/es\/wp-json\/wp\/v2\/pages"}],"about":[{"href":"https:\/\/policies.in2me.io\/es\/wp-json\/wp\/v2\/types\/page"}],"author":[{"embeddable":true,"href":"https:\/\/policies.in2me.io\/es\/wp-json\/wp\/v2\/users\/1"}],"replies":[{"embeddable":true,"href":"https:\/\/policies.in2me.io\/es\/wp-json\/wp\/v2\/comments?post=173"}],"version-history":[{"count":4,"href":"https:\/\/policies.in2me.io\/es\/wp-json\/wp\/v2\/pages\/173\/revisions"}],"predecessor-version":[{"id":177,"href":"https:\/\/policies.in2me.io\/es\/wp-json\/wp\/v2\/pages\/173\/revisions\/177"}],"wp:attachment":[{"href":"https:\/\/policies.in2me.io\/es\/wp-json\/wp\/v2\/media?parent=173"}],"curies":[{"name":"wp","href":"https:\/\/api.w.org\/{rel}","templated":true}]}}