{"id":168,"date":"2025-04-30T14:49:42","date_gmt":"2025-04-30T14:49:42","guid":{"rendered":"https:\/\/policies.in2me.io\/?page_id=168"},"modified":"2025-04-30T14:51:01","modified_gmt":"2025-04-30T14:51:01","slug":"safeguarding-against-money-laundering-fraud","status":"publish","type":"page","link":"https:\/\/policies.in2me.io\/es\/safeguarding-against-money-laundering-fraud\/","title":{"rendered":"SAFEGUARDING AGAINST MONEY LAUNDERING &#038; FRAUD"},"content":{"rendered":"<div data-elementor-type=\"wp-page\" data-elementor-id=\"168\" class=\"elementor elementor-168\" data-elementor-post-type=\"page\">\n\t\t\t\t<div class=\"elementor-element elementor-element-2cf1073 e-flex e-con-boxed e-con e-parent\" data-id=\"2cf1073\" data-element_type=\"container\">\n\t\t\t\t\t<div class=\"e-con-inner\">\n\t\t\t\t<div class=\"elementor-element elementor-element-460c0be elementor-widget elementor-widget-heading\" data-id=\"460c0be\" data-element_type=\"widget\" data-widget_type=\"heading.default\">\n\t\t\t\t<div class=\"elementor-widget-container\">\n\t\t\t\t\t<h2 class=\"elementor-heading-title elementor-size-default\">PROTECCI\u00d3N CONTRA EL BLANQUEO DE CAPITALES Y EL FRAUDE<\/h2>\t\t\t\t<\/div>\n\t\t\t\t<\/div>\n\t\t\t\t<div class=\"elementor-element elementor-element-8ab195c elementor-widget elementor-widget-text-editor\" data-id=\"8ab195c\" data-element_type=\"widget\" data-widget_type=\"text-editor.default\">\n\t\t\t\t<div class=\"elementor-widget-container\">\n\t\t\t\t\t\t\t\t\t<p class=\"\" data-start=\"167\" data-end=\"377\"><strong data-start=\"167\" data-end=\"239\">Money laundering and fraud are illegal and harmful to our community.<\/strong> In2me ha establecido m\u00faltiples controles para prevenir, detectar y abordar cualquier posible actividad fraudulenta o de blanqueo de capitales en nuestra plataforma.<\/p><h5 data-start=\"384\" data-end=\"413\">\u00bfQu\u00e9 es el blanqueo de capitales?<\/h5><p class=\"\" data-start=\"415\" data-end=\"762\"><strong data-start=\"415\" data-end=\"435\">Blanqueo de dinero<\/strong> se refiere al proceso ilegal de disfrazar el origen del dinero obtenido mediante actividades delictivas. Esto se suele hacer pas\u00e1ndolo a trav\u00e9s de sistemas o servicios financieros leg\u00edtimos, como la banca o las compras, para que los fondos parezcan proceder de una fuente legal. El dinero \u00absucio\u00bb se \u00abblanquea\u00bb as\u00ed para que parezca \u00ablimpio\u00bb.<\/p><p class=\"\" data-start=\"764\" data-end=\"953\">In2me does <strong data-start=\"775\" data-end=\"791\">no tolerar<\/strong> blanqueo de capitales. Hemos implantado una amplia gama de herramientas, pol\u00edticas y procedimientos para detectar e impedir cualquier intento de uso indebido de nuestra plataforma con este fin.<\/p><h5 data-start=\"960\" data-end=\"978\">Qu\u00e9 es el fraude?<\/h5><p class=\"\" data-start=\"980\" data-end=\"1112\"><strong data-start=\"980\" data-end=\"989\">Fraude<\/strong> es el acto ilegal de obtener dinero o algo de valor enga\u00f1ando a otra persona o a un tercero.<\/p><p class=\"\" data-start=\"1114\" data-end=\"1266\">El fraude es <strong data-start=\"1123\" data-end=\"1146\">estrictamente prohibido<\/strong> en In2me. Utilizamos varias herramientas y procesos para detectar y evitar que se produzcan actividades fraudulentas en la plataforma.<\/p><h5 data-start=\"1273\" data-end=\"1340\">C\u00f3mo aborda In2me los riesgos de blanqueo de capitales y fraude?<\/h5><p class=\"\" data-start=\"1342\" data-end=\"1615\">In2me tiene un <strong data-start=\"1354\" data-end=\"1372\">equipo dedicado<\/strong> especializado en identificar y prevenir el blanqueo de capitales y el fraude. Este equipo utiliza una combinaci\u00f3n de <strong data-start=\"1480\" data-end=\"1499\">experiencia humana<\/strong>, <strong data-start=\"1501\" data-end=\"1527\">tecnolog\u00eda patentada<\/strong>y <strong data-start=\"1533\" data-end=\"1554\">herramientas de terceros<\/strong> para detectar actividades sospechosas e investigarlas a fondo.<\/p><p class=\"\" data-start=\"1617\" data-end=\"1681\">Nuestros empleados est\u00e1n formados para reconocer <strong data-start=\"1656\" data-end=\"1669\">banderas rojas<\/strong>incluyendo:<\/p><ul data-start=\"1683\" data-end=\"2109\"><li class=\"\" data-start=\"1683\" data-end=\"1739\"><p class=\"\" data-start=\"1685\" data-end=\"1739\">M\u00faltiples intentos de pago con tarjeta bajo diferentes nombres<\/p><\/li><li class=\"\" data-start=\"1740\" data-end=\"1778\"><p class=\"\" data-start=\"1742\" data-end=\"1778\">Compras r\u00e1pidas o inusualmente grandes<\/p><\/li><li class=\"\" data-start=\"1779\" data-end=\"1834\"><p class=\"\" data-start=\"1781\" data-end=\"1834\">Transacciones desde direcciones IP marcadas o de alto riesgo<\/p><\/li><li class=\"\" data-start=\"1835\" data-end=\"1902\"><p class=\"\" data-start=\"1837\" data-end=\"1902\">Transacciones en las que Fan y Creator utilizan la misma direcci\u00f3n IP<\/p><\/li><li class=\"\" data-start=\"1903\" data-end=\"2006\"><p class=\"\" data-start=\"1905\" data-end=\"2006\">Comportamiento sospechoso de las cuentas, como las de nueva creaci\u00f3n o las que utilizan dominios de correo electr\u00f3nico poco fiables.<\/p><\/li><li class=\"\" data-start=\"2007\" data-end=\"2109\"><p class=\"\" data-start=\"2009\" data-end=\"2109\">Mensajes directos sugerentes (por ejemplo, solicitudes de reembolsos parciales a trav\u00e9s de servicios de pago de terceros).<\/p><\/li><\/ul><h5 data-start=\"2116\" data-end=\"2169\">Es frecuente el blanqueo de dinero o el fraude en In2me?<\/h5><p class=\"\" data-start=\"2171\" data-end=\"2377\">Muy raro. Debido a que In2me <strong data-start=\"2197\" data-end=\"2240\">procedimientos s\u00f3lidos de verificaci\u00f3n de la identidad<\/strong>, <strong data-start=\"2242\" data-end=\"2266\">l\u00edmites transaccionales<\/strong>y <strong data-start=\"2272\" data-end=\"2297\">herramientas de detecci\u00f3n del fraude<\/strong>Los incidentes de blanqueo de dinero o fraude en la plataforma son extremadamente infrecuentes.<\/p><p class=\"\" data-start=\"2379\" data-end=\"2578\">Cuando se descubre que un usuario ha infringido nuestras pol\u00edticas o ha participado en una actividad ilegal, podemos identificarlo r\u00e1pidamente, eliminarlo de la plataforma y, en su caso, denunciarlo a las fuerzas de seguridad.<\/p><h5 data-start=\"2585\" data-end=\"2655\">\u00bfEst\u00e1 formado el equipo de In2me para reconocer el blanqueo de capitales y el fraude?<\/h5><p class=\"\" data-start=\"2657\" data-end=\"2814\">S\u00ed. El equipo de fraude y cumplimiento de In2me es <strong data-start=\"2699\" data-end=\"2720\">formaci\u00f3n rutinaria<\/strong> sobre las mejores pr\u00e1cticas m\u00e1s recientes del sector para identificar y prevenir comportamientos sospechosos o ilegales.<\/p><h5 data-start=\"2821\" data-end=\"2884\">\u00bfQu\u00e9 ocurre cuando In2me sospecha de blanqueo de capitales o fraude?<\/h5><p class=\"\" data-start=\"2886\" data-end=\"3154\">Si se detecta o denuncia un comportamiento sospechoso, In2me inicia una investigaci\u00f3n interna. Es posible que <strong data-start=\"2984\" data-end=\"3004\">suspender cuentas<\/strong>, <strong data-start=\"3006\" data-end=\"3029\">congelar transacciones<\/strong>o <strong data-start=\"3034\" data-end=\"3061\">eliminar contenidos espec\u00edficos<\/strong> mientras dure la investigaci\u00f3n. Tambi\u00e9n colaboramos estrechamente con las fuerzas de seguridad cuando es necesario.<\/p><h5 data-start=\"3161\" data-end=\"3216\">\u00bfC\u00f3mo cumple In2me las sanciones internacionales?<\/h5><p class=\"\" data-start=\"3218\" data-end=\"3409\">In2me cumple todos los <strong data-start=\"3251\" data-end=\"3299\">reg\u00edmenes de sanciones nacionales e internacionales<\/strong>. Nos asociamos con servicios de terceros para cotejar usuarios y transacciones con bases de datos oficiales, incluidas:<\/p><ul data-start=\"3411\" data-end=\"3593\"><li class=\"\" data-start=\"3411\" data-end=\"3528\"><p class=\"\" data-start=\"3413\" data-end=\"3528\">EE.UU. <strong data-start=\"3422\" data-end=\"3465\">Oficina de Control de Activos Extranjeros (OFAC)<\/strong> - Lista de Nacionales Espec\u00edficamente Designados y Personas Bloqueadas<\/p><\/li><li class=\"\" data-start=\"3529\" data-end=\"3593\"><p class=\"\" data-start=\"3531\" data-end=\"3593\">Reino Unido <strong data-start=\"3538\" data-end=\"3593\">Oficina de Ejecuci\u00f3n de Sanciones Financieras (OFSI)<\/strong><\/p><\/li><\/ul><p class=\"\" data-start=\"3595\" data-end=\"3723\">Cumplimos todas las obligaciones legales si un usuario o una transacci\u00f3n relacionada implica un <strong data-start=\"3669\" data-end=\"3722\">persona, entidad, pa\u00eds o regi\u00f3n sancionados<\/strong>.<\/p><h5 data-start=\"3730\" data-end=\"3776\">\u00bfCoopera In2me con las fuerzas del orden?<\/h5><p class=\"\" data-start=\"3778\" data-end=\"3982\">S\u00ed. Denunciamos las sospechas de fraude o blanqueo de capitales a las fuerzas y cuerpos de seguridad del Estado. <strong data-start=\"3852\" data-end=\"3872\">responder con prontitud<\/strong> a investigaciones oficiales del gobierno y de las fuerzas de seguridad relacionadas con actividades potencialmente il\u00edcitas en nuestra plataforma.<\/p>\t\t\t\t\t\t\t\t<\/div>\n\t\t\t\t<\/div>\n\t\t\t\t\t<\/div>\n\t\t\t\t<\/div>\n\t\t\t\t<\/div>","protected":false},"excerpt":{"rendered":"<p>SAFEGUARDING AGAINST MONEY LAUNDERING &#038; FRAUD Money laundering and fraud are illegal and harmful to our community. In2me has established multiple controls to prevent, detect, and address any potential fraud or money laundering activity on our platform. What is money laundering? Money laundering refers to the illegal process of disguising the origins of money obtained [&hellip;]<\/p>","protected":false},"author":1,"featured_media":0,"parent":0,"menu_order":0,"comment_status":"closed","ping_status":"closed","template":"","meta":{"footnotes":""},"class_list":["post-168","page","type-page","status-publish","hentry"],"_links":{"self":[{"href":"https:\/\/policies.in2me.io\/es\/wp-json\/wp\/v2\/pages\/168","targetHints":{"allow":["GET"]}}],"collection":[{"href":"https:\/\/policies.in2me.io\/es\/wp-json\/wp\/v2\/pages"}],"about":[{"href":"https:\/\/policies.in2me.io\/es\/wp-json\/wp\/v2\/types\/page"}],"author":[{"embeddable":true,"href":"https:\/\/policies.in2me.io\/es\/wp-json\/wp\/v2\/users\/1"}],"replies":[{"embeddable":true,"href":"https:\/\/policies.in2me.io\/es\/wp-json\/wp\/v2\/comments?post=168"}],"version-history":[{"count":4,"href":"https:\/\/policies.in2me.io\/es\/wp-json\/wp\/v2\/pages\/168\/revisions"}],"predecessor-version":[{"id":172,"href":"https:\/\/policies.in2me.io\/es\/wp-json\/wp\/v2\/pages\/168\/revisions\/172"}],"wp:attachment":[{"href":"https:\/\/policies.in2me.io\/es\/wp-json\/wp\/v2\/media?parent=168"}],"curies":[{"name":"wp","href":"https:\/\/api.w.org\/{rel}","templated":true}]}}