{"id":163,"date":"2025-04-30T14:45:37","date_gmt":"2025-04-30T14:45:37","guid":{"rendered":"https:\/\/policies.in2me.io\/?page_id=163"},"modified":"2025-04-30T14:48:12","modified_gmt":"2025-04-30T14:48:12","slug":"helping-creators-protect-their-copyright","status":"publish","type":"page","link":"https:\/\/policies.in2me.io\/es\/helping-creators-protect-their-copyright\/","title":{"rendered":"AYUDANDO A LOS CREADORES A PROTEGER SU DERECHO DE AUTOR"},"content":{"rendered":"<div data-elementor-type=\"wp-page\" data-elementor-id=\"163\" class=\"elementor elementor-163\" data-elementor-post-type=\"page\">\n\t\t\t\t<div class=\"elementor-element elementor-element-de8ac7f e-flex e-con-boxed e-con e-parent\" data-id=\"de8ac7f\" data-element_type=\"container\">\n\t\t\t\t\t<div class=\"e-con-inner\">\n\t\t\t\t<div class=\"elementor-element elementor-element-e452551 elementor-widget elementor-widget-heading\" data-id=\"e452551\" data-element_type=\"widget\" data-widget_type=\"heading.default\">\n\t\t\t\t<div class=\"elementor-widget-container\">\n\t\t\t\t\t<h2 class=\"elementor-heading-title elementor-size-default\">AYUDANDO A LOS CREADORES A PROTEGER SU DERECHO DE AUTOR\n<\/h2>\t\t\t\t<\/div>\n\t\t\t\t<\/div>\n\t\t\t\t<div class=\"elementor-element elementor-element-7e034c8 elementor-widget elementor-widget-text-editor\" data-id=\"7e034c8\" data-element_type=\"widget\" data-widget_type=\"text-editor.default\">\n\t\t\t\t<div class=\"elementor-widget-container\">\n\t\t\t\t\t\t\t\t\t<p class=\"\" data-start=\"172\" data-end=\"360\"><strong data-start=\"172\" data-end=\"238\">La misi\u00f3n de In2me es empoderar a los Creadores para que sean due\u00f1os de su potencial.<\/strong> Estamos comprometidos a brindar a los Creadores un entorno seguro donde puedan compartir y monetizar el contenido que crean.<\/p><p class=\"\" data-start=\"362\" data-end=\"535\"><strong data-start=\"362\" data-end=\"395\">Robar contenido es ilegal.<\/strong> Adem\u00e1s de nuestras otras medidas de seguridad y moderaci\u00f3n de contenido, In2me cuenta con un equipo dedicado a ayudar a los Creadores a proteger su contenido.<\/p><h5 data-start=\"542\" data-end=\"589\">\u00bfQui\u00e9n es el propietario del contenido en la plataforma In2me?<\/h5><p class=\"\" data-start=\"591\" data-end=\"760\">Cada Creador es propietario del contenido que elige publicar en In2me. Al publicar contenido, los Creadores otorgan a In2me el derecho legal de mostrar ese contenido a sus seguidores en la plataforma.<\/p><h5 data-start=\"767\" data-end=\"837\">\u00bfOfrece In2me a los Creadores herramientas para ayudar a proteger su contenido?<\/h5><p class=\"\" data-start=\"839\" data-end=\"1041\">S\u00ed. In2me proporciona una herramienta digital gratuita <strong data-start=\"874\" data-end=\"890\">marca de agua<\/strong> Un servicio gratuito para todos los Creadores. Una marca de agua es un texto digital ligero colocado sobre el contenido de un Creador para dificultar su copia o reutilizaci\u00f3n sin permiso.<\/p><p class=\"\" data-start=\"1043\" data-end=\"1220\">Los Creadores pueden personalizar su marca de agua en su <strong data-start=\"1091\" data-end=\"1113\">Privacidad y Seguridad<\/strong> Configuraci\u00f3n. Si necesitas ayuda, puedes contactar con nuestro equipo de soporte. <a class=\"\" href=\"https:\/\/in2me.io\/contacts\" target=\"_new\" rel=\"noopener\" data-start=\"1186\" data-end=\"1219\">link<\/a>.<\/p><h5 data-start=\"1227\" data-end=\"1333\">Soy un creador y mi contenido ha sido publicado en otro sitio web sin mi permiso. \u00bfPuede In2me ayudarme?<\/h5><p class=\"\" data-start=\"1335\" data-end=\"1556\">S\u00ed. In2me apoya a los creadores en la defensa de sus derechos de autor. Puedes reportar infracciones de copyright a In2me haciendo clic. <a class=\"\" href=\"https:\/\/in2me.io\/contacts\" target=\"_new\" rel=\"noopener\" data-start=\"1447\" data-end=\"1480\">here<\/a> y seleccionando <strong data-start=\"1495\" data-end=\"1525\">Denuncia de contenido robado<\/strong>Investigaremos de inmediato.<\/p><p class=\"\" data-start=\"1558\" data-end=\"1762\">Contamos con un equipo dedicado que emite formales <strong data-start=\"1602\" data-end=\"1627\">notificaciones de retirada DMCA<\/strong> En nombre de los creadores, sin costo. Incluso si vives fuera de EE. UU., tu contenido est\u00e1 protegido por las leyes internacionales de derechos de autor.<\/p><p class=\"\" data-start=\"1764\" data-end=\"1896\">Notificamos a los proveedores de alojamiento, registradores de dominios y a los principales motores de b\u00fasqueda cuando contenido robado a los creadores aparece en otros sitios en l\u00ednea.<\/p><h5 data-start=\"1903\" data-end=\"1998\">He reportado contenido robado a In2me, pero no ha sido eliminado del otro sitio. \u00bfPor qu\u00e9?<\/h5><p class=\"\" data-start=\"2000\" data-end=\"2255\">In2me hace todo lo posible para que se elimine el contenido robado, pero algunos sitios web no respetan las leyes de derechos de autor ni cumplen con las solicitudes de retirada. Animamos a los creadores a que contacten directamente con esos sitios y, si es necesario, a que inicien acciones legales formales de forma independiente.<\/p><h5 data-start=\"2262\" data-end=\"2329\">\u00bfQu\u00e9 m\u00e1s hace In2me para ayudar a los creadores a proteger su contenido?<\/h5><p class=\"\" data-start=\"2331\" data-end=\"2552\">In2me escanea proactivamente Internet para identificar sitios que alojan grandes cantidades de contenido robado a los creadores. Cuando es apropiado, contactamos a esas plataformas y solicitamos la retirada. Algunos cumplen, mientras que otros pueden ignorar la solicitud.<\/p><h5 data-start=\"2559\" data-end=\"2651\">Soy un creador con base en EE. UU. \u00bfExisten otras opciones legales adem\u00e1s de un aviso DMCA o una demanda?<\/h5><p class=\"\" data-start=\"2653\" data-end=\"2934\">S\u00ed. Desde el 16 de junio de 2022, los creadores estadounidenses que buscan menos de 30.000 $ en compensaci\u00f3n pueden presentar una reclamaci\u00f3n ante <strong data-start=\"2761\" data-end=\"2787\">Junta de Reclamaciones de Derechos de Autor<\/strong> Bajo la Ley CASE. Presentar la demanda cuesta 100 $ y no requiere contratar a un abogado ni comparecer en la corte. Esto se puede hacer adem\u00e1s del apoyo de In2me.<\/p><h5 data-start=\"2941\" data-end=\"3033\">Soy un creador con base en el Reino Unido. \u00bfExisten otras opciones legales adem\u00e1s de un aviso DMCA o una demanda?<\/h5><p class=\"\" data-start=\"3035\" data-end=\"3228\">S\u00ed. Los creadores del Reino Unido que buscan una compensaci\u00f3n inferior a \u00a310,000 pueden presentar una reclamaci\u00f3n ante <strong data-start=\"3108\" data-end=\"3167\">Tribunal de Propiedad Intelectual y Reclamos Menores Empresariales<\/strong>, con costos equivalentes a los procedimientos est\u00e1ndar de reclamaciones menores.<\/p><h5 data-start=\"3235\" data-end=\"3328\">Soy un creador con base en la UE. \u00bfExisten otras opciones legales adem\u00e1s de un aviso DMCA o una demanda?<\/h5><p class=\"\" data-start=\"3330\" data-end=\"3472\">S\u00ed. El procedimiento europeo de reclamaciones menores permite a los creadores de cualquier pa\u00eds miembro presentar <strong data-start=\"3411\" data-end=\"3444\">reclamaciones de derechos de autor transfronterizas<\/strong> a trav\u00e9s de sus tribunales locales.<\/p><p class=\"\" data-start=\"3474\" data-end=\"3618\">Adem\u00e1s, seg\u00fan el <strong data-start=\"3497\" data-end=\"3521\">Ley de Servicios Digitales<\/strong>, los sitios web de la UE pronto estar\u00e1n legalmente obligados a eliminar contenido infractor si un creador lo reporta.<\/p><h5 data-start=\"3625\" data-end=\"3720\">Soy un creador y alguien public\u00f3 mi contenido en In2me sin mi permiso. \u00bfPuede In2me ayudar?<\/h5><p class=\"\" data-start=\"3722\" data-end=\"3969\">S\u00ed. Todo el contenido publicado es revisado bajo el <strong data-start=\"3772\" data-end=\"3792\">Condiciones de uso<\/strong> y <strong data-start=\"3797\" data-end=\"3822\">Pol\u00edtica de uso aceptable<\/strong>Los creadores verificados deben etiquetarse en el contenido, y un <strong data-start=\"3880\" data-end=\"3896\">formulario de autorizaci\u00f3n<\/strong> debe ser presentado para cualquier persona que aparezca y que no sea un creador verificado.<\/p><p class=\"\" data-start=\"3971\" data-end=\"4190\">Para reportar contenido robado, ve a <a class=\"\" href=\"https:\/\/in2me.io\/contacts\" target=\"_new\" rel=\"noopener\" data-start=\"4003\" data-end=\"4057\">https:\/\/in2me.io\/contacts<\/a> y selecciona <strong data-start=\"4069\" data-end=\"4100\">Reporte de contenido robado.<\/strong> Incluye tu nombre, datos de contacto, una descripci\u00f3n de tu queja y la URL del contenido.<\/p><p class=\"\" data-start=\"4192\" data-end=\"4587\">Si apareces en contenido publicado sin tu permiso, selecciona <strong data-start=\"4256\" data-end=\"4291\">Fuerzas del orden \/ Asuntos legales<\/strong> en la misma p\u00e1gina. Revisamos todos estos casos bajo nuestra <strong data-start=\"4345\" data-end=\"4366\">Pol\u00edtica de quejas<\/strong>Si se confirma contenido no consensuado, ser\u00e1 eliminado y se tomar\u00e1n medidas contra el usuario que lo public\u00f3. Las disputas que no puedan resolverse de manera informal pueden ser presentadas a <strong data-start=\"4548\" data-end=\"4571\">arbitraje neutral<\/strong> a nuestro cargo.<\/p><h5 data-start=\"4594\" data-end=\"4661\">\u00bfQu\u00e9 debo hacer si creo que el contenido ha sido eliminado por error?<\/h5><p class=\"\" data-start=\"4663\" data-end=\"4841\">Si eres un creador y crees que tu contenido fue eliminado por error por infracci\u00f3n de derechos de autor, por favor sigue nuestra <a class=\"\" href=\"https:\/\/in2me.io\/contacts\" target=\"_new\" rel=\"noopener\" data-start=\"4775\" data-end=\"4840\">DMCA Counter-Notification Procedures<\/a>.<\/p><h5 data-start=\"4848\" data-end=\"4930\">Soy un fan y he pagado para acceder al contenido de un creador. \u00bfSoy propietario de ese contenido?<\/h5><p class=\"\" data-start=\"4932\" data-end=\"5093\">No. Los fans pagan para <strong data-start=\"4948\" data-end=\"4956\">ver<\/strong> ver contenido, pero todo el contenido sigue siendo propiedad del creador. El contenido de pago por visi\u00f3n est\u00e1 disponible solo durante el per\u00edodo de acceso especificado.<\/p><h5 data-start=\"5100\" data-end=\"5176\">Soy un fan y he pagado para acceder al contenido. \u00bfPuedo descargarlo?<\/h5><p class=\"\" data-start=\"5178\" data-end=\"5301\">No. Descargar o copiar contenido es una <strong data-start=\"5218\" data-end=\"5259\">violaci\u00f3n de los T\u00e9rminos de Servicio de In2me<\/strong>In2me no permite la descarga de contenidos.<\/p>\t\t\t\t\t\t\t\t<\/div>\n\t\t\t\t<\/div>\n\t\t\t\t\t<\/div>\n\t\t\t\t<\/div>\n\t\t\t\t<\/div>","protected":false},"excerpt":{"rendered":"<p>HELPING CREATORS PROTECT THEIR COPYRIGHT In2me\u2019s mission is to empower Creators to own their potential. We are committed to providing Creators with a safe environment where they can share and monetize the content they create. Stealing content is unlawful. In addition to our other safety and content moderation measures, In2me has a dedicated team working [&hellip;]<\/p>","protected":false},"author":1,"featured_media":0,"parent":0,"menu_order":0,"comment_status":"closed","ping_status":"closed","template":"","meta":{"footnotes":""},"class_list":["post-163","page","type-page","status-publish","hentry"],"_links":{"self":[{"href":"https:\/\/policies.in2me.io\/es\/wp-json\/wp\/v2\/pages\/163","targetHints":{"allow":["GET"]}}],"collection":[{"href":"https:\/\/policies.in2me.io\/es\/wp-json\/wp\/v2\/pages"}],"about":[{"href":"https:\/\/policies.in2me.io\/es\/wp-json\/wp\/v2\/types\/page"}],"author":[{"embeddable":true,"href":"https:\/\/policies.in2me.io\/es\/wp-json\/wp\/v2\/users\/1"}],"replies":[{"embeddable":true,"href":"https:\/\/policies.in2me.io\/es\/wp-json\/wp\/v2\/comments?post=163"}],"version-history":[{"count":4,"href":"https:\/\/policies.in2me.io\/es\/wp-json\/wp\/v2\/pages\/163\/revisions"}],"predecessor-version":[{"id":167,"href":"https:\/\/policies.in2me.io\/es\/wp-json\/wp\/v2\/pages\/163\/revisions\/167"}],"wp:attachment":[{"href":"https:\/\/policies.in2me.io\/es\/wp-json\/wp\/v2\/media?parent=163"}],"curies":[{"name":"wp","href":"https:\/\/api.w.org\/{rel}","templated":true}]}}