{"id":159,"date":"2025-04-30T14:42:07","date_gmt":"2025-04-30T14:42:07","guid":{"rendered":"https:\/\/policies.in2me.io\/?page_id=159"},"modified":"2025-04-30T14:44:05","modified_gmt":"2025-04-30T14:44:05","slug":"ensuring-consent-for-intimate-images","status":"publish","type":"page","link":"https:\/\/policies.in2me.io\/es\/ensuring-consent-for-intimate-images\/","title":{"rendered":"ASEGURANDO EL CONSENTIMIENTO PARA IM\u00c1GENES \u00cdNTIMAS"},"content":{"rendered":"<div data-elementor-type=\"wp-page\" data-elementor-id=\"159\" class=\"elementor elementor-159\" data-elementor-post-type=\"page\">\n\t\t\t\t<div class=\"elementor-element elementor-element-c32ceb4 e-flex e-con-boxed e-con e-parent\" data-id=\"c32ceb4\" data-element_type=\"container\">\n\t\t\t\t\t<div class=\"e-con-inner\">\n\t\t\t\t<div class=\"elementor-element elementor-element-f105d41 elementor-widget elementor-widget-heading\" data-id=\"f105d41\" data-element_type=\"widget\" data-widget_type=\"heading.default\">\n\t\t\t\t<div class=\"elementor-widget-container\">\n\t\t\t\t\t<h2 class=\"elementor-heading-title elementor-size-default\">ASEGURANDO EL CONSENTIMIENTO PARA IM\u00c1GENES \u00cdNTIMAS<\/h2>\t\t\t\t<\/div>\n\t\t\t\t<\/div>\n\t\t\t\t<div class=\"elementor-element elementor-element-7e05529 elementor-widget elementor-widget-text-editor\" data-id=\"7e05529\" data-element_type=\"widget\" data-widget_type=\"text-editor.default\">\n\t\t\t\t<div class=\"elementor-widget-container\">\n\t\t\t\t\t\t\t\t\t<p class=\"\" data-start=\"158\" data-end=\"387\"><strong data-start=\"158\" data-end=\"387\">In2me permite a los Creadores de todos los g\u00e9neros conectar con sus fans y monetizar contenido legal. Los usuarios no pueden publicar ni compartir fotos o videos \u00edntimos de alguien que hayan sido producidos o distribuidos sin su consentimiento en In2me.<\/strong><\/p><p class=\"\" data-start=\"389\" data-end=\"557\">Compartir im\u00e1genes \u00edntimas no consensuadas (NCII) va en contra de los T\u00e9rminos de Servicio de In2me. In2me tomar\u00e1 medidas contra cualquiera que intente abusar de la plataforma de esta manera.<\/p><h5 data-start=\"564\" data-end=\"608\">\u00bfQu\u00e9 es una imagen \u00edntima no consensuada?<\/h5><p class=\"\" data-start=\"610\" data-end=\"856\">Una imagen \u00edntima no consensuada (NCII) es una imagen o video sexualmente expl\u00edcito de alguien que se toma y\/o comparte sin su consentimiento. Esto incluye im\u00e1genes o videos tomados en un entorno \u00edntimo que no estaban destinados a la distribuci\u00f3n p\u00fablica.<\/p><h5 data-start=\"863\" data-end=\"926\">\u00bfC\u00f3mo evita In2me la compartici\u00f3n de NCII en su plataforma?<\/h5><p class=\"\" data-start=\"928\" data-end=\"1178\">Cada Creador es personalmente y legalmente responsable del contenido que comparte en In2me. Est\u00e1 en contra de los T\u00e9rminos de Servicio de In2me que los Creadores publiquen, suban o compartan contenido expl\u00edcito que involucre a otra persona sin el consentimiento expreso de esa persona.<\/p><p class=\"\" data-start=\"1180\" data-end=\"1498\">Los Creadores deben asegurarse de tener el consentimiento informado de cualquier persona que aparezca en el contenido expl\u00edcito que desean compartir en In2me. In2me toma medidas para confirmar la edad y la identidad de cualquier persona que aparezca en contenido expl\u00edcito, y que haya consentido el uso de su imagen antes de que el contenido sea compartido en la plataforma.<\/p><h5 data-start=\"1505\" data-end=\"1568\">\u00bfQu\u00e9 sucede si In2me encuentra NCII sospechoso en su plataforma?<\/h5><p class=\"\" data-start=\"1570\" data-end=\"1793\">Si identificamos NCII sospechoso en nuestra plataforma, lo eliminamos. Investigamos inmediatamente a cualquier usuario que intente compartir NCII en In2me, y suspendemos y prohibimos permanentemente a cualquier usuario que haya compartido o intentado compartir NCII.<\/p><p class=\"\" data-start=\"1795\" data-end=\"2083\">Trabajamos con las agencias de cumplimiento de la ley para apoyar las investigaciones y enjuiciamientos de quienes compartan NCII en In2me. A diferencia de muchas otras plataformas en l\u00ednea, todos los usuarios de In2me est\u00e1n verificados, lo que significa que podemos proporcionar a las autoridades informaci\u00f3n \u00fatil para ayudar en sus investigaciones.<\/p><h5 data-start=\"2090\" data-end=\"2125\">\u00bfC\u00f3mo reporto NCII sospechoso?<\/h5><p class=\"\" data-start=\"2127\" data-end=\"2387\">Cada publicaci\u00f3n y cuenta en In2me tiene un bot\u00f3n de reporte. Si ves alg\u00fan contenido en In2me que sospeches que pueda ser NCII, por favor haz clic en el bot\u00f3n de reporte de inmediato. Alternativamente, puedes informarnos de lo que viste enviando un correo a <a rel=\"noopener\" data-start=\"2343\" data-end=\"2386\">support@in2me.io<\/a>.<\/p><h5 data-start=\"2394\" data-end=\"2500\">\u00bfQu\u00e9 pasa si antes consent\u00ed que una imagen \u00edntima m\u00eda apareciera en In2me, pero ahora he cambiado de opini\u00f3n?<\/h5><p class=\"\" data-start=\"2502\" data-end=\"2756\">Si alguien que aparece en contenido en In2me nos dice que ya no consiente que ese contenido sea compartido, lo eliminamos. Puedes contactar con <a rel=\"noopener\" data-start=\"2646\" data-end=\"2689\">support@in2me.io<\/a> en cualquier momento para retirar tu consentimiento para que las im\u00e1genes aparezcan en In2me.<\/p><h5 data-start=\"2763\" data-end=\"2827\">\u00bfQu\u00e9 m\u00e1s hace In2me para prevenir la distribuci\u00f3n de NCII?<\/h5><p class=\"\" data-start=\"2829\" data-end=\"3097\">Nos asociamos con <strong data-start=\"2845\" data-end=\"2861\">StopNCII.org<\/strong>, una herramienta que permite a las personas \u2018hashear\u2019 sus im\u00e1genes o videos \u00edntimos. El hashing crea un identificador \u00fanico a partir de los metadatos del medio. Esta informaci\u00f3n se a\u00f1ade a la lista de hashes de StopNCII y se comparte con socios de la industria como In2me.<\/p><p class=\"\" data-start=\"3099\" data-end=\"3267\">La lista de hashes de StopNCII est\u00e1 integrada con la plataforma In2me. Si alguien intenta subir una imagen que ha sido hasheada por StopNCII, se bloquea la subida.<\/p><p class=\"\" data-start=\"3269\" data-end=\"3374\">Puedes obtener m\u00e1s informaci\u00f3n en: <a class=\"\" href=\"https:\/\/stopncii.org\" target=\"_new\" rel=\"noopener\" data-start=\"3295\" data-end=\"3374\">Stop Non-Consensual Intimate Image Abuse | StopNCII.org<\/a><\/p><p class=\"\" data-start=\"3376\" data-end=\"3498\">Tambi\u00e9n proporcionamos informaci\u00f3n sobre StopNCII y otros servicios de apoyo a quienes reportan abuso de im\u00e1genes \u00edntimas a In2me.<\/p>\t\t\t\t\t\t\t\t<\/div>\n\t\t\t\t<\/div>\n\t\t\t\t\t<\/div>\n\t\t\t\t<\/div>\n\t\t\t\t<\/div>","protected":false},"excerpt":{"rendered":"<p>ENSURING CONSENT FOR INTIMATE IMAGES In2me empowers Creators from all genres to connect with their fans and monetize legal content. Users may not post or share intimate photos or videos of someone that were produced or distributed without their consent on In2me. Sharing Non-Consensual Intimate Images (NCII) is against In2me\u2019s Terms of Service. In2me will [&hellip;]<\/p>","protected":false},"author":1,"featured_media":0,"parent":0,"menu_order":0,"comment_status":"closed","ping_status":"closed","template":"","meta":{"footnotes":""},"class_list":["post-159","page","type-page","status-publish","hentry"],"_links":{"self":[{"href":"https:\/\/policies.in2me.io\/es\/wp-json\/wp\/v2\/pages\/159","targetHints":{"allow":["GET"]}}],"collection":[{"href":"https:\/\/policies.in2me.io\/es\/wp-json\/wp\/v2\/pages"}],"about":[{"href":"https:\/\/policies.in2me.io\/es\/wp-json\/wp\/v2\/types\/page"}],"author":[{"embeddable":true,"href":"https:\/\/policies.in2me.io\/es\/wp-json\/wp\/v2\/users\/1"}],"replies":[{"embeddable":true,"href":"https:\/\/policies.in2me.io\/es\/wp-json\/wp\/v2\/comments?post=159"}],"version-history":[{"count":3,"href":"https:\/\/policies.in2me.io\/es\/wp-json\/wp\/v2\/pages\/159\/revisions"}],"predecessor-version":[{"id":162,"href":"https:\/\/policies.in2me.io\/es\/wp-json\/wp\/v2\/pages\/159\/revisions\/162"}],"wp:attachment":[{"href":"https:\/\/policies.in2me.io\/es\/wp-json\/wp\/v2\/media?parent=159"}],"curies":[{"name":"wp","href":"https:\/\/api.w.org\/{rel}","templated":true}]}}