{"id":154,"date":"2025-04-30T14:38:56","date_gmt":"2025-04-30T14:38:56","guid":{"rendered":"https:\/\/policies.in2me.io\/?page_id=154"},"modified":"2025-04-30T14:41:32","modified_gmt":"2025-04-30T14:41:32","slug":"content-moderation-policy","status":"publish","type":"page","link":"https:\/\/policies.in2me.io\/es\/content-moderation-policy\/","title":{"rendered":"POL\u00cdTICA DE MODERACI\u00d3N DE CONTENIDOS"},"content":{"rendered":"<div data-elementor-type=\"wp-page\" data-elementor-id=\"154\" class=\"elementor elementor-154\" data-elementor-post-type=\"page\">\n\t\t\t\t<div class=\"elementor-element elementor-element-f77c4fc e-flex e-con-boxed e-con e-parent\" data-id=\"f77c4fc\" data-element_type=\"container\">\n\t\t\t\t\t<div class=\"e-con-inner\">\n\t\t\t\t<div class=\"elementor-element elementor-element-1913cd5 elementor-widget elementor-widget-heading\" data-id=\"1913cd5\" data-element_type=\"widget\" data-widget_type=\"heading.default\">\n\t\t\t\t<div class=\"elementor-widget-container\">\n\t\t\t\t\t<h2 class=\"elementor-heading-title elementor-size-default\">POL\u00cdTICA DE MODERACI\u00d3N DE CONTENIDOS<\/h2>\t\t\t\t<\/div>\n\t\t\t\t<\/div>\n\t\t\t\t<div class=\"elementor-element elementor-element-ddf8266 elementor-widget elementor-widget-text-editor\" data-id=\"ddf8266\" data-element_type=\"widget\" data-widget_type=\"text-editor.default\">\n\t\t\t\t<div class=\"elementor-widget-container\">\n\t\t\t\t\t\t\t\t\t<p class=\"\" data-start=\"158\" data-end=\"233\"><strong data-start=\"158\" data-end=\"233\">Al utilizar este sitio web, usted acepta esta pol\u00edtica - l\u00e9ala atentamente<\/strong><\/p><h5 data-start=\"240\" data-end=\"260\">\u2981 Introducci\u00f3n<\/h5><p class=\"\" data-start=\"261\" data-end=\"627\">El presente documento establece la Pol\u00edtica de moderaci\u00f3n de contenidos de In2me (\u00abPol\u00edtica\u00bb). Esta Pol\u00edtica explica cu\u00e1ndo, por qu\u00e9 y c\u00f3mo In2me puede moderar el Contenido, y c\u00f3mo se gestiona el Contenido que infringe las Condiciones de servicio de In2me. Si usted es un Usuario de In2me, esta Pol\u00edtica forma parte de su acuerdo legal con In2me. Por favor, lea atentamente esta Pol\u00edtica en su totalidad. A continuaci\u00f3n se indican algunos aspectos clave que debe tener en cuenta:<\/p><ul data-start=\"629\" data-end=\"956\"><li class=\"\" data-start=\"629\" data-end=\"730\"><p class=\"\" data-start=\"631\" data-end=\"730\">Nuestras Condiciones de servicio y Directrices de la comunidad explican lo que est\u00e1 y lo que no est\u00e1 permitido en In2me.<\/p><\/li><li class=\"\" data-start=\"731\" data-end=\"956\"><p class=\"\" data-start=\"733\" data-end=\"956\">Las apelaciones relativas a una decisi\u00f3n de desactivar contenidos, desactivar una cuenta o emitir una advertencia final deben dirigirse enviando un correo electr\u00f3nico a <a rel=\"noopener\" data-start=\"875\" data-end=\"924\">compliance@in2me.io<\/a>, con sujeci\u00f3n a nuestra pol\u00edtica de recursos.<\/p><\/li><\/ul><h5 data-start=\"963\" data-end=\"985\">\u2981 Interpretaci\u00f3n<\/h5><p class=\"\" data-start=\"986\" data-end=\"1133\">Salvo que se definan espec\u00edficamente en la presente p\u00f3liza, los significados dados a las palabras definidas en la <a rel=\"noopener\" data-start=\"1073\" data-end=\"1094\">Condiciones de uso<\/a> tienen el mismo significado en esta Pol\u00edtica.<\/p><h5 data-start=\"1140\" data-end=\"1176\">\u2981 Cuando In2me modera el contenido<\/h5><p class=\"\" data-start=\"1177\" data-end=\"1409\">Aunque In2me es un espacio para que creadores y aficionados sean quienes son y se expresen libremente, moderamos los contenidos para comprobar si cumplen nuestras Condiciones de servicio, que incluyen nuestra Pol\u00edtica de uso aceptable y las Directrices de la comunidad.<\/p><h5 data-start=\"1416\" data-end=\"1447\">\u2981 Por qu\u00e9 moderamos los contenidos<\/h5><p class=\"\" data-start=\"1448\" data-end=\"1653\">In2me erm\u00f6glicht es Urhebern, ihre Inhalte zu monetarisieren und sich mit ihrer Fangemeinde zu verbinden. Um unsere Nutzergemeinschaft zu sch\u00fctzen, kann In2me Inhalte moderieren, ist aber nicht dazu verpflichtet, damit sie den Nutzungsbedingungen von In2me entsprechen.<\/p><h5 data-start=\"1660\" data-end=\"1692\">Qu\u00e9 contenido moderamos<\/h5><p class=\"\" data-start=\"1693\" data-end=\"1833\">En cualquier momento, podemos decidir revisar y eliminar el contenido compartido en In2me, incluyendo texto, audio, im\u00e1genes, mensajes directos y videos.<\/p><h5 data-start=\"1840\" data-end=\"1871\">C\u00f3mo moderamos el contenido<\/h5><p class=\"\" data-start=\"1872\" data-end=\"2110\">In2me utiliza tecnolog\u00edas digitales de \u00faltima generaci\u00f3n junto con la moderaci\u00f3n humana para comprobar si el contenido est\u00e1 permitido. Nuestros moderadores capacitados identifican y eliminan cualquier contenido que consideren que viola nuestros T\u00e9rminos de Servicio.<\/p><h5 data-start=\"2117\" data-end=\"2171\">Qu\u00e9 tecnolog\u00eda utiliza In2me para moderar el contenido<\/h5><p class=\"\" data-start=\"2172\" data-end=\"2285\">Utilizamos una variedad de herramientas tecnol\u00f3gicas para identificar contenido que pueda infringir nuestros T\u00e9rminos de Servicio. Estas incluyen:<\/p><ul data-start=\"2286\" data-end=\"2605\"><li class=\"\" data-start=\"2286\" data-end=\"2605\"><p class=\"\" data-start=\"2288\" data-end=\"2605\"><strong data-start=\"2288\" data-end=\"2328\">Tecnolog\u00edas de escaneo de im\u00e1genes y texto<\/strong>Estas herramientas ayudan a nuestros moderadores humanos a priorizar el contenido que revisan. Escanean autom\u00e1ticamente medios y textos en busca de posibles infracciones de nuestros T\u00e9rminos de Servicio. Estas posibles infracciones pueden ser revisadas posteriormente por moderadores humanos antes de tomar cualquier decisi\u00f3n de desactivar el contenido.<\/p><\/li><\/ul><h5 data-start=\"2612\" data-end=\"2660\">Consecuencias de compartir contenido inapropiado<\/h5><p class=\"\" data-start=\"2661\" data-end=\"2893\">Si un usuario comparte contenido que viola los T\u00e9rminos de Servicio de In2me, podemos:<br data-start=\"2733\" data-end=\"2736\" \/>desactivar el contenido<br data-start=\"2761\" data-end=\"2764\" \/>ii. emitir una advertencia<br data-start=\"2783\" data-end=\"2786\" \/>iii. emitir una advertencia final<br data-start=\"2812\" data-end=\"2815\" \/>iv. desactivar la cuenta<br data-start=\"2841\" data-end=\"2844\" \/>v. prohibir al titular de la cuenta el acceso a la plataforma In2me<\/p><p class=\"\" data-start=\"2895\" data-end=\"3113\">Si un usuario comete violaciones graves o publica repetidamente contenido que infringe los T\u00e9rminos de Servicio de In2me, podemos suspender o cancelar su(s) cuenta(s) y prohibirle abrir nuevas cuentas en In2me.<\/p><h5 data-start=\"3120\" data-end=\"3169\">Algunas de las razones por las que podemos eliminar contenido<\/h5><p class=\"\" data-start=\"3170\" data-end=\"4096\">Eliminamos contenido principalmente por violaciones a nuestra Pol\u00edtica de Uso Aceptable, por ejemplo, contenido que:<br data-start=\"3273\" data-end=\"3276\" \/>i. presenta a un creador cuya edad no podemos verificar como mayor de 18 a\u00f1os<br data-start=\"3321\" data-end=\"3324\" \/>ii. presenta a un creador cuya identidad no podemos verificar, incluyendo cuentas o contenido generado completamente por IA<br data-start=\"3439\" data-end=\"3442\" \/>iii. presenta a un creador que finge ser menor de 18 a\u00f1os, incluso si es un juego de roles o ficci\u00f3n<br data-start=\"3529\" data-end=\"3532\" \/>iv. es sexualmente expl\u00edcito e incluye a una persona que no es el creador verificado y que no ha confirmado su edad, identidad o consentimiento<br data-start=\"3664\" data-end=\"3667\" \/>v. implica desnudez en un lugar p\u00fablico o cerca de animales<br data-start=\"3721\" data-end=\"3724\" \/>vi. es ilegal donde vives o donde se captur\u00f3 el contenido<br data-start=\"3787\" data-end=\"3790\" \/>vii. presenta sangre o podr\u00eda considerarse violento o extremo<br data-start=\"3851\" data-end=\"3854\" \/>viii. presenta armas o drogas ilegales<br data-start=\"3893\" data-end=\"3896\" \/>ix. presenta un objeto cotidiano utilizado de una manera que probablemente cause da\u00f1o, incluyendo su uso como juguete sexual<br data-start=\"4009\" data-end=\"4012\" \/>x. se refiere a encuentros en persona entre creadores y fans, incluyendo rifas y concursos<\/p><h5 data-start=\"4103\" data-end=\"4126\">Contenido ilegal<\/h5><p class=\"\" data-start=\"4127\" data-end=\"4467\">In2me desactivar\u00e1 el contenido y, cuando sea apropiado, realizar\u00e1 un informe a las autoridades. Reportamos todos los casos sospechosos de CSAM al National Center for Missing and Exploited Children a trav\u00e9s de su CyberTipline. Puedes leer m\u00e1s sobre c\u00f3mo cumplimos con nuestras obligaciones de compartir datos en nuestro <a rel=\"noopener\" data-start=\"4413\" data-end=\"4432\">Pol\u00edtica de privacidad<\/a> y c\u00f3mo asistimos a las autoridades.<\/p><h5 data-start=\"4474\" data-end=\"4521\">Apelaci\u00f3n de una decisi\u00f3n de moderaci\u00f3n de contenido<\/h5><p class=\"\" data-start=\"4522\" data-end=\"4715\">Si crees que In2me desactiv\u00f3 incorrectamente tu contenido o cuenta, puedes apelar la decisi\u00f3n completando un formulario. <strong data-start=\"4637\" data-end=\"4671\">Formulario de apelaci\u00f3n por desactivaci\u00f3n de In2me<\/strong> de acuerdo con nuestro <a rel=\"noopener\" data-start=\"4695\" data-end=\"4714\">Pol\u00edtica de apelaciones<\/a>.<\/p>\t\t\t\t\t\t\t\t<\/div>\n\t\t\t\t<\/div>\n\t\t\t\t\t<\/div>\n\t\t\t\t<\/div>\n\t\t\t\t<\/div>","protected":false},"excerpt":{"rendered":"<p>CONTENT MODERATION POLICY By using this website, you agree to this policy \u2013 please read carefully \u2981 Introduction This document sets out In2me\u2019s Content Moderation Policy (\u201cPolicy\u201d). This Policy explains when, why, and how In2me can moderate Content, and how Content that violates In2me\u2019s Terms of Service is handled. If you are an In2me User, [&hellip;]<\/p>","protected":false},"author":1,"featured_media":0,"parent":0,"menu_order":0,"comment_status":"closed","ping_status":"closed","template":"","meta":{"footnotes":""},"class_list":["post-154","page","type-page","status-publish","hentry"],"_links":{"self":[{"href":"https:\/\/policies.in2me.io\/es\/wp-json\/wp\/v2\/pages\/154","targetHints":{"allow":["GET"]}}],"collection":[{"href":"https:\/\/policies.in2me.io\/es\/wp-json\/wp\/v2\/pages"}],"about":[{"href":"https:\/\/policies.in2me.io\/es\/wp-json\/wp\/v2\/types\/page"}],"author":[{"embeddable":true,"href":"https:\/\/policies.in2me.io\/es\/wp-json\/wp\/v2\/users\/1"}],"replies":[{"embeddable":true,"href":"https:\/\/policies.in2me.io\/es\/wp-json\/wp\/v2\/comments?post=154"}],"version-history":[{"count":3,"href":"https:\/\/policies.in2me.io\/es\/wp-json\/wp\/v2\/pages\/154\/revisions"}],"predecessor-version":[{"id":157,"href":"https:\/\/policies.in2me.io\/es\/wp-json\/wp\/v2\/pages\/154\/revisions\/157"}],"wp:attachment":[{"href":"https:\/\/policies.in2me.io\/es\/wp-json\/wp\/v2\/media?parent=154"}],"curies":[{"name":"wp","href":"https:\/\/api.w.org\/{rel}","templated":true}]}}