{"id":150,"date":"2025-04-30T14:36:50","date_gmt":"2025-04-30T14:36:50","guid":{"rendered":"https:\/\/policies.in2me.io\/?page_id=150"},"modified":"2025-05-13T12:23:22","modified_gmt":"2025-05-13T12:23:22","slug":"combatting-csam","status":"publish","type":"page","link":"https:\/\/policies.in2me.io\/es\/combatting-csam\/","title":{"rendered":"COMBATE AL CSAM"},"content":{"rendered":"<div data-elementor-type=\"wp-page\" data-elementor-id=\"150\" class=\"elementor elementor-150\" data-elementor-post-type=\"page\">\n\t\t\t\t<div class=\"elementor-element elementor-element-5422e0c e-flex e-con-boxed e-con e-parent\" data-id=\"5422e0c\" data-element_type=\"container\">\n\t\t\t\t\t<div class=\"e-con-inner\">\n\t\t\t\t<div class=\"elementor-element elementor-element-7ab958d elementor-widget elementor-widget-heading\" data-id=\"7ab958d\" data-element_type=\"widget\" data-widget_type=\"heading.default\">\n\t\t\t\t<div class=\"elementor-widget-container\">\n\t\t\t\t\t<h2 class=\"elementor-heading-title elementor-size-default\">COMBATE AL CSAM<\/h2>\t\t\t\t<\/div>\n\t\t\t\t<\/div>\n\t\t\t\t<div class=\"elementor-element elementor-element-6f1c168 elementor-widget elementor-widget-text-editor\" data-id=\"6f1c168\" data-element_type=\"widget\" data-widget_type=\"text-editor.default\">\n\t\t\t\t<div class=\"elementor-widget-container\">\n\t\t\t\t\t\t\t\t\t<p class=\"\" data-start=\"146\" data-end=\"641\"><strong data-start=\"146\" data-end=\"242\">In2me lucha contra la creaci\u00f3n y distribuci\u00f3n de material de abuso sexual infantil (CSAM).<\/strong><br data-start=\"242\" data-end=\"245\" \/>In2me est\u00e1 construyendo la plataforma de medios digitales m\u00e1s segura del mundo. No toleramos el CSAM en nuestra plataforma y trabajamos activamente para bloquearlo. La creaci\u00f3n o distribuci\u00f3n de CSAM es inmoral, err\u00f3nea, ilegal y va en contra de nuestras Condiciones de servicio y nuestra Pol\u00edtica de uso aceptable.<br data-start=\"510\" data-end=\"513\" \/>We have a dedicated team of people who work around the clock to prevent and swiftly remove any suspected CSAM from our platform.<\/p><h5 data-start=\"643\" data-end=\"662\">Qu\u00e9 es el CSAM?<\/h5><p class=\"\" data-start=\"663\" data-end=\"840\">El CSAM es cualquier imagen o video de conducta sexual expl\u00edcita, incluida la desnudez, que involucre a una persona menor de 18 a\u00f1os. Estas im\u00e1genes constituyen abuso y explotaci\u00f3n sexual infantil.<\/p><h5 data-start=\"842\" data-end=\"884\">Con qu\u00e9 frecuencia aparece el CSAM en In2me?<\/h5><p class=\"\" data-start=\"885\" data-end=\"1373\">In2me act\u00faa agresivamente contra las personas que crean o intentan usar nuestra plataforma para distribuir CSAM.<br data-start=\"988\" data-end=\"991\" \/>Los incidentes sospechosos de CSAM representan menos del 0.0002% de todo el contenido enviado por los creadores para publicarse en In2me. Reportamos todos los incidentes sospechosos de CSAM a NCMEC. Cada imagen o video sospechoso es bloqueado y eliminado de la plataforma mientras lo investigamos. Muchas de esas im\u00e1genes sospechosas no resultan ser CSAM y\/o son bloqueadas antes de aparecer en In2me.<\/p><h5 data-start=\"1375\" data-end=\"1426\">C\u00f3mo identifica In2me el CSAM en su plataforma?<\/h5><p class=\"\" data-start=\"1427\" data-end=\"1959\">Escaneamos continuamente nuestra plataforma para prevenir la publicaci\u00f3n de CSAM. Todos nuestros moderadores de contenido est\u00e1n capacitados para identificar y reportar r\u00e1pidamente cualquier CSAM sospechoso.<br data-start=\"1582\" data-end=\"1585\" \/>Antes de que el contenido aparezca en un feed de noticias, lo inspeccionamos con tecnolog\u00edas digitales de \u00faltima generaci\u00f3n para verificar si el contenido est\u00e1 permitido en la plataforma. Todo contenido que pase esta revisi\u00f3n inicial es luego revisado manualmente por nuestros moderadores humanos capacitados dentro de las 24 horas. Nuestros moderadores entrenados identifican y escalan inmediatamente cualquier contenido que sospechen pueda ser CSAM.<\/p><h5 data-start=\"1961\" data-end=\"2022\">Qu\u00e9 busca In2me al intentar identificar el CSAM?<\/h5><p class=\"\" data-start=\"2023\" data-end=\"2659\">Antes de que cualquier contenido pueda aparecer en el feed de noticias de un creador, lo comparamos con bases de datos y herramientas usadas por las fuerzas del orden para prevenir la distribuci\u00f3n de CSAM conocidos.<br data-start=\"2186\" data-end=\"2189\" \/>El CSAM puede ser m\u00e1s dif\u00edcil de identificar si es \u201cnuevo\u201d CSAM, es decir, material que a\u00fan no forma parte de las bases de datos y herramientas usadas por las fuerzas del orden. Por eso inspeccionamos minuciosamente im\u00e1genes, textos y archivos de sonido para buscar posibles \u201cnuevos\u201d CSAM. Nuestra tecnolog\u00eda y nuestro personal trabajan juntos para reportar el CSAM sospechoso que no ha sido identificado previamente. Cuando se confirma, pasamos esta informaci\u00f3n a las fuerzas del orden y organizaciones no gubernamentales para ayudar a identificar a los perpetradores.<\/p><h5 data-start=\"2661\" data-end=\"2728\">Qu\u00e9 sucede cuando In2me encuentra CSAM sospechoso en su plataforma?<\/h5><p class=\"\" data-start=\"2729\" data-end=\"3331\">Cuando identificamos CSAM sospechoso, lo eliminamos inmediatamente y hacemos un reporte a la \u201cCyberTipline\u201d del National Center for Missing &amp; Exploited Children (NCMEC).<br data-start=\"2884\" data-end=\"2887\" \/>NCMEC revisa estos reportes y los comparte con las fuerzas del orden adecuadas en todo el mundo para que puedan combatir el CSAM. Trabajamos estrechamente con las fuerzas del orden para investigar, enjuiciar y castigar a cualquier persona que intente usar nuestra plataforma para crear o distribuir CSAM.<br data-start=\"3155\" data-end=\"3158\" \/>Investigamos de inmediato a cualquier usuario que intente compartir CSAM sospechoso en In2me y tomamos las medidas apropiadas. Prohibimos a cualquiera que intente crear o distribuir CSAM en In2me.<\/p><h5 data-start=\"3333\" data-end=\"3462\">C\u00f3mo puede In2me saber si un mensaje directo u otra publicaci\u00f3n privada contiene material CSAM? \u00bfEst\u00e1n cifrados estos mensajes y contenido?<\/h5><p class=\"\" data-start=\"3463\" data-end=\"3761\">In2me no usa cifrado de extremo a extremo. Todo en el sitio es visible para nuestro equipo de revisores entrenados. No hay publicaciones \u201cocultas\u201d, \u00e1reas \u201csecretas\u201d ni mensajes que desaparecen en In2me.<br data-start=\"3652\" data-end=\"3655\" \/>Podemos revisar y eliminar cualquier imagen o video compartido en In2me en cualquier momento, incluyendo en todos los mensajes directos.<\/p><h5 data-start=\"3763\" data-end=\"3833\">El modelo de suscripci\u00f3n de In2me facilita la distribuci\u00f3n de CSAM?<\/h5><p class=\"\" data-start=\"3834\" data-end=\"4465\">No. Nuestro modelo de suscripci\u00f3n dificulta que las personas creen y distribuyan CSAM.<br data-start=\"3926\" data-end=\"3929\" \/>Para suscribirse a contenido o publicar contenido en In2me, los usuarios deben pasar nuestras estrictas verificaciones de identidad. A diferencia de muchas otras plataformas digitales, conocemos la identidad legal de todos nuestros usuarios. Nadie puede publicar de forma an\u00f3nima en In2me.<br data-start=\"4178\" data-end=\"4181\" \/>Porque nuestros usuarios no son an\u00f3nimos y no usamos cifrado de extremo a extremo, es menos probable que intenten crear o distribuir CSAM. Si alguien lo intenta, sabemos qui\u00e9n es, lo reportamos y lo bloqueamos de In2me.<\/p><h5 data-start=\"4467\" data-end=\"4504\">C\u00f3mo reporto CSAM sospechoso?<\/h5><p class=\"\" data-start=\"4505\" data-end=\"4747\">Cada publicaci\u00f3n y cuenta en In2me tiene un bot\u00f3n para reportar. Si ves contenido en In2me que sospechas es CSAM, rep\u00f3rtalo usando el bot\u00f3n de reporte.\nSi recibes un mensaje directo en In2me que contiene CSAM o contenido sospechoso, tambi\u00e9n puedes reportar ese mensaje haciendo clic en la opci\u00f3n \u201cReportar\u201d en el mensaje. <a rel=\"noopener\" data-start=\"4701\" data-end=\"4746\">support@in2me.com<\/a>.<\/p><h5 data-start=\"4749\" data-end=\"4809\">C\u00f3mo puedo confiar en que In2me toma este problema en serio?<\/h5><p class=\"\" data-start=\"4810\" data-end=\"5240\">In2me est\u00e1 comprometido con construir la plataforma de redes sociales m\u00e1s segura del mundo. Asumimos la responsabilidad de nuestras acciones y publicamos regularmente datos que prueban los pasos que estamos tomando. Estos datos se encuentran en nuestros <a rel=\"noopener\" data-start=\"5028\" data-end=\"5053\">Informes de Transparencia.<\/a>.<br data-start=\"5054\" data-end=\"5057\" \/>Tambi\u00e9n hemos dado un paso m\u00e1s estableciendo un monitor independiente de terceros para verificar los procesos que tenemos en marcha para combatir la creaci\u00f3n y distribuci\u00f3n de CSAM.<\/p><h5 data-start=\"5242\" data-end=\"5316\">Qu\u00e9 m\u00e1s hacen para prevenir la creaci\u00f3n o distribuci\u00f3n de CSAM?<\/h5><p class=\"\" data-start=\"5317\" data-end=\"6335\">Trabajamos estrechamente con gobiernos, reguladores, fuerzas del orden, organizaciones no gubernamentales, organizaciones ben\u00e9ficas y otras empresas en la lucha contra el CSAM.<br data-start=\"5469\" data-end=\"5472\" \/>Recibimos y actuamos sobre inteligencia de nuestros socios de seguridad sobre tendencias emergentes relacionadas con la seguridad infantil y la prevenci\u00f3n de infractores. Tambi\u00e9n trabajamos proactivamente con investigadores y analistas para identificar t\u00e1cticas, t\u00e9cnicas y procedimientos utilizados por actores maliciosos que crean y distribuyen CSAM en l\u00ednea, para impedir que tengan \u00e9xito.<br data-start=\"5798\" data-end=\"5801\" \/>Adem\u00e1s de colaborar estrechamente con NCMEC para reportar cualquier caso de CSAM en nuestra plataforma a trav\u00e9s de la CyberTipline de NCMEC, tambi\u00e9n formamos parte de la iniciativa <strong data-start=\"5945\" data-end=\"5961\">Take It Down<\/strong> de NCMEC. Take It Down es un servicio de apoyo disponible para personas menores de 18 a\u00f1os preocupadas por contenido expl\u00edcito auto-generado (considerado CSAM) que se pueda compartir en l\u00ednea. Las personas pueden usar la herramienta para \u201chashear\u201d la imagen que les preocupa y evitar que se publique en l\u00ednea: <a target=\"_new\" rel=\"noopener\" data-start=\"6279\" data-end=\"6335\">Take It Down \u2013 NCMEC<\/a><\/p><p class=\"\" data-start=\"6337\" data-end=\"6500\">Si deseas saber m\u00e1s sobre nuestra lucha contra la creaci\u00f3n y distribuci\u00f3n de CSAM, por favor escr\u00edbenos a <a rel=\"noopener\" data-start=\"6450\" data-end=\"6499\">compliance@in2me.io<\/a>.<\/p>\t\t\t\t\t\t\t\t<\/div>\n\t\t\t\t<\/div>\n\t\t\t\t\t<\/div>\n\t\t\t\t<\/div>\n\t\t\t\t<\/div>","protected":false},"excerpt":{"rendered":"<p>COMBATTING CSAM In2me fights to combat the creation and distribution of child sexual abuse materials (CSAM).In2me is building the safest digital media platform in the world. We do not tolerate CSAM on our platform and actively work to block it. The creation or distribution of CSAM is immoral, wrong, illegal, and against our Terms of [&hellip;]<\/p>","protected":false},"author":1,"featured_media":0,"parent":0,"menu_order":0,"comment_status":"closed","ping_status":"closed","template":"","meta":{"footnotes":""},"class_list":["post-150","page","type-page","status-publish","hentry"],"_links":{"self":[{"href":"https:\/\/policies.in2me.io\/es\/wp-json\/wp\/v2\/pages\/150","targetHints":{"allow":["GET"]}}],"collection":[{"href":"https:\/\/policies.in2me.io\/es\/wp-json\/wp\/v2\/pages"}],"about":[{"href":"https:\/\/policies.in2me.io\/es\/wp-json\/wp\/v2\/types\/page"}],"author":[{"embeddable":true,"href":"https:\/\/policies.in2me.io\/es\/wp-json\/wp\/v2\/users\/1"}],"replies":[{"embeddable":true,"href":"https:\/\/policies.in2me.io\/es\/wp-json\/wp\/v2\/comments?post=150"}],"version-history":[{"count":6,"href":"https:\/\/policies.in2me.io\/es\/wp-json\/wp\/v2\/pages\/150\/revisions"}],"predecessor-version":[{"id":295,"href":"https:\/\/policies.in2me.io\/es\/wp-json\/wp\/v2\/pages\/150\/revisions\/295"}],"wp:attachment":[{"href":"https:\/\/policies.in2me.io\/es\/wp-json\/wp\/v2\/media?parent=150"}],"curies":[{"name":"wp","href":"https:\/\/api.w.org\/{rel}","templated":true}]}}