{"id":146,"date":"2025-04-30T14:34:41","date_gmt":"2025-04-30T14:34:41","guid":{"rendered":"https:\/\/policies.in2me.io\/?page_id=146"},"modified":"2025-04-30T14:36:37","modified_gmt":"2025-04-30T14:36:37","slug":"appeals-policy","status":"publish","type":"page","link":"https:\/\/policies.in2me.io\/es\/appeals-policy\/","title":{"rendered":"POL\u00cdTICA DE RECURSOS"},"content":{"rendered":"<div data-elementor-type=\"wp-page\" data-elementor-id=\"146\" class=\"elementor elementor-146\" data-elementor-post-type=\"page\">\n\t\t\t\t<div class=\"elementor-element elementor-element-7725492 e-flex e-con-boxed e-con e-parent\" data-id=\"7725492\" data-element_type=\"container\">\n\t\t\t\t\t<div class=\"e-con-inner\">\n\t\t\t\t<div class=\"elementor-element elementor-element-c4a6ff8 elementor-widget elementor-widget-heading\" data-id=\"c4a6ff8\" data-element_type=\"widget\" data-widget_type=\"heading.default\">\n\t\t\t\t<div class=\"elementor-widget-container\">\n\t\t\t\t\t<h2 class=\"elementor-heading-title elementor-size-default\">POL\u00cdTICA DE RECURSOS<\/h2>\t\t\t\t<\/div>\n\t\t\t\t<\/div>\n\t\t\t\t<div class=\"elementor-element elementor-element-0db4057 elementor-widget elementor-widget-text-editor\" data-id=\"0db4057\" data-element_type=\"widget\" data-widget_type=\"text-editor.default\">\n\t\t\t\t<div class=\"elementor-widget-container\">\n\t\t\t\t\t\t\t\t\t<p class=\"\" data-start=\"181\" data-end=\"258\"><strong data-start=\"181\" data-end=\"258\">AL UTILIZAR NUESTRO SITIO WEB, USTED ACEPTA ESTA POL\u00cdTICA \u2014 POR FAVOR, L\u00c9ALA DETENIDAMENTE<\/strong><\/p><h5 data-start=\"260\" data-end=\"280\">\u2022 Introducci\u00f3n<\/h5><p class=\"\" data-start=\"281\" data-end=\"367\">Esta pol\u00edtica forma parte de su acuerdo con nosotros. Aqu\u00ed hay algunos puntos clave:<\/p><ul data-start=\"368\" data-end=\"622\"><li class=\"\" data-start=\"368\" data-end=\"460\"><p class=\"\" data-start=\"370\" data-end=\"460\">Debe seguir los procedimientos a continuaci\u00f3n para apelar una decisi\u00f3n de moderaci\u00f3n de contenido o cuenta.<\/p><\/li><li class=\"\" data-start=\"461\" data-end=\"519\"><p class=\"\" data-start=\"463\" data-end=\"519\">In2me gestionar\u00e1 las apelaciones de acuerdo con esta pol\u00edtica.<\/p><\/li><li class=\"\" data-start=\"520\" data-end=\"622\"><p class=\"\" data-start=\"522\" data-end=\"622\">Si tiene preguntas sobre esta pol\u00edtica, por favor contacte a <a rel=\"noopener\" data-start=\"578\" data-end=\"621\">support@in2me.io<\/a>.<\/p><\/li><\/ul><h5 data-start=\"624\" data-end=\"646\">\u2022 Interpretaci\u00f3n<\/h5><p class=\"\" data-start=\"647\" data-end=\"772\">A menos que se defina espec\u00edficamente en esta pol\u00edtica, los t\u00e9rminos definidos en los [T\u00e9rminos de uso] tienen el mismo significado.<\/p><p class=\"\" data-start=\"774\" data-end=\"1232\"><strong data-start=\"774\" data-end=\"788\">\"Decisi\u00f3n\"<\/strong>: Cualquier acci\u00f3n tomada por In2me para:<br data-start=\"819\" data-end=\"822\" \/>i. Suspender o desactivar una cuenta;<br data-start=\"858\" data-end=\"861\" \/>ii. Suspender o desactivar contenido compartido hacia o desde una cuenta;<br data-start=\"924\" data-end=\"927\" \/>iii. Imponer una advertencia final por una violaci\u00f3n en una cuenta;<br data-start=\"985\" data-end=\"988\" \/>iv. Restringir funciones de la cuenta (por ejemplo, la capacidad de hacer transmisiones en vivo); o<br data-start=\"1062\" data-end=\"1065\" \/>v. Suspender, terminar o restringir la capacidad de monetizar contenido, incluyendo impedir suscripciones o limitar la capacidad para aceptar ciertos tipos de pagos.<\/p><h5 data-start=\"1234\" data-end=\"1245\">\u2022 Uso<\/h5><p class=\"\" data-start=\"1246\" data-end=\"1515\">Esta pol\u00edtica puede usarse de dos maneras:<br data-start=\"1282\" data-end=\"1285\" \/>i. Por usuarios de In2me que desean que revisemos o revocamos una decisi\u00f3n; o<br data-start=\"1350\" data-end=\"1353\" \/>ii. Por usuarios que no son de In2me en la UE\/EEE que se han quejado sobre contenido ilegal o no consensuado sospechoso en In2me y que no est\u00e1n de acuerdo con la respuesta a la apelaci\u00f3n de In2me.<\/p><h5 data-start=\"1517\" data-end=\"1541\">\u2022 Procedimiento de Apelaci\u00f3n<\/h5><p class=\"\" data-start=\"1542\" data-end=\"1646\">La \u00fanica forma de apelar una decisi\u00f3n es contactando por correo electr\u00f3nico a <a rel=\"noopener\" data-start=\"1603\" data-end=\"1646\">support@in2me.io<\/a><\/p><p class=\"\" data-start=\"1648\" data-end=\"2094\"><strong data-start=\"1648\" data-end=\"1694\">Informaci\u00f3n requerida para enviar por correo electr\u00f3nico:<\/strong><br data-start=\"1694\" data-end=\"1697\" \/>a. Nombre de usuario de la cuenta;<br data-start=\"1724\" data-end=\"1727\" \/>b. URL del contenido objeto de la apelaci\u00f3n;<br data-start=\"1771\" data-end=\"1774\" \/>c. Razones detalladas por las cuales cree que su contenido o cuenta cumple con los T\u00e9rminos de Servicio y la Pol\u00edtica de Uso Aceptable de In2me; y<br data-start=\"1910\" data-end=\"1913\" \/>d. Para usuarios no In2me en la UE\/EEE que no est\u00e1n de acuerdo con nuestra decisi\u00f3n de permitir que el contenido permanezca en In2me, una explicaci\u00f3n de por qu\u00e9 cree que el contenido es ilegal o no consensuado.<\/p><h5 data-start=\"2096\" data-end=\"2121\">\u2022 Timing of Appeals<\/h5><p class=\"\" data-start=\"2122\" data-end=\"2182\">Todas las apelaciones deben presentarse dentro de los seis meses posteriores a la Decisi\u00f3n.<\/p><h5 data-start=\"2184\" data-end=\"2206\">- Proceso de revisi\u00f3n<\/h5><p class=\"\" data-start=\"2207\" data-end=\"2966\">Si recibimos un correo electr\u00f3nico completo de apelaci\u00f3n por desactivaci\u00f3n:<br data-start=\"2259\" data-end=\"2262\" \/>a. Revisaremos la informaci\u00f3n relevante de la cuenta de In2me;<br data-start=\"2319\" data-end=\"2322\" \/>b. Consideraremos la informaci\u00f3n y los documentos de respaldo que haya proporcionado;<br data-start=\"2410\" data-end=\"2413\" \/>c. Podemos solicitar informaci\u00f3n o documentos adicionales de usted o de terceros para ayudarnos a decidir sobre la apelaci\u00f3n; y<br data-start=\"2531\" data-end=\"2534\" \/>d. En base a la informaci\u00f3n, aceptaremos, aceptaremos parcialmente o rechazaremos su apelaci\u00f3n, y le notificaremos nuestra decisi\u00f3n:<br data-start=\"2653\" data-end=\"2656\" \/>\u2003i. Si aceptamos su apelaci\u00f3n, revocaremos cada Decisi\u00f3n relevante y cualquier acci\u00f3n tomada como resultado.<br data-start=\"2775\" data-end=\"2778\" \/>\u2003ii. Si aceptamos parcialmente su apelaci\u00f3n, le notificaremos qu\u00e9 Decisiones han sido revocadas.<br data-start=\"2909\" data-end=\"2912\" \/>iii. Si rechazamos su apelaci\u00f3n, no se modificar\u00e1 ninguna Decisi\u00f3n.<\/p><h5 data-start=\"2968\" data-end=\"2988\">- Sin responsabilidad<\/h5><p class=\"\" data-start=\"2989\" data-end=\"3155\">No seremos responsables de ninguna interrupci\u00f3n del acceso a su cuenta In2me, incluida cualquier p\u00e9rdida de ingresos o de abonados, incluso en el caso de que accedamos a una parte o a la totalidad de su recurso.<\/p><h5 data-start=\"3157\" data-end=\"3177\">- Equipo de apelaci\u00f3n<\/h5><p class=\"\" data-start=\"3178\" data-end=\"3330\">Nuestro Equipo de Apelaci\u00f3n estudiar\u00e1 cada recurso debidamente presentado bas\u00e1ndose en la informaci\u00f3n facilitada de forma no discriminatoria, diligente y no arbitraria.<\/p><h5 data-start=\"3332\" data-end=\"3386\">- Situaciones en las que no se puede recurrir una decisi\u00f3n<\/h5><p class=\"\" data-start=\"3387\" data-end=\"3489\">Esta Pol\u00edtica no se aplica a ninguna Decisi\u00f3n irreversible (por ejemplo, la decisi\u00f3n de poner fin a una retransmisi\u00f3n en directo).<\/p><h5 data-start=\"3491\" data-end=\"3544\">- Procedimientos adicionales para usuarios de la UE\/EEE<\/h5><p class=\"\" data-start=\"3545\" data-end=\"4928\">i. Tambi\u00e9n puede presentar una reclamaci\u00f3n ante una autoridad reguladora y\/o solicitar una reparaci\u00f3n a trav\u00e9s de un organismo de resoluci\u00f3n extrajudicial de litigios certificado por terceros o ante los tribunales pertinentes de su pa\u00eds de residencia\/establecimiento.<br data-start=\"3758\" data-end=\"3761\" \/>ii. En determinadas circunstancias, puede aplicarse la resoluci\u00f3n extrajudicial de litigios en virtud de la Ley de Servicios Digitales de la UE (\u00abDSA\u00bb). Cada Estado miembro de la UE debe certificar a un organismo de resoluci\u00f3n extrajudicial de litigios para que gestione los litigios elegibles.<br data-start=\"3979\" data-end=\"3982\" \/>iii. Tambi\u00e9n tiene la opci\u00f3n de obtener reparaci\u00f3n judicial presentando su reclamaci\u00f3n ante un tribunal competente.<br data-start=\"4089\" data-end=\"4092\" \/>iv. Puede enviar un informe o una queja sobre contenidos que considere ilegales o que infrinjan nuestras Condiciones de servicio. Revisaremos todos los informes y quejas y determinaremos si estamos de acuerdo en que se ha producido una infracci\u00f3n.<br data-start=\"4326\" data-end=\"4329\" \/>v. Si llegamos a la conclusi\u00f3n de que no se ha producido ninguna infracci\u00f3n de nuestras Condiciones del servicio y decidimos no tomar una Decisi\u00f3n en relaci\u00f3n con el contenido en cuesti\u00f3n, usted podr\u00e1 remitir el asunto a un \u00f3rgano extrajudicial de resoluci\u00f3n de litigios. Si lo hace, nos pondremos en contacto con el \u00f3rgano extrajudicial de resoluci\u00f3n de litigios de buena fe y conforme a la ley.<br data-start=\"4656\" data-end=\"4659\" \/>vi. No estamos vinculados por ninguna decisi\u00f3n adoptada por un \u00f3rgano extrajudicial de resoluci\u00f3n de litigios y podemos negarnos a colaborar con dicho \u00f3rgano si ya se ha resuelto un litigio relativo al mismo contenido y los mismos motivos de supuesta incompatibilidad con nuestras Condiciones del servicio.<\/p>\t\t\t\t\t\t\t\t<\/div>\n\t\t\t\t<\/div>\n\t\t\t\t\t<\/div>\n\t\t\t\t<\/div>\n\t\t\t\t<\/div>","protected":false},"excerpt":{"rendered":"<p>APPEALS POLICY BY USING OUR WEBSITE, YOU AGREE TO THIS POLICY \u2014 PLEASE READ IT CAREFULLY \u2022 Introduction This Policy forms part of your agreement with us. Here are a few key things to note: You must follow the procedures below to appeal a content or account moderation decision. In2me will handle appeals in keeping [&hellip;]<\/p>","protected":false},"author":1,"featured_media":0,"parent":0,"menu_order":0,"comment_status":"closed","ping_status":"closed","template":"","meta":{"footnotes":""},"class_list":["post-146","page","type-page","status-publish","hentry"],"_links":{"self":[{"href":"https:\/\/policies.in2me.io\/es\/wp-json\/wp\/v2\/pages\/146","targetHints":{"allow":["GET"]}}],"collection":[{"href":"https:\/\/policies.in2me.io\/es\/wp-json\/wp\/v2\/pages"}],"about":[{"href":"https:\/\/policies.in2me.io\/es\/wp-json\/wp\/v2\/types\/page"}],"author":[{"embeddable":true,"href":"https:\/\/policies.in2me.io\/es\/wp-json\/wp\/v2\/users\/1"}],"replies":[{"embeddable":true,"href":"https:\/\/policies.in2me.io\/es\/wp-json\/wp\/v2\/comments?post=146"}],"version-history":[{"count":3,"href":"https:\/\/policies.in2me.io\/es\/wp-json\/wp\/v2\/pages\/146\/revisions"}],"predecessor-version":[{"id":149,"href":"https:\/\/policies.in2me.io\/es\/wp-json\/wp\/v2\/pages\/146\/revisions\/149"}],"wp:attachment":[{"href":"https:\/\/policies.in2me.io\/es\/wp-json\/wp\/v2\/media?parent=146"}],"curies":[{"name":"wp","href":"https:\/\/api.w.org\/{rel}","templated":true}]}}