{"id":142,"date":"2025-04-30T14:31:49","date_gmt":"2025-04-30T14:31:49","guid":{"rendered":"https:\/\/policies.in2me.io\/?page_id=142"},"modified":"2025-05-13T12:22:22","modified_gmt":"2025-05-13T12:22:22","slug":"age-identity-verification","status":"publish","type":"page","link":"https:\/\/policies.in2me.io\/es\/age-identity-verification\/","title":{"rendered":"AGE &#038; IDENTITY VERIFICATION"},"content":{"rendered":"<div data-elementor-type=\"wp-page\" data-elementor-id=\"142\" class=\"elementor elementor-142\" data-elementor-post-type=\"page\">\n\t\t\t\t<div class=\"elementor-element elementor-element-55de53a e-flex e-con-boxed e-con e-parent\" data-id=\"55de53a\" data-element_type=\"container\">\n\t\t\t\t\t<div class=\"e-con-inner\">\n\t\t\t\t<div class=\"elementor-element elementor-element-fc6b8a1 elementor-widget elementor-widget-heading\" data-id=\"fc6b8a1\" data-element_type=\"widget\" data-widget_type=\"heading.default\">\n\t\t\t\t<div class=\"elementor-widget-container\">\n\t\t\t\t\t<h2 class=\"elementor-heading-title elementor-size-default\">VERIFICACI\u00d3N DE EDAD E IDENTIDAD<\/h2>\t\t\t\t<\/div>\n\t\t\t\t<\/div>\n\t\t\t\t<div class=\"elementor-element elementor-element-5d087de elementor-widget elementor-widget-text-editor\" data-id=\"5d087de\" data-element_type=\"widget\" data-widget_type=\"text-editor.default\">\n\t\t\t\t<div class=\"elementor-widget-container\">\n\t\t\t\t\t\t\t\t\t<p class=\"\" data-start=\"148\" data-end=\"306\"><strong data-start=\"148\" data-end=\"203\">Mantener segura a nuestra comunidad es una prioridad para In2me.<\/strong><br data-start=\"203\" data-end=\"206\">Es muy importante saber qui\u00e9n est\u00e1 usando nuestra plataforma y que tenga al menos 18 a\u00f1os.<\/p>\n<h5 data-start=\"308\" data-end=\"374\">Qu\u00e9 edad debe tener un creador o fan para acceder al contenido en In2me?<br><span style=\"font-size: 16px;\">Debes tener al menos 18 a\u00f1os para crear una cuenta y acceder al contenido en la plataforma de In2me como Fan o como Creador.<br><\/span><span style=\"font-size: 16px;\">Es una violaci\u00f3n de nuestros T\u00e9rminos de Servicio y de nuestra Pol\u00edtica de Uso Aceptable que cualquier persona menor de 18 a\u00f1os vea, acceda o publique contenido en In2me.\nInvertimos mucho en tecnolog\u00eda y en equipos de moderaci\u00f3n humana para asegurar que esta pol\u00edtica se cumpla. Si alguien intenta eludir estas pol\u00edticas y controles, In2me tomar\u00e1 las medidas adecuadas.<\/span><\/h5>\n<h5 data-start=\"850\" data-end=\"923\">Por qu\u00e9 un creador o fan debe tener 18 a\u00f1os o m\u00e1s para acceder al contenido de In2me?<br><span style=\"font-size: 16px;\">In2me es una plataforma inclusiva basada en suscripci\u00f3n que permite la libertad de expresi\u00f3n. Siempre que el contenido cumpla con los T\u00e9rminos de Servicio y la Pol\u00edtica de Uso Aceptable, los creadores tienen libertad para crear y compartir contenido con sus fans.<br><\/span><span style=\"font-size: 16px;\">Esta libertad debe equilibrarse con la seguridad de la comunidad. Hay dos razones principales por las que debes tener al menos 18 a\u00f1os:<\/span><\/h5>\n<ul data-start=\"1343\" data-end=\"1603\">\n<li class=\"\" data-start=\"1343\" data-end=\"1505\">\n<p class=\"\" data-start=\"1345\" data-end=\"1505\">Para suscribirte o publicar contenido en In2me, debes proporcionar detalles de tu tarjeta de pago y tener la capacidad legal de pagar por un servicio de suscripci\u00f3n.<\/p>\n<\/li>\n<li class=\"\" data-start=\"1506\" data-end=\"1603\">\n<p class=\"\" data-start=\"1508\" data-end=\"1603\">Parte del contenido disponible en In2me no es adecuado para personas menores de 18 a\u00f1os.<\/p>\n<\/li>\n<\/ul>\n<p class=\"\" data-start=\"1605\" data-end=\"1703\">Por eso todos los creadores y fans deben tener al menos 18 a\u00f1os para acceder, ver o publicar contenido en In2me.<\/p>\n<h5 data-start=\"1705\" data-end=\"1782\">Por qu\u00e9 In2me toma todas estas medidas para verificar a los usuarios en la plataforma?<br><span style=\"font-size: 16px;\">Tomamos estas medidas porque estamos comprometidos con la protecci\u00f3n de los Creadores y Fans en nuestra plataforma y queremos asegurarnos de que nuestros usuarios cumplan con la ley en los pa\u00edses donde operamos.<\/span><span style=\"font-size: 16px;\">Es tanto una responsabilidad social como una necesidad legal pedir a los Creadores y Fans que proporcionen esta informaci\u00f3n a In2me.<\/span><\/h5>\n<h5 data-start=\"2089\" data-end=\"2254\">Pero puedo ver contenido sexual expl\u00edcito en otras redes sociales sin proporcionar esta informaci\u00f3n. \u00bfPor qu\u00e9 debo darla en In2me?<br><span style=\"font-size: 16px;\">Aunque el contenido sexualmente expl\u00edcito aparece en muchas otras plataformas que permiten el acceso a usuarios menores de 18 a\u00f1os, los T\u00e9rminos de Servicio y la Pol\u00edtica de Uso Aceptable de In2me permiten a los Creadores decidir qu\u00e9 contenido crear y compartir con sus Fans, siempre que cumplan con dichas pol\u00edticas.<br><\/span><span style=\"font-size: 16px;\">Reconocemos y permitimos el intercambio de contenido para adultos en nuestra plataforma. Por eso es nuestra pol\u00edtica restringir el acceso a In2me a personas mayores de 18 a\u00f1os, y por eso los Creadores y Fans deben verificar su edad e identidad.<\/span><\/h5>\n<h5 data-start=\"2802\" data-end=\"2880\">C\u00f3mo verifica In2me la edad y la identidad de los Creadores y Fans?<br><span style=\"font-size: 16px;\">In2me utiliza una combinaci\u00f3n de tecnolog\u00eda y moderadores humanos para verificar la edad y la identidad de Creadores y Fans. Las herramientas, pol\u00edticas y procedimientos que usamos evolucionan constantemente para reflejar las mejores pr\u00e1cticas, tecnolog\u00eda de punta y cambios legales.<br><\/span><span style=\"font-size: 16px;\">Por ejemplo, como parte del proceso de verificaci\u00f3n, un Creador debe proporcionar m\u00e1s de nueve elementos de informaci\u00f3n y documentos personales antes de poder publicar contenido en In2me, incluyendo:<\/span><\/h5>\n<ul data-start=\"3388\" data-end=\"3564\">\n<li class=\"\" data-start=\"3388\" data-end=\"3401\">\n<p class=\"\" data-start=\"3390\" data-end=\"3401\">nombre completo<\/p>\n<\/li>\n<li class=\"\" data-start=\"3402\" data-end=\"3428\">\n<p class=\"\" data-start=\"3404\" data-end=\"3428\">correo electr\u00f3nico verificado<\/p>\n<\/li>\n<li class=\"\" data-start=\"3429\" data-end=\"3447\">\n<p class=\"\" data-start=\"3431\" data-end=\"3447\">direcci\u00f3n postal<\/p>\n<\/li>\n<li class=\"\" data-start=\"3448\" data-end=\"3465\">\n<p class=\"\" data-start=\"3450\" data-end=\"3465\">fecha de nacimiento<\/p>\n<\/li>\n<li class=\"\" data-start=\"3466\" data-end=\"3495\">\n<p class=\"\" data-start=\"3468\" data-end=\"3495\">documento de identidad con foto v\u00e1lido<\/p>\n<\/li>\n<li class=\"\" data-start=\"3496\" data-end=\"3535\">\n<p class=\"\" data-start=\"3498\" data-end=\"3535\">selfie sosteniendo su documento de identidad<\/p>\n<\/li>\n<li class=\"\" data-start=\"3536\" data-end=\"3564\">\n<p class=\"\" data-start=\"3538\" data-end=\"3564\">informaci\u00f3n bancaria<\/p>\n<\/li>\n<\/ul>\n<p class=\"\" data-start=\"3566\" data-end=\"4082\">Seg\u00fan el pa\u00eds, los Fans tambi\u00e9n pueden tener que proporcionar informaci\u00f3n personal, confirmaciones, datos de pago y documentos para acceder a contenido en In2me.<br data-start=\"3738\" data-end=\"3741\">Seguimos verificando las cuentas de Creadores y Fans despu\u00e9s de su creaci\u00f3n. Repetimos proactivamente la verificaci\u00f3n de edad e identidad con tecnolog\u00eda y revisi\u00f3n humana, e investigamos cualquier inquietud planteada por la comunidad o por autoridades, socios comerciales u organizaciones no gubernamentales.<\/p>\n<h5 data-start=\"4084\" data-end=\"4164\">Qui\u00e9n realiza las verificaciones de edad e identidad de los Creadores y Fans?<br><span style=\"font-size: 16px;\">In2me cuenta con un equipo especializado que revisa, aprueba o rechaza las solicitudes de cuenta, incluyendo la verificaci\u00f3n de la edad y la identidad. Este equipo toma decisiones basadas en el juicio humano.<\/span><\/h5>\n<h5 data-start=\"4365\" data-end=\"4418\">Cu\u00e1ntas cuentas rechaza In2me cada mes?<br><span style=\"font-size: 16px;\">No tenemos una meta establecida para la cantidad de cuentas que aceptamos o rechazamos cada mes.<\/span><\/h5>\n<h5 data-start=\"4503\" data-end=\"4573\">In2me realiza verificaciones de seguimiento sobre la edad y la identidad?<br><span style=\"font-size: 16px;\">S\u00ed. Una vez que se ha creado una cuenta, In2me realiza revisiones peri\u00f3dicas de las cuentas de Creadores y Fans para asegurarse de que el usuario tiene al menos 18 a\u00f1os y que coincide con la informaci\u00f3n proporcionada al registrarse.<br><\/span><span style=\"font-size: 16px;\">Adem\u00e1s, podemos realizar controles adicionales en jurisdicciones de alto riesgo o cuando una cuenta ha sido marcada para seguridad tras la verificaci\u00f3n inicial.<\/span><\/h5>\n<h5 data-start=\"5003\" data-end=\"5066\">Qu\u00e9 hace In2me si un Creador no pasa la \u201cverificaci\u00f3n con selfie\u201d?<br><span style=\"font-size: 16px;\">Si un Creador no pasa la verificaci\u00f3n con selfie, la cuenta correspondiente no se podr\u00e1 acceder y cualquier contenido relacionado se ocultar\u00e1. La cuenta ser\u00e1 revisada por nuestro equipo de moderadores capacitados, y se tomar\u00e1n las medidas correspondientes, como solicitar documentos adicionales, suspender o cerrar la cuenta, o bloquear la direcci\u00f3n IP.<\/span><\/h5>\n<h5 data-start=\"5416\" data-end=\"5495\">Durante cu\u00e1nto tiempo conserva In2me la informaci\u00f3n de verificaci\u00f3n de edad e identidad?<br><span style=\"font-size: 16px;\">Es necesario que In2me conserve cierta informaci\u00f3n sobre la verificaci\u00f3n de edad e identidad de los Creadores y Fans para proteger a nuestra comunidad y cumplir con la ley. Puedes encontrar m\u00e1s informaci\u00f3n sobre el tiempo de conservaci\u00f3n en nuestra Pol\u00edtica de Privacidad.<\/span><\/h5>\n<h5 data-start=\"5759\" data-end=\"5854\">Qu\u00e9 m\u00e1s hacen con la informaci\u00f3n de verificaci\u00f3n de edad e identidad proporcionada a In2me?<br><span style=\"font-size: 16px;\">Recopilamos la informaci\u00f3n de verificaci\u00f3n de edad e identidad \u00fanicamente con el fin de mantener segura a nuestra comunidad. A diferencia de otras plataformas, In2me no monetiza, vende ni utiliza esta informaci\u00f3n para ning\u00fan otro prop\u00f3sito.<\/span><\/h5>\t\t\t\t\t\t\t\t<\/div>\n\t\t\t\t<\/div>\n\t\t\t\t\t<\/div>\n\t\t\t\t<\/div>\n\t\t\t\t<\/div>","protected":false},"excerpt":{"rendered":"<p>AGE &#038; IDENTITY VERIFICATION Keeping our community safe is a priority for In2me.It is very important that we know who is using our platform and that they are at least 18 years old. How old must a creator or fan be to access content on In2me?You must be at least 18 years old to create [&hellip;]<\/p>","protected":false},"author":1,"featured_media":0,"parent":0,"menu_order":0,"comment_status":"closed","ping_status":"closed","template":"","meta":{"footnotes":""},"class_list":["post-142","page","type-page","status-publish","hentry"],"_links":{"self":[{"href":"https:\/\/policies.in2me.io\/es\/wp-json\/wp\/v2\/pages\/142","targetHints":{"allow":["GET"]}}],"collection":[{"href":"https:\/\/policies.in2me.io\/es\/wp-json\/wp\/v2\/pages"}],"about":[{"href":"https:\/\/policies.in2me.io\/es\/wp-json\/wp\/v2\/types\/page"}],"author":[{"embeddable":true,"href":"https:\/\/policies.in2me.io\/es\/wp-json\/wp\/v2\/users\/1"}],"replies":[{"embeddable":true,"href":"https:\/\/policies.in2me.io\/es\/wp-json\/wp\/v2\/comments?post=142"}],"version-history":[{"count":6,"href":"https:\/\/policies.in2me.io\/es\/wp-json\/wp\/v2\/pages\/142\/revisions"}],"predecessor-version":[{"id":292,"href":"https:\/\/policies.in2me.io\/es\/wp-json\/wp\/v2\/pages\/142\/revisions\/292"}],"wp:attachment":[{"href":"https:\/\/policies.in2me.io\/es\/wp-json\/wp\/v2\/media?parent=142"}],"curies":[{"name":"wp","href":"https:\/\/api.w.org\/{rel}","templated":true}]}}