{"id":136,"date":"2025-04-30T14:19:36","date_gmt":"2025-04-30T14:19:36","guid":{"rendered":"https:\/\/policies.in2me.io\/?page_id=136"},"modified":"2025-05-13T12:23:42","modified_gmt":"2025-05-13T12:23:42","slug":"safety-transparency-center","status":"publish","type":"page","link":"https:\/\/policies.in2me.io\/es\/safety-transparency-center\/","title":{"rendered":"Safety &#038; Transparency Center"},"content":{"rendered":"<div data-elementor-type=\"wp-page\" data-elementor-id=\"136\" class=\"elementor elementor-136\" data-elementor-post-type=\"page\">\n\t\t\t\t<div class=\"elementor-element elementor-element-55344e2 e-flex e-con-boxed e-con e-parent\" data-id=\"55344e2\" data-element_type=\"container\">\n\t\t\t\t\t<div class=\"e-con-inner\">\n\t\t\t\t<div class=\"elementor-element elementor-element-286755d elementor-widget elementor-widget-heading\" data-id=\"286755d\" data-element_type=\"widget\" data-widget_type=\"heading.default\">\n\t\t\t\t<div class=\"elementor-widget-container\">\n\t\t\t\t\t<h2 class=\"elementor-heading-title elementor-size-default\">Centro de Seguridad y Transparencia<\/h2>\t\t\t\t<\/div>\n\t\t\t\t<\/div>\n\t\t\t\t<div class=\"elementor-element elementor-element-485aea6 elementor-widget elementor-widget-text-editor\" data-id=\"485aea6\" data-element_type=\"widget\" data-widget_type=\"text-editor.default\">\n\t\t\t\t<div class=\"elementor-widget-container\">\n\t\t\t\t\t\t\t\t\t<p class=\"\" data-start=\"168\" data-end=\"387\">In2me empodera a creadores de todos los g\u00e9neros para que alcancen su potencial. Estamos comprometidos a construir la plataforma de medios digitales m\u00e1s segura del mundo. In2me va m\u00e1s all\u00e1 de los requisitos legales y de nuestros pares para ofrecer una plataforma segura para Creadores y Fans, mientras maximiza la libertad de Creadores y Fans para controlar y monetizar el contenido l\u00edcito que producen y visualizan.<br \/>Este Centro de Seguridad y Transparencia est\u00e1 dise\u00f1ado para brindar a Creadores, Fans y otras partes interesadas visibilidad sobre c\u00f3mo In2me mantiene segura nuestra comunidad y ofrecer una visi\u00f3n general de algunas de nuestras principales medidas de seguridad y transparencia. Las gu\u00edas a continuaci\u00f3n son res\u00famenes y deben leerse junto con nuestros T\u00e9rminos de Servicio, Pol\u00edtica de Uso Aceptable y Normas de la Comunidad.<\/p><p><a href=\"\/es\/age-identity-verification\/\">\u2013 VERIFICACI\u00d3N DE EDAD E IDENTIDAD<\/a><\/p><p><a href=\"\/es\/appeals-policy\/\">\u2013 POL\u00cdTICA DE APELACIONES<\/a><\/p><p><a href=\"\/es\/combatting-csam\/\">\u2013 COMBATE AL CSAM<\/a><\/p><p><a href=\"\/es\/content-moderation-policy\/\">\u2013 POL\u00cdTICA DE MODERACI\u00d3N DE CONTENIDOS<\/a><\/p><p><a href=\"\/es\/ensuring-consent-for-intimate-images\/\">\u2013 GARANT\u00cdA DE CONSENTIMIENTO PARA IM\u00c1GENES \u00cdNTIMAS<\/a><\/p><p><a href=\"\/es\/helping-creators-protect-their-copyright\/\">\u2013 AYUDA A CREADORES PARA PROTEGER SU DERECHOS DE AUTOR<\/a><\/p><p><a href=\"\/es\/safeguarding-against-money-laundering-fraud\/\">\u2013 PROTECCI\u00d3N CONTRA EL LAVADO DE DINERO Y FRAUDES<\/a><\/p><p><a href=\"\/es\/tackling-hate-speech\/\">\u2013 COMBATE AL DISCURSO DE ODIO<\/a><\/p>\t\t\t\t\t\t\t\t<\/div>\n\t\t\t\t<\/div>\n\t\t\t\t\t<\/div>\n\t\t\t\t<\/div>\n\t\t\t\t<\/div>","protected":false},"excerpt":{"rendered":"<p>Safety &#038; Transparency Center In2me empowers creators from all genres to own their potential. We are committed to building the safest digital media platform in the world. In2me goes above and beyond the legal requirements, and our peers, to provide a safe platform for Creator and Fans while maximizing the freedom of Creators and Fans [&hellip;]<\/p>","protected":false},"author":1,"featured_media":0,"parent":0,"menu_order":0,"comment_status":"closed","ping_status":"closed","template":"","meta":{"footnotes":""},"class_list":["post-136","page","type-page","status-publish","hentry"],"_links":{"self":[{"href":"https:\/\/policies.in2me.io\/es\/wp-json\/wp\/v2\/pages\/136","targetHints":{"allow":["GET"]}}],"collection":[{"href":"https:\/\/policies.in2me.io\/es\/wp-json\/wp\/v2\/pages"}],"about":[{"href":"https:\/\/policies.in2me.io\/es\/wp-json\/wp\/v2\/types\/page"}],"author":[{"embeddable":true,"href":"https:\/\/policies.in2me.io\/es\/wp-json\/wp\/v2\/users\/1"}],"replies":[{"embeddable":true,"href":"https:\/\/policies.in2me.io\/es\/wp-json\/wp\/v2\/comments?post=136"}],"version-history":[{"count":15,"href":"https:\/\/policies.in2me.io\/es\/wp-json\/wp\/v2\/pages\/136\/revisions"}],"predecessor-version":[{"id":298,"href":"https:\/\/policies.in2me.io\/es\/wp-json\/wp\/v2\/pages\/136\/revisions\/298"}],"wp:attachment":[{"href":"https:\/\/policies.in2me.io\/es\/wp-json\/wp\/v2\/media?parent=136"}],"curies":[{"name":"wp","href":"https:\/\/api.w.org\/{rel}","templated":true}]}}