{"id":129,"date":"2025-04-30T14:11:32","date_gmt":"2025-04-30T14:11:32","guid":{"rendered":"https:\/\/policies.in2me.io\/?page_id=129"},"modified":"2025-04-30T14:16:38","modified_gmt":"2025-04-30T14:16:38","slug":"anti-slavery-and-anti-trafficking-statement","status":"publish","type":"page","link":"https:\/\/policies.in2me.io\/es\/anti-slavery-and-anti-trafficking-statement\/","title":{"rendered":"Declaraci\u00f3n contra la esclavitud y la trata de personas"},"content":{"rendered":"<div data-elementor-type=\"wp-page\" data-elementor-id=\"129\" class=\"elementor elementor-129\" data-elementor-post-type=\"page\">\n\t\t\t\t<div class=\"elementor-element elementor-element-4f49e06 e-flex e-con-boxed e-con e-parent\" data-id=\"4f49e06\" data-element_type=\"container\">\n\t\t\t\t\t<div class=\"e-con-inner\">\n\t\t\t\t<div class=\"elementor-element elementor-element-e10c2fe elementor-widget elementor-widget-heading\" data-id=\"e10c2fe\" data-element_type=\"widget\" data-widget_type=\"heading.default\">\n\t\t\t\t<div class=\"elementor-widget-container\">\n\t\t\t\t\t<h2 class=\"elementor-heading-title elementor-size-default\">Declaraci\u00f3n contra la esclavitud y la trata de personas\n<\/h2>\t\t\t\t<\/div>\n\t\t\t\t<\/div>\n\t\t\t\t<div class=\"elementor-element elementor-element-91d608a elementor-widget elementor-widget-text-editor\" data-id=\"91d608a\" data-element_type=\"widget\" data-widget_type=\"text-editor.default\">\n\t\t\t\t<div class=\"elementor-widget-container\">\n\t\t\t\t\t\t\t\t\t<p class=\"\" data-start=\"168\" data-end=\"387\">En In2me estamos comprometidos con los m\u00e1s altos est\u00e1ndares \u00e9ticos en todo lo que hacemos. No toleramos ninguna forma de esclavitud moderna, trata de personas, trabajo forzado ni explotaci\u00f3n en nuestra plataforma ni en nuestras operaciones.<\/p><p class=\"\" data-start=\"389\" data-end=\"737\"><strong data-start=\"389\" data-end=\"407\">Nuestro compromiso<\/strong><br data-start=\"407\" data-end=\"410\" \/>In2me se opone firmemente a todas las formas de esclavitud moderna y trata de personas. Estamos dedicados a crear un entorno seguro, transparente y respetuoso para todos los usuarios \u2014tanto creadores como suscriptores\u2014 y trabajamos activamente para garantizar que nuestra plataforma no sea utilizada con fines ilegales o de explotaci\u00f3n.<\/p><p class=\"\" data-start=\"739\" data-end=\"806\"><strong data-start=\"739\" data-end=\"776\">Controles y cumplimiento de la plataforma<\/strong><br data-start=\"776\" data-end=\"779\" \/>Para mantener nuestro compromiso:<\/p><ul data-start=\"807\" data-end=\"1675\"><li class=\"\" data-start=\"807\" data-end=\"976\"><p class=\"\" data-start=\"809\" data-end=\"976\"><strong data-start=\"809\" data-end=\"830\">Verificaci\u00f3n de edad:<\/strong> Todos los creadores de contenido deben pasar estrictos procesos de verificaci\u00f3n de identidad y edad antes de subir contenido o generar ingresos.<\/p><\/li><li class=\"\" data-start=\"977\" data-end=\"1194\"><p class=\"\" data-start=\"979\" data-end=\"1194\"><strong data-start=\"979\" data-end=\"1004\">Requisitos de consentimiento:<\/strong> Solo se permite contenido producido y subido de forma legal y voluntaria. Cualquier contenido sospechoso de ser no consensuado o explotador es investigado y eliminado inmediatamente.<\/p><\/li><li class=\"\" data-start=\"1195\" data-end=\"1454\"><p class=\"\" data-start=\"1197\" data-end=\"1454\"><strong data-start=\"1197\" data-end=\"1226\">Supervisi\u00f3n e informes:<\/strong> Nuestro equipo de moderaci\u00f3n utiliza herramientas automatizadas y revisi\u00f3n manual para detectar y abordar actividades sospechosas. Animamos a nuestra comunidad a reportar cualquier inquietud mediante nuestras herramientas de denuncia o contactando directamente con nuestro equipo de soporte.<\/p><\/li><li class=\"\" data-start=\"1455\" data-end=\"1675\"><p class=\"\" data-start=\"1457\" data-end=\"1675\"><strong data-start=\"1457\" data-end=\"1478\">Acci\u00f3n inmediata:<\/strong> Cooperamos plenamente con las autoridades competentes. Cualquier cuenta o contenido relacionado con trata, trabajo forzoso o explotaci\u00f3n ser\u00e1 suspendido inmediatamente y reportado legalmente.<\/p><\/li><\/ul><p class=\"\" data-start=\"1677\" data-end=\"2040\"><strong data-start=\"1677\" data-end=\"1709\">Cadenas de suministro y asociaciones<\/strong><br data-start=\"1709\" data-end=\"1712\" \/>Aunque In2me no mantiene cadenas de suministro f\u00edsicas, esperamos que todos nuestros proveedores de servicios externos \u2014incluidos los procesadores de pagos, servicios de verificaci\u00f3n de identidad y otros socios\u2014 operen en pleno cumplimiento de las leyes contra la esclavitud y la trata de personas. Realizamos debidas diligencias y evaluaciones de riesgo cuando corresponde.<\/p><p class=\"\" data-start=\"2042\" data-end=\"2230\"><strong data-start=\"2042\" data-end=\"2068\">Continuous Improvement<\/strong><br data-start=\"2068\" data-end=\"2071\" \/>Nuestro equipo est\u00e1 capacitado para reconocer los signos de trata y explotaci\u00f3n. La educaci\u00f3n continua nos permite mantenernos proactivos en la prevenci\u00f3n del uso indebido de nuestra plataforma.<\/p><p class=\"\" data-start=\"2232\" data-end=\"2459\"><strong data-start=\"2232\" data-end=\"2258\">Mejora continua<\/strong><br data-start=\"2258\" data-end=\"2261\" \/>Revisamos y actualizamos regularmente nuestras pol\u00edticas para mantenernos alineados con los est\u00e1ndares globales y las mejores pr\u00e1cticas en la lucha contra la esclavitud moderna y la trata de personas. Estamos comprometidos con la transparencia y la responsabilidad.<\/p><p class=\"\" data-start=\"2461\" data-end=\"2622\">Si tienes alguna inquietud o deseas reportar una actividad sospechosa, por favor contacta a nuestro equipo de soporte en <strong data-start=\"2566\" data-end=\"2586\"><a rel=\"noopener\" data-start=\"2568\" data-end=\"2584\">support@in2me.io<\/a><\/strong> o utiliza nuestro sistema seguro de denuncias.<\/p><p class=\"\" data-start=\"2624\" data-end=\"2693\">Juntos podemos ayudar a construir un espacio digital m\u00e1s seguro y libre de explotaci\u00f3n.<\/p>\t\t\t\t\t\t\t\t<\/div>\n\t\t\t\t<\/div>\n\t\t\t\t\t<\/div>\n\t\t\t\t<\/div>\n\t\t\t\t<\/div>","protected":false},"excerpt":{"rendered":"<p>ANTI-SLAVERY AND ANTI-TRAFFICKING STATEMENT At In2me, we are committed to the highest ethical standards in everything we do. We have zero tolerance for modern slavery, human trafficking, forced labor, or any form of exploitation within our platform or operations. Our CommitmentIn2me stands firmly against all forms of modern slavery and human trafficking. We are dedicated [&hellip;]<\/p>","protected":false},"author":1,"featured_media":0,"parent":0,"menu_order":0,"comment_status":"closed","ping_status":"closed","template":"","meta":{"footnotes":""},"class_list":["post-129","page","type-page","status-publish","hentry"],"_links":{"self":[{"href":"https:\/\/policies.in2me.io\/es\/wp-json\/wp\/v2\/pages\/129","targetHints":{"allow":["GET"]}}],"collection":[{"href":"https:\/\/policies.in2me.io\/es\/wp-json\/wp\/v2\/pages"}],"about":[{"href":"https:\/\/policies.in2me.io\/es\/wp-json\/wp\/v2\/types\/page"}],"author":[{"embeddable":true,"href":"https:\/\/policies.in2me.io\/es\/wp-json\/wp\/v2\/users\/1"}],"replies":[{"embeddable":true,"href":"https:\/\/policies.in2me.io\/es\/wp-json\/wp\/v2\/comments?post=129"}],"version-history":[{"count":6,"href":"https:\/\/policies.in2me.io\/es\/wp-json\/wp\/v2\/pages\/129\/revisions"}],"predecessor-version":[{"id":135,"href":"https:\/\/policies.in2me.io\/es\/wp-json\/wp\/v2\/pages\/129\/revisions\/135"}],"wp:attachment":[{"href":"https:\/\/policies.in2me.io\/es\/wp-json\/wp\/v2\/media?parent=129"}],"curies":[{"name":"wp","href":"https:\/\/api.w.org\/{rel}","templated":true}]}}