{"id":173,"date":"2025-04-30T14:51:11","date_gmt":"2025-04-30T14:51:11","guid":{"rendered":"https:\/\/policies.in2me.io\/?page_id=173"},"modified":"2025-04-30T14:53:01","modified_gmt":"2025-04-30T14:53:01","slug":"tackling-hate-speech","status":"publish","type":"page","link":"https:\/\/policies.in2me.io\/de\/tackling-hate-speech\/","title":{"rendered":"BEK\u00c4MPFUNG VON HASSREDE"},"content":{"rendered":"<div data-elementor-type=\"wp-page\" data-elementor-id=\"173\" class=\"elementor elementor-173\" data-elementor-post-type=\"page\">\n\t\t\t\t<div class=\"elementor-element elementor-element-377aef4 e-flex e-con-boxed e-con e-parent\" data-id=\"377aef4\" data-element_type=\"container\">\n\t\t\t\t\t<div class=\"e-con-inner\">\n\t\t\t\t<div class=\"elementor-element elementor-element-41559c6 elementor-widget elementor-widget-heading\" data-id=\"41559c6\" data-element_type=\"widget\" data-widget_type=\"heading.default\">\n\t\t\t\t<div class=\"elementor-widget-container\">\n\t\t\t\t\t<h2 class=\"elementor-heading-title elementor-size-default\">BEK\u00c4MPFUNG VON HASSREDE<\/h2>\t\t\t\t<\/div>\n\t\t\t\t<\/div>\n\t\t\t\t<div class=\"elementor-element elementor-element-8a1e63f elementor-widget elementor-widget-text-editor\" data-id=\"8a1e63f\" data-element_type=\"widget\" data-widget_type=\"text-editor.default\">\n\t\t\t\t<div class=\"elementor-widget-container\">\n\t\t\t\t\t\t\t\t\t<p class=\"\" data-start=\"269\" data-end=\"579\"><strong data-start=\"269\" data-end=\"361\">In2me ist ein Raum f\u00fcr Creator und Fans, sie selbst zu sein und sich frei auszudr\u00fccken.<\/strong> Dieses Engagement f\u00fcr Meinungsfreiheit wird durch unser Bestreben ausgeglichen, sicherzustellen, dass sich alle Creator und Fans auf unserer Plattform sicher f\u00fchlen. In2me <strong data-start=\"505\" data-end=\"566\">duldet keine Hassrede, Diskriminierung oder Drohungen<\/strong> in jeglicher Form.<\/p><h5 data-start=\"586\" data-end=\"635\">Welche Art von Inhalten ist auf In2me nicht erlaubt?<\/h5><p class=\"\" data-start=\"637\" data-end=\"805\">In2me&#8217;s <a rel=\"noopener\" data-start=\"645\" data-end=\"666\">Bedingungen der Dienstleistung<\/a> und <a rel=\"noopener\" data-start=\"671\" data-end=\"697\">Nutzungsbedingungen<\/a> erkl\u00e4ren klar, dass unter anderem die folgenden Arten von Inhalten <strong data-start=\"773\" data-end=\"788\">nicht erlaubt<\/strong> auf der Plattform:<\/p><ul data-start=\"807\" data-end=\"1535\"><li class=\"\" data-start=\"807\" data-end=\"1265\"><p class=\"\" data-start=\"809\" data-end=\"1265\">Inhalte, die <strong data-start=\"822\" data-end=\"882\">enth\u00e4lt, f\u00f6rdert, bewirbt oder bezieht sich auf Hassrede<\/strong>einschlie\u00dflich Material, das darauf abzielt, Personen oder Gruppen aufgrund von Rasse, Ethnie, nationaler Herkunft, Einwanderungsstatus, Kaste, Religion, Geschlecht, Geschlechtsidentit\u00e4t oder -ausdruck, sexueller Orientierung, Alter, Behinderung, schwerer Krankheit, Veteranenstatus oder einer anderen gesch\u00fctzten Eigenschaft zu verleumden, zu dem\u00fctigen, zu entmenschlichen, auszuschlie\u00dfen, anzugreifen, zu bedrohen oder zu Hass, Angst oder Gewalt anzustiften.<\/p><\/li><li class=\"\" data-start=\"1266\" data-end=\"1439\"><p class=\"\" data-start=\"1268\" data-end=\"1439\">Inhalte, die <strong data-start=\"1284\" data-end=\"1371\">illegal, betr\u00fcgerisch, verleumderisch, hasserf\u00fcllt, diskriminierend, bedrohlich oder bel\u00e4stigend<\/strong>oder das zu Gewalt oder zu illegalen Aktivit\u00e4ten anregt oder diese f\u00f6rdert.<\/p><\/li><li class=\"\" data-start=\"1440\" data-end=\"1535\"><p class=\"\" data-start=\"1442\" data-end=\"1535\">Inhalte, die <strong data-start=\"1455\" data-end=\"1499\">stellt Schusswaffen oder Waffen dar oder bezieht sich darauf<\/strong> auf eine bedrohliche oder gewaltt\u00e4tige Weise.<\/p><\/li><\/ul><h5 data-start=\"1542\" data-end=\"1619\">Erlaubt das Abonnementmodell von In2me Hassrede oder missbr\u00e4uchliche Inhalte?<\/h5><p class=\"\" data-start=\"1621\" data-end=\"1914\"><strong data-start=\"1621\" data-end=\"1628\">Nein.<\/strong> Tats\u00e4chlich hilft das Abonnementmodell von In2me <strong data-start=\"1671\" data-end=\"1681\">reduzieren<\/strong> die Wahrscheinlichkeit verringern, dass Hassrede, Diskriminierung oder Drohungen geteilt werden. Denn die Plattform <strong data-start=\"1780\" data-end=\"1811\">keine anonyme Ver\u00f6ffentlichung erlaubt<\/strong>, alle Nutzer \u2013 egal ob Creator oder Abonnenten \u2013 m\u00fcssen <strong data-start=\"1874\" data-end=\"1913\">strenge Identit\u00e4ts\u00fcberpr\u00fcfungen<\/strong>.<\/p><p class=\"\" data-start=\"1916\" data-end=\"2194\">Im Gegensatz zu vielen anderen digitalen Plattformen, In2me <strong data-start=\"1959\" data-end=\"2004\">kennt die rechtliche Identit\u00e4t aller seiner Nutzer<\/strong>, was Nutzer davon abh\u00e4lt, hasserf\u00fcllte, bedrohliche oder diskriminierende Inhalte zu posten oder zu teilen. Au\u00dferdem ist es aufgrund der Paywall auf In2me weniger wahrscheinlich, dass Inhalte \u201eviral gehen\u201c.<\/p><h5 data-start=\"2201\" data-end=\"2259\">Wie erkennt In2me Hassrede oder missbr\u00e4uchliches Verhalten?<\/h5><p class=\"\" data-start=\"2261\" data-end=\"2402\">In2me <strong data-start=\"2267\" data-end=\"2305\">verwendet keine Ende-zu-Ende-Verschl\u00fcsselung<\/strong>Alles auf der Plattform \u2013 einschlie\u00dflich Direktnachrichten \u2013 ist f\u00fcr unser geschultes Moderationsteam sichtbar.<\/p><p class=\"\" data-start=\"2404\" data-end=\"2783\">Wir kontinuierlich <strong data-start=\"2420\" data-end=\"2484\">scannen die Plattform mit automatisierten Werkzeugen und menschlichen Moderatoren<\/strong> um das Posten von Inhalten zu erkennen und zu verhindern, die gegen unsere Nutzungsbedingungen oder unsere Richtlinien zur akzeptablen Nutzung versto\u00dfen. Au\u00dferdem, <strong data-start=\"2606\" data-end=\"2629\">Meldungen aus der Community<\/strong> spielt eine wichtige Rolle. Jeder Beitrag, jede Nachricht, jedes Bild und Video auf der Plattform enth\u00e4lt einen Meldebutton, den Nutzer verwenden k\u00f6nnen, um unangemessene Inhalte zu melden.<\/p><p class=\"\" data-start=\"2785\" data-end=\"2864\">In2me kann \u00fcberpr\u00fcfen und entfernen <strong data-start=\"2813\" data-end=\"2851\">any post, message, image, or video<\/strong> jederzeit.<\/p><h5 data-start=\"2871\" data-end=\"2936\">Was passiert, wenn In2me Hassrede oder missbr\u00e4uchliche Inhalte findet?<\/h5><p class=\"\" data-start=\"2938\" data-end=\"3142\">Wenn In2me eine Meldung erh\u00e4lt oder identifiziert <strong data-start=\"2982\" data-end=\"3048\">verd\u00e4chtige Hassrede, diskriminierendes oder bedrohliches Verhalten<\/strong>, wird der Inhalt <strong data-start=\"3065\" data-end=\"3105\">sofort von der \u00f6ffentlichen Ansicht entfernt<\/strong> und von unserem Moderationsteam \u00fcberpr\u00fcft.<\/p><p class=\"\" data-start=\"3144\" data-end=\"3265\">Wenn der Inhalt gegen unsere Nutzungsbedingungen oder unsere Richtlinien zur akzeptablen Nutzung verst\u00f6\u00dft, ergreift In2me geeignete Ma\u00dfnahmen, die Folgendes umfassen k\u00f6nnen:<\/p><ul data-start=\"3267\" data-end=\"3352\"><li class=\"\" data-start=\"3267\" data-end=\"3287\"><p class=\"\" data-start=\"3269\" data-end=\"3287\">Eine formelle Warnung<\/p><\/li><li class=\"\" data-start=\"3288\" data-end=\"3320\"><p class=\"\" data-start=\"3290\" data-end=\"3320\">Vor\u00fcbergehende Kontosperrung<\/p><\/li><li class=\"\" data-start=\"3321\" data-end=\"3352\"><p class=\"\" data-start=\"3323\" data-end=\"3352\">Permanente Kontol\u00f6schung<\/p><\/li><\/ul><h5 data-start=\"3359\" data-end=\"3397\">Kann In2me private Nachrichten \u00fcberpr\u00fcfen?<\/h5><p class=\"\" data-start=\"3399\" data-end=\"3630\">Ja. In2me verwendet keine Ende-zu-Ende-Verschl\u00fcsselung. Es gibt <strong data-start=\"3456\" data-end=\"3515\">keine versteckten Beitr\u00e4ge, verschwindenden Nachrichten oder geheimen Bereiche<\/strong> auf der Plattform. Unser Moderationsteam kann \u00fcberpr\u00fcfen und entfernen <strong data-start=\"3575\" data-end=\"3613\">jede Direktnachricht oder privaten Beitrag<\/strong> auf In2me geteilt.<\/p><h5 data-start=\"3637\" data-end=\"3688\">Wie melde ich Hassrede oder missbr\u00e4uchliche Inhalte?<\/h5><p class=\"\" data-start=\"3690\" data-end=\"3878\">Jeder Beitrag, jede Nachricht und jedes Konto auf In2me enth\u00e4lt einen <strong data-start=\"3742\" data-end=\"3759\">report button<\/strong>. Wenn Sie auf Inhalte sto\u00dfen, von denen Sie glauben, dass sie gegen unsere Richtlinien zu Hassrede oder Missbrauch versto\u00dfen, klicken Sie bitte auf die Melde-Schaltfl\u00e4che.<\/p><p class=\"\" data-start=\"3880\" data-end=\"4011\">Alternativ k\u00f6nnen Sie uns direkt per E-Mail erreichen unter <a rel=\"noopener\" data-start=\"3924\" data-end=\"3967\">support@in2me.io<\/a> mit Details zum betreffenden Inhalt.<\/p>\t\t\t\t\t\t\t\t<\/div>\n\t\t\t\t<\/div>\n\t\t\t\t\t<\/div>\n\t\t\t\t<\/div>\n\t\t\t\t<\/div>","protected":false},"excerpt":{"rendered":"<p>TACKLING HATE SPEECH In2me is a space for creators and fans to be who they are and express themselves freely. This commitment to freedom of expression is balanced by our dedication to ensuring that all creators and fans feel safe on our platform. In2me does not tolerate hate speech, discrimination, or threats in any form. [&hellip;]<\/p>","protected":false},"author":1,"featured_media":0,"parent":0,"menu_order":0,"comment_status":"closed","ping_status":"closed","template":"","meta":{"footnotes":""},"class_list":["post-173","page","type-page","status-publish","hentry"],"_links":{"self":[{"href":"https:\/\/policies.in2me.io\/de\/wp-json\/wp\/v2\/pages\/173","targetHints":{"allow":["GET"]}}],"collection":[{"href":"https:\/\/policies.in2me.io\/de\/wp-json\/wp\/v2\/pages"}],"about":[{"href":"https:\/\/policies.in2me.io\/de\/wp-json\/wp\/v2\/types\/page"}],"author":[{"embeddable":true,"href":"https:\/\/policies.in2me.io\/de\/wp-json\/wp\/v2\/users\/1"}],"replies":[{"embeddable":true,"href":"https:\/\/policies.in2me.io\/de\/wp-json\/wp\/v2\/comments?post=173"}],"version-history":[{"count":4,"href":"https:\/\/policies.in2me.io\/de\/wp-json\/wp\/v2\/pages\/173\/revisions"}],"predecessor-version":[{"id":177,"href":"https:\/\/policies.in2me.io\/de\/wp-json\/wp\/v2\/pages\/173\/revisions\/177"}],"wp:attachment":[{"href":"https:\/\/policies.in2me.io\/de\/wp-json\/wp\/v2\/media?parent=173"}],"curies":[{"name":"wp","href":"https:\/\/api.w.org\/{rel}","templated":true}]}}