{"id":168,"date":"2025-04-30T14:49:42","date_gmt":"2025-04-30T14:49:42","guid":{"rendered":"https:\/\/policies.in2me.io\/?page_id=168"},"modified":"2025-04-30T14:51:01","modified_gmt":"2025-04-30T14:51:01","slug":"safeguarding-against-money-laundering-fraud","status":"publish","type":"page","link":"https:\/\/policies.in2me.io\/de\/safeguarding-against-money-laundering-fraud\/","title":{"rendered":"SAFEGUARDING AGAINST MONEY LAUNDERING &#038; FRAUD"},"content":{"rendered":"<div data-elementor-type=\"wp-page\" data-elementor-id=\"168\" class=\"elementor elementor-168\" data-elementor-post-type=\"page\">\n\t\t\t\t<div class=\"elementor-element elementor-element-2cf1073 e-flex e-con-boxed e-con e-parent\" data-id=\"2cf1073\" data-element_type=\"container\">\n\t\t\t\t\t<div class=\"e-con-inner\">\n\t\t\t\t<div class=\"elementor-element elementor-element-460c0be elementor-widget elementor-widget-heading\" data-id=\"460c0be\" data-element_type=\"widget\" data-widget_type=\"heading.default\">\n\t\t\t\t<div class=\"elementor-widget-container\">\n\t\t\t\t\t<h2 class=\"elementor-heading-title elementor-size-default\">SCHUTZ VOR GELDW\u00c4SCHE UND BETRUG<\/h2>\t\t\t\t<\/div>\n\t\t\t\t<\/div>\n\t\t\t\t<div class=\"elementor-element elementor-element-8ab195c elementor-widget elementor-widget-text-editor\" data-id=\"8ab195c\" data-element_type=\"widget\" data-widget_type=\"text-editor.default\">\n\t\t\t\t<div class=\"elementor-widget-container\">\n\t\t\t\t\t\t\t\t\t<p class=\"\" data-start=\"167\" data-end=\"377\"><strong data-start=\"167\" data-end=\"239\">Money laundering and fraud are illegal and harmful to our community.<\/strong> In2me hat mehrere Kontrollen eingerichtet, um potenzielle Betrugs- oder Geldw\u00e4scheaktivit\u00e4ten auf unserer Plattform zu verhindern, zu erkennen und zu bek\u00e4mpfen.<\/p><h5 data-start=\"384\" data-end=\"413\">Was ist Geldw\u00e4sche?<\/h5><p class=\"\" data-start=\"415\" data-end=\"762\"><strong data-start=\"415\" data-end=\"435\">Geldw\u00e4scherei<\/strong> bezieht sich auf den illegalen Prozess der Verschleierung der Herkunft von Geld, das durch kriminelle Aktivit\u00e4ten erlangt wurde. Dies geschieht in der Regel dadurch, dass das Geld durch legale Finanzsysteme oder -dienstleistungen wie Bankgesch\u00e4fte oder Eink\u00e4ufe geschleust wird, um den Anschein zu erwecken, dass die Gelder aus einer legalen Quelle stammen. Das \u201eschmutzige\u201c Geld wird also \u201egewaschen\u201c, um \u201esauber\u201c zu erscheinen.<\/p><p class=\"\" data-start=\"764\" data-end=\"953\">In2me does <strong data-start=\"775\" data-end=\"791\">nicht dulden<\/strong> Geldw\u00e4scherei. Wir haben eine breite Palette von Instrumenten, Richtlinien und Verfahren implementiert, um jegliche Versuche, unsere Plattform zu diesem Zweck zu missbrauchen, zu erkennen und zu verhindern.<\/p><h5 data-start=\"960\" data-end=\"978\">Was ist Betrug?<\/h5><p class=\"\" data-start=\"980\" data-end=\"1112\"><strong data-start=\"980\" data-end=\"989\">Betrug<\/strong> ist die illegale Handlung, Geld oder etwas von Wert zu erlangen, indem eine andere Person oder Partei ausgetrickst, get\u00e4uscht oder irregef\u00fchrt wird.<\/p><p class=\"\" data-start=\"1114\" data-end=\"1266\">Betrug ist <strong data-start=\"1123\" data-end=\"1146\">streng verboten<\/strong> auf In2me. Wir verwenden verschiedene Tools und Prozesse, um betr\u00fcgerische Aktivit\u00e4ten auf der Plattform zu erkennen und zu verhindern.<\/p><h5 data-start=\"1273\" data-end=\"1340\">Wie geht In2me mit den Risiken von Geldw\u00e4sche und Betrug um?<\/h5><p class=\"\" data-start=\"1342\" data-end=\"1615\">In2me hat eine <strong data-start=\"1354\" data-end=\"1372\">engagiertes Team<\/strong> das auf die Aufdeckung und Verhinderung von Geldw\u00e4sche und Betrug spezialisiert ist. Dieses Team nutzt eine Kombination aus <strong data-start=\"1480\" data-end=\"1499\">menschliche Kompetenz<\/strong>, <strong data-start=\"1501\" data-end=\"1527\">firmeneigene Technologie<\/strong>und <strong data-start=\"1533\" data-end=\"1554\">Werkzeuge Dritter<\/strong> um verd\u00e4chtige Aktivit\u00e4ten zu erkennen und gr\u00fcndlich zu untersuchen.<\/p><p class=\"\" data-start=\"1617\" data-end=\"1681\">Unsere Mitarbeiter sind darin geschult, Folgendes zu erkennen <strong data-start=\"1656\" data-end=\"1669\">rote Fahnen<\/strong>, einschlie\u00dflich:<\/p><ul data-start=\"1683\" data-end=\"2109\"><li class=\"\" data-start=\"1683\" data-end=\"1739\"><p class=\"\" data-start=\"1685\" data-end=\"1739\">Mehrere Kartenzahlungsversuche unter verschiedenen Namen<\/p><\/li><li class=\"\" data-start=\"1740\" data-end=\"1778\"><p class=\"\" data-start=\"1742\" data-end=\"1778\">Schnelle oder ungew\u00f6hnlich gro\u00dfe K\u00e4ufe<\/p><\/li><li class=\"\" data-start=\"1779\" data-end=\"1834\"><p class=\"\" data-start=\"1781\" data-end=\"1834\">Transaktionen von markierten oder risikoreichen IP-Adressen<\/p><\/li><li class=\"\" data-start=\"1835\" data-end=\"1902\"><p class=\"\" data-start=\"1837\" data-end=\"1902\">Transaktionen, bei denen sowohl Fan als auch Creator die gleiche IP-Adresse verwenden<\/p><\/li><li class=\"\" data-start=\"1903\" data-end=\"2006\"><p class=\"\" data-start=\"1905\" data-end=\"2006\">Verd\u00e4chtiges Kontoverhalten, z. B. neu eingerichtete Konten oder Konten, die unzuverl\u00e4ssige E-Mail-Dom\u00e4nen verwenden<\/p><\/li><li class=\"\" data-start=\"2007\" data-end=\"2109\"><p class=\"\" data-start=\"2009\" data-end=\"2109\">Suggestive Direktnachrichten (z. B. Aufforderungen zur teilweisen R\u00fcckerstattung durch Zahlungsdienste Dritter)<\/p><\/li><\/ul><h5 data-start=\"2116\" data-end=\"2169\">Wie verbreitet ist Geldw\u00e4sche oder Betrug bei In2me?<\/h5><p class=\"\" data-start=\"2171\" data-end=\"2377\">Sehr selten. Aufgrund von In2me's <strong data-start=\"2197\" data-end=\"2240\">solide Verfahren zur Identit\u00e4ts\u00fcberpr\u00fcfung<\/strong>, <strong data-start=\"2242\" data-end=\"2266\">Verf\u00fcgungsrahmen<\/strong>und <strong data-start=\"2272\" data-end=\"2297\">Instrumente zur Betrugserkennung<\/strong>Vorf\u00e4lle von Geldw\u00e4sche oder Betrug auf der Plattform sind \u00e4u\u00dferst selten.<\/p><p class=\"\" data-start=\"2379\" data-end=\"2578\">Wenn sich herausstellt, dass ein Nutzer gegen unsere Richtlinien versto\u00dfen hat oder an illegalen Aktivit\u00e4ten beteiligt war, k\u00f6nnen wir ihn schnell identifizieren, von der Plattform entfernen und ihn gegebenenfalls den Strafverfolgungsbeh\u00f6rden melden.<\/p><h5 data-start=\"2585\" data-end=\"2655\">Ist das In2me-Team darin geschult, Geldw\u00e4sche und Betrug zu erkennen?<\/h5><p class=\"\" data-start=\"2657\" data-end=\"2814\">Ja. Das Betrugs- und Compliance-Team von In2me ist <strong data-start=\"2699\" data-end=\"2720\">routinem\u00e4\u00dfig geschult<\/strong> \u00fcber die neuesten Best Practices der Branche, um verd\u00e4chtiges oder illegales Verhalten zu erkennen und zu verhindern.<\/p><h5 data-start=\"2821\" data-end=\"2884\">Was passiert, wenn In2me einen Verdacht auf Geldw\u00e4sche oder Betrug hat?<\/h5><p class=\"\" data-start=\"2886\" data-end=\"3154\">Wenn ein verd\u00e4chtiges Verhalten festgestellt oder gemeldet wird, leitet In2me eine interne Untersuchung ein. Wir k\u00f6nnen <strong data-start=\"2984\" data-end=\"3004\">Konten sperren<\/strong>, <strong data-start=\"3006\" data-end=\"3029\">Transaktionen einfrieren<\/strong>, oder <strong data-start=\"3034\" data-end=\"3061\">bestimmte Inhalte entfernen<\/strong> w\u00e4hrend die Ermittlungen noch laufen. Bei Bedarf arbeiten wir auch eng mit den Strafverfolgungsbeh\u00f6rden zusammen.<\/p><h5 data-start=\"3161\" data-end=\"3216\">Wie h\u00e4lt In2me die internationalen Sanktionen ein?<\/h5><p class=\"\" data-start=\"3218\" data-end=\"3409\">In2me h\u00e4lt sich an alle relevanten <strong data-start=\"3251\" data-end=\"3299\">nationale und internationale Sanktionsregelungen<\/strong>. Wir arbeiten mit Drittanbietern zusammen, um Nutzer und Transaktionen mit offiziellen Datenbanken abzugleichen, z. B:<\/p><ul data-start=\"3411\" data-end=\"3593\"><li class=\"\" data-start=\"3411\" data-end=\"3528\"><p class=\"\" data-start=\"3413\" data-end=\"3528\">Die U.S.A. <strong data-start=\"3422\" data-end=\"3465\">Amt f\u00fcr die Kontrolle ausl\u00e4ndischer Verm\u00f6genswerte (OFAC)<\/strong> - Liste der speziell benannten Staatsangeh\u00f6rigen und gesperrten Personen<\/p><\/li><li class=\"\" data-start=\"3529\" data-end=\"3593\"><p class=\"\" data-start=\"3531\" data-end=\"3593\">Das UK <strong data-start=\"3538\" data-end=\"3593\">B\u00fcro f\u00fcr die Umsetzung der Finanzsanktionen (OFSI)<\/strong><\/p><\/li><\/ul><p class=\"\" data-start=\"3595\" data-end=\"3723\">Wir erf\u00fcllen alle rechtlichen Verpflichtungen, wenn ein Nutzer oder eine damit verbundene Transaktion eine <strong data-start=\"3669\" data-end=\"3722\">sanktionierte Person, Organisation, Land oder Region<\/strong>.<\/p><h5 data-start=\"3730\" data-end=\"3776\">Kooperiert In2me mit den Strafverfolgungsbeh\u00f6rden?<\/h5><p class=\"\" data-start=\"3778\" data-end=\"3982\">Ja. Wir melden mutma\u00dflichen Betrug oder Geldw\u00e4sche den Strafverfolgungsbeh\u00f6rden und <strong data-start=\"3852\" data-end=\"3872\">umgehend reagieren<\/strong> an offizielle Anfragen von Beh\u00f6rden und Strafverfolgungsbeh\u00f6rden im Zusammenhang mit potenziell illegalen Aktivit\u00e4ten auf unserer Plattform.<\/p>\t\t\t\t\t\t\t\t<\/div>\n\t\t\t\t<\/div>\n\t\t\t\t\t<\/div>\n\t\t\t\t<\/div>\n\t\t\t\t<\/div>","protected":false},"excerpt":{"rendered":"<p>SAFEGUARDING AGAINST MONEY LAUNDERING &#038; FRAUD Money laundering and fraud are illegal and harmful to our community. In2me has established multiple controls to prevent, detect, and address any potential fraud or money laundering activity on our platform. What is money laundering? Money laundering refers to the illegal process of disguising the origins of money obtained [&hellip;]<\/p>","protected":false},"author":1,"featured_media":0,"parent":0,"menu_order":0,"comment_status":"closed","ping_status":"closed","template":"","meta":{"footnotes":""},"class_list":["post-168","page","type-page","status-publish","hentry"],"_links":{"self":[{"href":"https:\/\/policies.in2me.io\/de\/wp-json\/wp\/v2\/pages\/168","targetHints":{"allow":["GET"]}}],"collection":[{"href":"https:\/\/policies.in2me.io\/de\/wp-json\/wp\/v2\/pages"}],"about":[{"href":"https:\/\/policies.in2me.io\/de\/wp-json\/wp\/v2\/types\/page"}],"author":[{"embeddable":true,"href":"https:\/\/policies.in2me.io\/de\/wp-json\/wp\/v2\/users\/1"}],"replies":[{"embeddable":true,"href":"https:\/\/policies.in2me.io\/de\/wp-json\/wp\/v2\/comments?post=168"}],"version-history":[{"count":4,"href":"https:\/\/policies.in2me.io\/de\/wp-json\/wp\/v2\/pages\/168\/revisions"}],"predecessor-version":[{"id":172,"href":"https:\/\/policies.in2me.io\/de\/wp-json\/wp\/v2\/pages\/168\/revisions\/172"}],"wp:attachment":[{"href":"https:\/\/policies.in2me.io\/de\/wp-json\/wp\/v2\/media?parent=168"}],"curies":[{"name":"wp","href":"https:\/\/api.w.org\/{rel}","templated":true}]}}