{"id":163,"date":"2025-04-30T14:45:37","date_gmt":"2025-04-30T14:45:37","guid":{"rendered":"https:\/\/policies.in2me.io\/?page_id=163"},"modified":"2025-04-30T14:48:12","modified_gmt":"2025-04-30T14:48:12","slug":"helping-creators-protect-their-copyright","status":"publish","type":"page","link":"https:\/\/policies.in2me.io\/de\/helping-creators-protect-their-copyright\/","title":{"rendered":"CREATORS BEIM SCHUTZ IHRES URHEBERRECHTS UNTERST\u00dcTZEN"},"content":{"rendered":"<div data-elementor-type=\"wp-page\" data-elementor-id=\"163\" class=\"elementor elementor-163\" data-elementor-post-type=\"page\">\n\t\t\t\t<div class=\"elementor-element elementor-element-de8ac7f e-flex e-con-boxed e-con e-parent\" data-id=\"de8ac7f\" data-element_type=\"container\">\n\t\t\t\t\t<div class=\"e-con-inner\">\n\t\t\t\t<div class=\"elementor-element elementor-element-e452551 elementor-widget elementor-widget-heading\" data-id=\"e452551\" data-element_type=\"widget\" data-widget_type=\"heading.default\">\n\t\t\t\t<div class=\"elementor-widget-container\">\n\t\t\t\t\t<h2 class=\"elementor-heading-title elementor-size-default\">CREATORS BEIM SCHUTZ IHRES URHEBERRECHTS UNTERST\u00dcTZEN\n<\/h2>\t\t\t\t<\/div>\n\t\t\t\t<\/div>\n\t\t\t\t<div class=\"elementor-element elementor-element-7e034c8 elementor-widget elementor-widget-text-editor\" data-id=\"7e034c8\" data-element_type=\"widget\" data-widget_type=\"text-editor.default\">\n\t\t\t\t<div class=\"elementor-widget-container\">\n\t\t\t\t\t\t\t\t\t<p class=\"\" data-start=\"172\" data-end=\"360\"><strong data-start=\"172\" data-end=\"238\">Die Mission von In2me ist es, Creators zu bef\u00e4higen, ihr Potenzial zu entfalten.<\/strong> Wir sind verpflichtet, Creators eine sichere Umgebung zu bieten, in der sie die Inhalte, die sie erstellen, teilen und monetarisieren k\u00f6nnen.<\/p><p class=\"\" data-start=\"362\" data-end=\"535\"><strong data-start=\"362\" data-end=\"395\">Das Stehlen von Inhalten ist rechtswidrig.<\/strong> Zus\u00e4tzlich zu unseren anderen Sicherheits- und Inhaltsmoderationsma\u00dfnahmen verf\u00fcgt In2me \u00fcber ein eigenes Team, das Creators dabei unterst\u00fctzt, ihre Inhalte zu sch\u00fctzen.<\/p><h5 data-start=\"542\" data-end=\"589\">Wer besitzt die Inhalte auf der In2me-Plattform?<\/h5><p class=\"\" data-start=\"591\" data-end=\"760\">Jeder Creator besitzt die Inhalte, die er auf In2me ver\u00f6ffentlicht. Durch das Ver\u00f6ffentlichen von Inhalten gew\u00e4hren die Creators In2me das gesetzliche Recht, diese Inhalte ihren Fans auf der Plattform anzuzeigen.<\/p><h5 data-start=\"767\" data-end=\"837\">Bietet In2me Creators Werkzeuge an, um ihre Inhalte zu sch\u00fctzen?<\/h5><p class=\"\" data-start=\"839\" data-end=\"1041\">Ja. In2me stellt ein kostenloses digitales <strong data-start=\"874\" data-end=\"890\">Wasserzeichen<\/strong> Ein kostenloser Service f\u00fcr alle Creators. Ein Wasserzeichen ist ein leichtes digitales Textzeichen, das \u00fcber die Inhalte eines Creators gelegt wird, um das Kopieren oder die Wiederverwendung ohne Erlaubnis zu erschweren.<\/p><p class=\"\" data-start=\"1043\" data-end=\"1220\">Creators k\u00f6nnen ihr Wasserzeichen in ihren <strong data-start=\"1091\" data-end=\"1113\">Datenschutz und Sicherheit<\/strong> Einstellungen. Wenn Sie Hilfe ben\u00f6tigen, k\u00f6nnen Sie sich an unser Support-Team wenden. <a class=\"\" href=\"https:\/\/in2me.io\/contacts\" target=\"_new\" rel=\"noopener\" data-start=\"1186\" data-end=\"1219\">link<\/a>.<\/p><h5 data-start=\"1227\" data-end=\"1333\">Ich bin ein Creator und mein Inhalt wurde ohne meine Erlaubnis auf einer anderen Website ver\u00f6ffentlicht. Kann In2me helfen?<\/h5><p class=\"\" data-start=\"1335\" data-end=\"1556\">Ja. In2me unterst\u00fctzt Creator bei der Durchsetzung ihrer Urheberrechte. Urheberrechtsverletzungen k\u00f6nnen Sie In2me melden, indem Sie klicken. <a class=\"\" href=\"https:\/\/in2me.io\/contacts\" target=\"_new\" rel=\"noopener\" data-start=\"1447\" data-end=\"1480\">here<\/a> und ausw\u00e4hlen <strong data-start=\"1495\" data-end=\"1525\">Melden von gestohlenen Inhalten<\/strong>Wir werden umgehend ermitteln.<\/p><p class=\"\" data-start=\"1558\" data-end=\"1762\">Wir haben ein spezialisiertes Team, das formelle <strong data-start=\"1602\" data-end=\"1627\">DMCA-Deaktivierungsaufforderungen<\/strong> Im Namen der Creator, kostenlos. Auch wenn Sie au\u00dferhalb der USA leben, ist Ihr Inhalt durch internationale Urheberrechtsgesetze gesch\u00fctzt.<\/p><p class=\"\" data-start=\"1764\" data-end=\"1896\">Wir benachrichtigen Hosting-Anbieter, Domain-Registrare und gro\u00dfe Suchmaschinen, wenn von Creators gestohlene Inhalte anderswo im Internet auftauchen.<\/p><h5 data-start=\"1903\" data-end=\"1998\">Ich habe gestohlene Inhalte bei In2me gemeldet, aber sie wurden auf der anderen Seite nicht entfernt. Warum?<\/h5><p class=\"\" data-start=\"2000\" data-end=\"2255\">In2me gibt sein Bestes, um gestohlene Inhalte entfernen zu lassen, aber einige Webseiten respektieren keine Urheberrechtsgesetze oder kommen Aufforderungen zur Entfernung nicht nach. Wir empfehlen Creators, diese Webseiten auch direkt zu kontaktieren und gegebenenfalls eigenst\u00e4ndig rechtliche Schritte einzuleiten.<\/p><h5 data-start=\"2262\" data-end=\"2329\">Was tut In2me sonst noch, um Creators dabei zu helfen, ihre Inhalte zu sch\u00fctzen?<\/h5><p class=\"\" data-start=\"2331\" data-end=\"2552\">In2me durchsucht proaktiv das Internet, um Seiten zu finden, die gro\u00dfe Mengen gestohlener Creator-Inhalte hosten. Wo es angemessen ist, kontaktieren wir diese Plattformen und fordern die Entfernung der Inhalte. Einige kommen der Aufforderung nach, andere ignorieren sie m\u00f6glicherweise.<\/p><h5 data-start=\"2559\" data-end=\"2651\">Ich bin ein in den USA ans\u00e4ssiger Creator. Gibt es neben einer DMCA-Benachrichtigung oder Klage noch andere rechtliche Optionen?<\/h5><p class=\"\" data-start=\"2653\" data-end=\"2934\">Ja. Seit dem 16. Juni 2022 k\u00f6nnen US-Creator, die eine Entsch\u00e4digung von weniger als 30.000 $ anstreben, eine Klage einreichen bei der <strong data-start=\"2761\" data-end=\"2787\">Urheberrechtsanspruchsausschuss<\/strong> Unter dem CASE Act. Die Einreichung kostet 100 $ und erfordert keinen Anwalt oder das Erscheinen vor Gericht. Dies kann zus\u00e4tzlich zur Unterst\u00fctzung von In2me erfolgen.<\/p><h5 data-start=\"2941\" data-end=\"3033\">Ich bin ein in Gro\u00dfbritannien ans\u00e4ssiger Creator. Gibt es neben einer DMCA-Benachrichtigung oder Klage noch andere rechtliche Optionen?<\/h5><p class=\"\" data-start=\"3035\" data-end=\"3228\">Ja. UK-Creator, die eine Entsch\u00e4digung unter \u00a310.000 suchen, k\u00f6nnen eine Klage einreichen bei der <strong data-start=\"3108\" data-end=\"3167\">Gericht f\u00fcr geistiges Eigentum und Unternehmensstreitigkeiten im Schnellverfahren<\/strong>, mit Kosten, die den \u00fcblichen Verfahren bei kleinen Forderungen entsprechen.<\/p><h5 data-start=\"3235\" data-end=\"3328\">Ich bin ein in der EU ans\u00e4ssiger Creator. Gibt es neben einer DMCA-Benachrichtigung oder Klage noch andere rechtliche Optionen?<\/h5><p class=\"\" data-start=\"3330\" data-end=\"3472\">Ja. Das EU-Verfahren f\u00fcr geringf\u00fcgige Forderungen erlaubt Creators in jedem Mitgliedsland, Klagen einzureichen <strong data-start=\"3411\" data-end=\"3444\">grenz\u00fcberschreitende Urheberrechtsanspr\u00fcche<\/strong> \u00fcber ihre \u00f6rtlichen Gerichte.<\/p><p class=\"\" data-start=\"3474\" data-end=\"3618\">Zus\u00e4tzlich, gem\u00e4\u00df dem <strong data-start=\"3497\" data-end=\"3521\">Digitales-Dienste-Gesetz<\/strong>, werden EU-Websites bald gesetzlich verpflichtet sein, rechtsverletzende Inhalte zu entfernen, wenn ein Creator dies meldet.<\/p><h5 data-start=\"3625\" data-end=\"3720\">Ich bin Creator und jemand hat meine Inhalte ohne meine Erlaubnis auf In2me gepostet. Kann In2me helfen?<\/h5><p class=\"\" data-start=\"3722\" data-end=\"3969\">Ja. Alle geposteten Inhalte werden unter In2mes <strong data-start=\"3772\" data-end=\"3792\">Bedingungen der Dienstleistung<\/strong> und <strong data-start=\"3797\" data-end=\"3822\">Nutzungsbedingungen<\/strong>Verifizierte Creator m\u00fcssen sich in Inhalten taggen, und ein <strong data-start=\"3880\" data-end=\"3896\">Freigabeformular<\/strong> muss f\u00fcr jede Person, die nicht verifizierter Creator ist, eingereicht werden.<\/p><p class=\"\" data-start=\"3971\" data-end=\"4190\">Um gestohlene Inhalte zu melden, gehen Sie zu <a class=\"\" href=\"https:\/\/in2me.io\/contacts\" target=\"_new\" rel=\"noopener\" data-start=\"4003\" data-end=\"4057\">https:\/\/in2me.io\/contacts<\/a> und w\u00e4hlen Sie aus <strong data-start=\"4069\" data-end=\"4100\">Meldung gestohlener Inhalte.<\/strong> Geben Sie Ihren Namen, Ihre Kontaktdaten, eine Beschreibung Ihrer Beschwerde und die URL des Inhalts an.<\/p><p class=\"\" data-start=\"4192\" data-end=\"4587\">Wenn Sie in Inhalten erscheinen, die ohne Ihre Erlaubnis gepostet wurden, w\u00e4hlen Sie <strong data-start=\"4256\" data-end=\"4291\">Strafverfolgung \/ Rechtliche Angelegenheiten<\/strong> auf derselben Seite. Wir pr\u00fcfen alle solchen F\u00e4lle im Rahmen unserer <strong data-start=\"4345\" data-end=\"4366\">Beschwerderichtlinie<\/strong>Wenn nicht einvernehmliche Inhalte best\u00e4tigt werden, werden sie entfernt und Ma\u00dfnahmen gegen den Nutzer ergriffen, der sie gepostet hat. Streitigkeiten, die nicht informell gel\u00f6st werden k\u00f6nnen, k\u00f6nnen eingereicht werden bei <strong data-start=\"4548\" data-end=\"4571\">neutrale Schlichtung<\/strong> auf unsere Kosten.<\/p><h5 data-start=\"4594\" data-end=\"4661\">Was soll ich tun, wenn ich glaube, dass Inhalte f\u00e4lschlicherweise entfernt wurden?<\/h5><p class=\"\" data-start=\"4663\" data-end=\"4841\">Wenn Sie ein Creator sind und glauben, dass Ihre Inhalte f\u00e4lschlicherweise wegen Urheberrechtsverletzung entfernt wurden, folgen Sie bitte unserer <a class=\"\" href=\"https:\/\/in2me.io\/contacts\" target=\"_new\" rel=\"noopener\" data-start=\"4775\" data-end=\"4840\">DMCA Counter-Notification Procedures<\/a>.<\/p><h5 data-start=\"4848\" data-end=\"4930\">Ich bin Fan und habe bezahlt, um auf die Inhalte eines Creators zuzugreifen. Geh\u00f6rt mir dieser Inhalt?<\/h5><p class=\"\" data-start=\"4932\" data-end=\"5093\">Nein. Fans zahlen, um <strong data-start=\"4948\" data-end=\"4956\">ansehen<\/strong> Inhalte anzusehen, aber alle Inhalte bleiben Eigentum des Creators. Pay-per-View-Inhalte sind nur w\u00e4hrend des angegebenen Zugriffszeitraums verf\u00fcgbar.<\/p><h5 data-start=\"5100\" data-end=\"5176\">Ich bin Fan und habe bezahlt, um auf Inhalte zuzugreifen. Darf ich diese herunterladen?<\/h5><p class=\"\" data-start=\"5178\" data-end=\"5301\">Nein. Das Herunterladen oder Kopieren von Inhalten ist eine <strong data-start=\"5218\" data-end=\"5259\">Versto\u00df gegen die Nutzungsbedingungen von In2me<\/strong>In2me erlaubt keine Downloads von Inhalten.<\/p>\t\t\t\t\t\t\t\t<\/div>\n\t\t\t\t<\/div>\n\t\t\t\t\t<\/div>\n\t\t\t\t<\/div>\n\t\t\t\t<\/div>","protected":false},"excerpt":{"rendered":"<p>HELPING CREATORS PROTECT THEIR COPYRIGHT In2me\u2019s mission is to empower Creators to own their potential. We are committed to providing Creators with a safe environment where they can share and monetize the content they create. Stealing content is unlawful. In addition to our other safety and content moderation measures, In2me has a dedicated team working [&hellip;]<\/p>","protected":false},"author":1,"featured_media":0,"parent":0,"menu_order":0,"comment_status":"closed","ping_status":"closed","template":"","meta":{"footnotes":""},"class_list":["post-163","page","type-page","status-publish","hentry"],"_links":{"self":[{"href":"https:\/\/policies.in2me.io\/de\/wp-json\/wp\/v2\/pages\/163","targetHints":{"allow":["GET"]}}],"collection":[{"href":"https:\/\/policies.in2me.io\/de\/wp-json\/wp\/v2\/pages"}],"about":[{"href":"https:\/\/policies.in2me.io\/de\/wp-json\/wp\/v2\/types\/page"}],"author":[{"embeddable":true,"href":"https:\/\/policies.in2me.io\/de\/wp-json\/wp\/v2\/users\/1"}],"replies":[{"embeddable":true,"href":"https:\/\/policies.in2me.io\/de\/wp-json\/wp\/v2\/comments?post=163"}],"version-history":[{"count":4,"href":"https:\/\/policies.in2me.io\/de\/wp-json\/wp\/v2\/pages\/163\/revisions"}],"predecessor-version":[{"id":167,"href":"https:\/\/policies.in2me.io\/de\/wp-json\/wp\/v2\/pages\/163\/revisions\/167"}],"wp:attachment":[{"href":"https:\/\/policies.in2me.io\/de\/wp-json\/wp\/v2\/media?parent=163"}],"curies":[{"name":"wp","href":"https:\/\/api.w.org\/{rel}","templated":true}]}}