{"id":159,"date":"2025-04-30T14:42:07","date_gmt":"2025-04-30T14:42:07","guid":{"rendered":"https:\/\/policies.in2me.io\/?page_id=159"},"modified":"2025-04-30T14:44:05","modified_gmt":"2025-04-30T14:44:05","slug":"ensuring-consent-for-intimate-images","status":"publish","type":"page","link":"https:\/\/policies.in2me.io\/de\/ensuring-consent-for-intimate-images\/","title":{"rendered":"SICHERSTELLUNG DER EINWILLIGUNG F\u00dcR INTIME BILDER"},"content":{"rendered":"<div data-elementor-type=\"wp-page\" data-elementor-id=\"159\" class=\"elementor elementor-159\" data-elementor-post-type=\"page\">\n\t\t\t\t<div class=\"elementor-element elementor-element-c32ceb4 e-flex e-con-boxed e-con e-parent\" data-id=\"c32ceb4\" data-element_type=\"container\">\n\t\t\t\t\t<div class=\"e-con-inner\">\n\t\t\t\t<div class=\"elementor-element elementor-element-f105d41 elementor-widget elementor-widget-heading\" data-id=\"f105d41\" data-element_type=\"widget\" data-widget_type=\"heading.default\">\n\t\t\t\t<div class=\"elementor-widget-container\">\n\t\t\t\t\t<h2 class=\"elementor-heading-title elementor-size-default\">SICHERSTELLUNG DER EINWILLIGUNG F\u00dcR INTIME BILDER<\/h2>\t\t\t\t<\/div>\n\t\t\t\t<\/div>\n\t\t\t\t<div class=\"elementor-element elementor-element-7e05529 elementor-widget elementor-widget-text-editor\" data-id=\"7e05529\" data-element_type=\"widget\" data-widget_type=\"text-editor.default\">\n\t\t\t\t<div class=\"elementor-widget-container\">\n\t\t\t\t\t\t\t\t\t<p class=\"\" data-start=\"158\" data-end=\"387\"><strong data-start=\"158\" data-end=\"387\">In2me erm\u00f6glicht Creators aus allen Genres, mit ihren Fans in Kontakt zu treten und legale Inhalte zu monetarisieren. Nutzer d\u00fcrfen keine intimen Fotos oder Videos von jemandem posten oder teilen, die ohne deren Zustimmung produziert oder verbreitet wurden.<\/strong><\/p><p class=\"\" data-start=\"389\" data-end=\"557\">Das Teilen von nicht einvernehmlichen intimen Bildern (NCII) verst\u00f6\u00dft gegen die Nutzungsbedingungen von In2me. In2me wird gegen jeden vorgehen, der versucht, die Plattform auf diese Weise zu missbrauchen.<\/p><h5 data-start=\"564\" data-end=\"608\">Was ist ein nicht einvernehmliches intimes Bild?<\/h5><p class=\"\" data-start=\"610\" data-end=\"856\">Ein nicht einvernehmliches intimes Bild (NCII) ist ein sexuell explizites Bild oder Video von jemandem, das ohne dessen Zustimmung aufgenommen und\/oder geteilt wird. Dazu geh\u00f6ren Bilder oder Videos, die in einem intimen Rahmen aufgenommen wurden und nicht f\u00fcr die \u00f6ffentliche Verbreitung bestimmt waren.<\/p><h5 data-start=\"863\" data-end=\"926\">Wie verhindert In2me das Teilen von NCII auf seiner Plattform?<\/h5><p class=\"\" data-start=\"928\" data-end=\"1178\">Jeder Creator ist pers\u00f6nlich und rechtlich f\u00fcr die Inhalte verantwortlich, die er auf In2me teilt. Es verst\u00f6\u00dft gegen die Nutzungsbedingungen von In2me, wenn Creator explizite Inhalte mit einer anderen Person ohne deren ausdr\u00fcckliche Zustimmung posten, hochladen oder teilen.<\/p><p class=\"\" data-start=\"1180\" data-end=\"1498\">Creators m\u00fcssen sicherstellen, dass sie die informierte Zustimmung jeder Person haben, die in den expliziten Inhalten vorkommt, die sie auf In2me teilen m\u00f6chten. In2me unternimmt Schritte, um das Alter und die Identit\u00e4t jeder Person in expliziten Inhalten zu best\u00e4tigen und sicherzustellen, dass sie der Verwendung ihres Bildes zugestimmt hat, bevor die Inhalte auf der Plattform geteilt werden.<\/p><h5 data-start=\"1505\" data-end=\"1568\">Was passiert, wenn In2me auf seiner Plattform vermutetes NCII findet?<\/h5><p class=\"\" data-start=\"1570\" data-end=\"1793\">Wenn wir vermutetes NCII auf unserer Plattform identifizieren, entfernen wir es. Wir untersuchen sofort jeden Nutzer, der versucht, NCII auf In2me zu teilen, und wir sperren und verbannen dauerhaft jeden Nutzer, der NCII geteilt oder versucht hat, es zu teilen.<\/p><p class=\"\" data-start=\"1795\" data-end=\"2083\">Wir arbeiten mit Strafverfolgungsbeh\u00f6rden zusammen, um Ermittlungen und Strafverfolgungen gegen Personen zu unterst\u00fctzen, die NCII auf In2me teilen. Im Gegensatz zu vielen anderen Online-Plattformen sind alle In2me-Nutzer verifiziert, was bedeutet, dass wir den Strafverfolgungsbeh\u00f6rden verwertbare Informationen f\u00fcr ihre Ermittlungen bereitstellen k\u00f6nnen.<\/p><h5 data-start=\"2090\" data-end=\"2125\">Wie melde ich vermutetes NCII?<\/h5><p class=\"\" data-start=\"2127\" data-end=\"2387\">Jeder Beitrag und jedes Konto auf In2me hat eine Meldefunktion. Wenn Sie Inhalte auf In2me sehen, von denen Sie vermuten, dass sie NCII sein k\u00f6nnten, klicken Sie bitte sofort auf die Meldefunktion. Alternativ k\u00f6nnen Sie uns auch per E-Mail mitteilen, was Sie gesehen haben, an <a rel=\"noopener\" data-start=\"2343\" data-end=\"2386\">support@in2me.io<\/a>.<\/p><h5 data-start=\"2394\" data-end=\"2500\">Was passiert, wenn ich zuvor der Ver\u00f6ffentlichung eines intimen Bildes von mir auf In2me zugestimmt habe, es mir jetzt aber anders \u00fcberlege?<\/h5><p class=\"\" data-start=\"2502\" data-end=\"2756\">Wenn jemand, der in Inhalten auf In2me zu sehen ist, uns mitteilt, dass er nicht mehr zustimmt, dass diese Inhalte geteilt werden, nehmen wir diese Inhalte offline. Sie k\u00f6nnen Kontakt aufnehmen mit <a rel=\"noopener\" data-start=\"2646\" data-end=\"2689\">support@in2me.io<\/a> jederzeit, um Ihre Zustimmung zur Ver\u00f6ffentlichung von Bildern auf In2me zu widerrufen.<\/p><h5 data-start=\"2763\" data-end=\"2827\">Was unternimmt In2me sonst noch, um die Verbreitung von NCII zu verhindern?<\/h5><p class=\"\" data-start=\"2829\" data-end=\"3097\">Wir arbeiten zusammen mit <strong data-start=\"2845\" data-end=\"2861\">StopNCII.org<\/strong>, ein Tool, das Einzelpersonen erm\u00f6glicht, ihre intimen Bilder oder Videos zu \u201ehashen\u201c. Hashing erstellt einen einzigartigen Identifikator aus den Metadaten der Medien. Diese Informationen werden der StopNCII-Hashliste hinzugef\u00fcgt und mit Branchenpartnern wie In2me geteilt.<\/p><p class=\"\" data-start=\"3099\" data-end=\"3267\">Die StopNCII-Hashliste ist in die In2me-Plattform integriert. Wenn jemand versucht, ein Bild hochzuladen, das von StopNCII gehasht wurde, wird der Upload blockiert.<\/p><p class=\"\" data-start=\"3269\" data-end=\"3374\">Mehr erfahren Sie unter: <a class=\"\" href=\"https:\/\/stopncii.org\" target=\"_new\" rel=\"noopener\" data-start=\"3295\" data-end=\"3374\">Stop Non-Consensual Intimate Image Abuse | StopNCII.org<\/a><\/p><p class=\"\" data-start=\"3376\" data-end=\"3498\">Wir stellen auch Informationen \u00fcber StopNCII und andere Unterst\u00fctzungsdienste f\u00fcr alle bereit, die Missbrauch intimer Bilder an In2me melden.<\/p>\t\t\t\t\t\t\t\t<\/div>\n\t\t\t\t<\/div>\n\t\t\t\t\t<\/div>\n\t\t\t\t<\/div>\n\t\t\t\t<\/div>","protected":false},"excerpt":{"rendered":"<p>ENSURING CONSENT FOR INTIMATE IMAGES In2me empowers Creators from all genres to connect with their fans and monetize legal content. Users may not post or share intimate photos or videos of someone that were produced or distributed without their consent on In2me. Sharing Non-Consensual Intimate Images (NCII) is against In2me\u2019s Terms of Service. In2me will [&hellip;]<\/p>","protected":false},"author":1,"featured_media":0,"parent":0,"menu_order":0,"comment_status":"closed","ping_status":"closed","template":"","meta":{"footnotes":""},"class_list":["post-159","page","type-page","status-publish","hentry"],"_links":{"self":[{"href":"https:\/\/policies.in2me.io\/de\/wp-json\/wp\/v2\/pages\/159","targetHints":{"allow":["GET"]}}],"collection":[{"href":"https:\/\/policies.in2me.io\/de\/wp-json\/wp\/v2\/pages"}],"about":[{"href":"https:\/\/policies.in2me.io\/de\/wp-json\/wp\/v2\/types\/page"}],"author":[{"embeddable":true,"href":"https:\/\/policies.in2me.io\/de\/wp-json\/wp\/v2\/users\/1"}],"replies":[{"embeddable":true,"href":"https:\/\/policies.in2me.io\/de\/wp-json\/wp\/v2\/comments?post=159"}],"version-history":[{"count":3,"href":"https:\/\/policies.in2me.io\/de\/wp-json\/wp\/v2\/pages\/159\/revisions"}],"predecessor-version":[{"id":162,"href":"https:\/\/policies.in2me.io\/de\/wp-json\/wp\/v2\/pages\/159\/revisions\/162"}],"wp:attachment":[{"href":"https:\/\/policies.in2me.io\/de\/wp-json\/wp\/v2\/media?parent=159"}],"curies":[{"name":"wp","href":"https:\/\/api.w.org\/{rel}","templated":true}]}}