{"id":154,"date":"2025-04-30T14:38:56","date_gmt":"2025-04-30T14:38:56","guid":{"rendered":"https:\/\/policies.in2me.io\/?page_id=154"},"modified":"2025-04-30T14:41:32","modified_gmt":"2025-04-30T14:41:32","slug":"content-moderation-policy","status":"publish","type":"page","link":"https:\/\/policies.in2me.io\/de\/content-moderation-policy\/","title":{"rendered":"POLITIK DER INHALTSMODERATION"},"content":{"rendered":"<div data-elementor-type=\"wp-page\" data-elementor-id=\"154\" class=\"elementor elementor-154\" data-elementor-post-type=\"page\">\n\t\t\t\t<div class=\"elementor-element elementor-element-f77c4fc e-flex e-con-boxed e-con e-parent\" data-id=\"f77c4fc\" data-element_type=\"container\">\n\t\t\t\t\t<div class=\"e-con-inner\">\n\t\t\t\t<div class=\"elementor-element elementor-element-1913cd5 elementor-widget elementor-widget-heading\" data-id=\"1913cd5\" data-element_type=\"widget\" data-widget_type=\"heading.default\">\n\t\t\t\t<div class=\"elementor-widget-container\">\n\t\t\t\t\t<h2 class=\"elementor-heading-title elementor-size-default\">POLITIK DER INHALTSMODERATION<\/h2>\t\t\t\t<\/div>\n\t\t\t\t<\/div>\n\t\t\t\t<div class=\"elementor-element elementor-element-ddf8266 elementor-widget elementor-widget-text-editor\" data-id=\"ddf8266\" data-element_type=\"widget\" data-widget_type=\"text-editor.default\">\n\t\t\t\t<div class=\"elementor-widget-container\">\n\t\t\t\t\t\t\t\t\t<p class=\"\" data-start=\"158\" data-end=\"233\"><strong data-start=\"158\" data-end=\"233\">Durch die Nutzung dieser Website erkl\u00e4ren Sie sich mit dieser Richtlinie einverstanden - bitte lesen Sie sie sorgf\u00e4ltig durch<\/strong><\/p><h5 data-start=\"240\" data-end=\"260\">\u2981 Einleitung<\/h5><p class=\"\" data-start=\"261\" data-end=\"627\">In diesem Dokument wird die Politik der Inhaltsmoderation von In2me (\u201ePolitik\u201c) dargelegt. Diese Richtlinie erkl\u00e4rt, wann, warum und wie In2me Inhalte moderieren kann und wie Inhalte, die gegen die Nutzungsbedingungen von In2me versto\u00dfen, behandelt werden. Wenn Sie ein In2me-Nutzer sind, ist diese Richtlinie Teil Ihrer rechtlichen Vereinbarung mit In2me. Bitte lesen Sie diese Richtlinie sorgf\u00e4ltig und vollst\u00e4ndig. Hier sind ein paar wichtige Dinge zu beachten:<\/p><ul data-start=\"629\" data-end=\"956\"><li class=\"\" data-start=\"629\" data-end=\"730\"><p class=\"\" data-start=\"631\" data-end=\"730\">Unsere Nutzungsbedingungen und Community-Richtlinien erkl\u00e4ren, was auf In2me erlaubt ist und was nicht.<\/p><\/li><li class=\"\" data-start=\"731\" data-end=\"956\"><p class=\"\" data-start=\"733\" data-end=\"956\">Einspr\u00fcche gegen die Entscheidung, Inhalte zu deaktivieren, ein Konto zu deaktivieren oder eine letzte Warnung auszusprechen, sind per E-Mail an folgende Adresse zu richten <a rel=\"noopener\" data-start=\"875\" data-end=\"924\">compliance@in2me.io<\/a>vorbehaltlich unserer Rechtsbehelfsbelehrung.<\/p><\/li><\/ul><h5 data-start=\"963\" data-end=\"985\">\u2981 Auslegung<\/h5><p class=\"\" data-start=\"986\" data-end=\"1133\">Sofern in dieser Police nicht ausdr\u00fccklich definiert, haben die in der Police definierten Begriffe die gleiche Bedeutung wie in der <a rel=\"noopener\" data-start=\"1073\" data-end=\"1094\">Bedingungen der Dienstleistung<\/a> haben die gleiche Bedeutung wie in dieser Police.<\/p><h5 data-start=\"1140\" data-end=\"1176\">\u2981 Wenn In2me Inhalte moderiert<\/h5><p class=\"\" data-start=\"1177\" data-end=\"1409\">In2me ist ein Raum f\u00fcr Sch\u00f6pfer und Fans, in dem sie sein k\u00f6nnen, wer sie sind und sich frei ausdr\u00fccken k\u00f6nnen. Wir moderieren die Inhalte, um zu pr\u00fcfen, ob sie mit unseren Nutzungsbedingungen \u00fcbereinstimmen, zu denen auch unsere Nutzungsrichtlinien und Community-Richtlinien geh\u00f6ren.<\/p><h5 data-start=\"1416\" data-end=\"1447\">\u2981 Warum wir Inhalte moderieren<\/h5><p class=\"\" data-start=\"1448\" data-end=\"1653\">In2me permite a los creadores monetizar sus contenidos y conectar con sus seguidores. Para proteger a nuestra comunidad de usuarios, In2me puede, aunque no est\u00e1 obligada a ello, moderar el Contenido para que cumpla las Condiciones de servicio de In2me.<\/p><h5 data-start=\"1660\" data-end=\"1692\">Welche Inhalte wir moderieren<\/h5><p class=\"\" data-start=\"1693\" data-end=\"1833\">Wir k\u00f6nnen jederzeit entscheiden, Inhalte, die auf In2me geteilt werden \u2013 einschlie\u00dflich Text, Audio, Bilder, Direktnachrichten und Videos \u2013 zu \u00fcberpr\u00fcfen und zu entfernen.<\/p><h5 data-start=\"1840\" data-end=\"1871\">Wie wir Inhalte moderieren<\/h5><p class=\"\" data-start=\"1872\" data-end=\"2110\">In2me verwendet modernste digitale Technologien in Kombination mit menschlicher Moderation, um zu pr\u00fcfen, ob Inhalte zul\u00e4ssig sind. Unsere geschulten Moderatoren identifizieren Inhalte, die gegen unsere Nutzungsbedingungen versto\u00dfen, und ergreifen Ma\u00dfnahmen zu deren Entfernung.<\/p><h5 data-start=\"2117\" data-end=\"2171\">Welche Technologie In2me zur Inhaltsmoderation verwendet<\/h5><p class=\"\" data-start=\"2172\" data-end=\"2285\">Wir verwenden eine Vielzahl technologischer Werkzeuge, um Inhalte zu identifizieren, die m\u00f6glicherweise gegen unsere Nutzungsbedingungen versto\u00dfen. Dazu geh\u00f6ren:<\/p><ul data-start=\"2286\" data-end=\"2605\"><li class=\"\" data-start=\"2286\" data-end=\"2605\"><p class=\"\" data-start=\"2288\" data-end=\"2605\"><strong data-start=\"2288\" data-end=\"2328\">Technologien zur Bild- und Textanalyse<\/strong>Diese Werkzeuge helfen unseren menschlichen Moderatoren, die Inhalte, die sie \u00fcberpr\u00fcfen, zu priorisieren. Sie scannen automatisch Medien und Texte auf m\u00f6gliche Verst\u00f6\u00dfe gegen unsere Nutzungsbedingungen. Diese potenziellen Verst\u00f6\u00dfe k\u00f6nnen dann von menschlichen Moderatoren \u00fcberpr\u00fcft werden, bevor eine Entscheidung zur Deaktivierung von Inhalten getroffen wird.<\/p><\/li><\/ul><h5 data-start=\"2612\" data-end=\"2660\">Folgen des Teilens unangemessener Inhalte<\/h5><p class=\"\" data-start=\"2661\" data-end=\"2893\">Wenn ein Nutzer Inhalte teilt, die gegen die Nutzungsbedingungen von In2me versto\u00dfen, k\u00f6nnen wir:<br data-start=\"2733\" data-end=\"2736\" \/>den Inhalt deaktivieren<br data-start=\"2761\" data-end=\"2764\" \/>ii. eine Verwarnung aussprechen<br data-start=\"2783\" data-end=\"2786\" \/>iii. eine letzte Verwarnung aussprechen<br data-start=\"2812\" data-end=\"2815\" \/>iv. das Konto deaktivieren<br data-start=\"2841\" data-end=\"2844\" \/>v. den Kontoinhaber von der In2me-Plattform sperren<\/p><p class=\"\" data-start=\"2895\" data-end=\"3113\">Wenn ein Nutzer schwere Verst\u00f6\u00dfe begeht oder wiederholt Inhalte ver\u00f6ffentlicht, die gegen die Nutzungsbedingungen von In2me versto\u00dfen, k\u00f6nnen wir das Konto\/die Konten dieses Nutzers sperren oder l\u00f6schen und ihm untersagen, neue Konten auf In2me zu er\u00f6ffnen.<\/p><h5 data-start=\"3120\" data-end=\"3169\">Einige der Gr\u00fcnde, aus denen wir Inhalte entfernen k\u00f6nnen<\/h5><p class=\"\" data-start=\"3170\" data-end=\"4096\">Wir entfernen Inhalte am h\u00e4ufigsten wegen Verst\u00f6\u00dfen gegen unsere Richtlinie zur akzeptablen Nutzung, zum Beispiel Inhalte, die:<br data-start=\"3273\" data-end=\"3276\" \/>i. Inhalte mit einem Ersteller, dessen Alter wir nicht als 18+ verifizieren k\u00f6nnen<br data-start=\"3321\" data-end=\"3324\" \/>ii. Inhalte mit einem Ersteller, dessen Identit\u00e4t wir nicht verifizieren k\u00f6nnen, einschlie\u00dflich Konten oder Inhalte, die vollst\u00e4ndig KI-generiert sind<br data-start=\"3439\" data-end=\"3442\" \/>iii. Inhalte mit einem Ersteller, der vorgibt, unter 18 zu sein, auch wenn es sich um Rollenspiel oder Fiktion handelt<br data-start=\"3529\" data-end=\"3532\" \/>iv. ist sexuell explizit und zeigt eine Person, die nicht der verifizierte Ersteller ist und deren Alter, Identit\u00e4t oder Einwilligung nicht best\u00e4tigt wurde<br data-start=\"3664\" data-end=\"3667\" \/>v. beinhaltet Nacktheit an \u00f6ffentlichen Orten oder in der N\u00e4he von Tieren<br data-start=\"3721\" data-end=\"3724\" \/>vi. ist illegal an dem Ort, an dem du lebst oder an dem die Inhalte aufgenommen wurden<br data-start=\"3787\" data-end=\"3790\" \/>vii. zeigt Blut oder k\u00f6nnte als gewaltt\u00e4tig oder extrem angesehen werden<br data-start=\"3851\" data-end=\"3854\" \/>viii. zeigt Waffen oder illegale Drogen<br data-start=\"3893\" data-end=\"3896\" \/>ix. zeigt einen Alltagsgegenstand, der auf eine Weise verwendet wird, die wahrscheinlich Schaden verursacht, einschlie\u00dflich der Nutzung als Sexspielzeug<br data-start=\"4009\" data-end=\"4012\" \/>x. bezieht sich auf Treffen zwischen Erstellern und Fans pers\u00f6nlich, einschlie\u00dflich Verlosungen und Wettbewerben<\/p><h5 data-start=\"4103\" data-end=\"4126\">Illegale Inhalte<\/h5><p class=\"\" data-start=\"4127\" data-end=\"4467\">In2me wird die Inhalte deaktivieren und, falls angebracht, eine Meldung an die Strafverfolgungsbeh\u00f6rden machen. Wir melden alle vermuteten CSAM dem National Center for Missing and Exploited Children \u00fcber deren CyberTipline. Sie k\u00f6nnen mehr dar\u00fcber lesen, wie wir unsere Verpflichtungen zur Datenweitergabe einhalten, in unserem <a rel=\"noopener\" data-start=\"4413\" data-end=\"4432\">Datenschutzerkl\u00e4rung<\/a> und wie wir die Strafverfolgungsbeh\u00f6rden unterst\u00fctzen.<\/p><h5 data-start=\"4474\" data-end=\"4521\">Beschwerde gegen eine Entscheidung zur Inhaltsmoderation<\/h5><p class=\"\" data-start=\"4522\" data-end=\"4715\">Wenn Sie glauben, dass In2me Ihre Inhalte oder Ihr Konto f\u00e4lschlicherweise deaktiviert hat, k\u00f6nnen Sie die Entscheidung anfechten, indem Sie einen Antrag ausf\u00fcllen. <strong data-start=\"4637\" data-end=\"4671\">In2me Deaktivierungs-Beschwerdeformular<\/strong> in \u00dcbereinstimmung mit unserer <a rel=\"noopener\" data-start=\"4695\" data-end=\"4714\">Beschwerderichtlinie<\/a>.<\/p>\t\t\t\t\t\t\t\t<\/div>\n\t\t\t\t<\/div>\n\t\t\t\t\t<\/div>\n\t\t\t\t<\/div>\n\t\t\t\t<\/div>","protected":false},"excerpt":{"rendered":"<p>CONTENT MODERATION POLICY By using this website, you agree to this policy \u2013 please read carefully \u2981 Introduction This document sets out In2me\u2019s Content Moderation Policy (\u201cPolicy\u201d). This Policy explains when, why, and how In2me can moderate Content, and how Content that violates In2me\u2019s Terms of Service is handled. If you are an In2me User, [&hellip;]<\/p>","protected":false},"author":1,"featured_media":0,"parent":0,"menu_order":0,"comment_status":"closed","ping_status":"closed","template":"","meta":{"footnotes":""},"class_list":["post-154","page","type-page","status-publish","hentry"],"_links":{"self":[{"href":"https:\/\/policies.in2me.io\/de\/wp-json\/wp\/v2\/pages\/154","targetHints":{"allow":["GET"]}}],"collection":[{"href":"https:\/\/policies.in2me.io\/de\/wp-json\/wp\/v2\/pages"}],"about":[{"href":"https:\/\/policies.in2me.io\/de\/wp-json\/wp\/v2\/types\/page"}],"author":[{"embeddable":true,"href":"https:\/\/policies.in2me.io\/de\/wp-json\/wp\/v2\/users\/1"}],"replies":[{"embeddable":true,"href":"https:\/\/policies.in2me.io\/de\/wp-json\/wp\/v2\/comments?post=154"}],"version-history":[{"count":3,"href":"https:\/\/policies.in2me.io\/de\/wp-json\/wp\/v2\/pages\/154\/revisions"}],"predecessor-version":[{"id":157,"href":"https:\/\/policies.in2me.io\/de\/wp-json\/wp\/v2\/pages\/154\/revisions\/157"}],"wp:attachment":[{"href":"https:\/\/policies.in2me.io\/de\/wp-json\/wp\/v2\/media?parent=154"}],"curies":[{"name":"wp","href":"https:\/\/api.w.org\/{rel}","templated":true}]}}