{"id":150,"date":"2025-04-30T14:36:50","date_gmt":"2025-04-30T14:36:50","guid":{"rendered":"https:\/\/policies.in2me.io\/?page_id=150"},"modified":"2025-05-13T12:23:22","modified_gmt":"2025-05-13T12:23:22","slug":"combatting-csam","status":"publish","type":"page","link":"https:\/\/policies.in2me.io\/de\/combatting-csam\/","title":{"rendered":"BEK\u00c4MPFUNG VON CSAM"},"content":{"rendered":"<div data-elementor-type=\"wp-page\" data-elementor-id=\"150\" class=\"elementor elementor-150\" data-elementor-post-type=\"page\">\n\t\t\t\t<div class=\"elementor-element elementor-element-5422e0c e-flex e-con-boxed e-con e-parent\" data-id=\"5422e0c\" data-element_type=\"container\">\n\t\t\t\t\t<div class=\"e-con-inner\">\n\t\t\t\t<div class=\"elementor-element elementor-element-7ab958d elementor-widget elementor-widget-heading\" data-id=\"7ab958d\" data-element_type=\"widget\" data-widget_type=\"heading.default\">\n\t\t\t\t<div class=\"elementor-widget-container\">\n\t\t\t\t\t<h2 class=\"elementor-heading-title elementor-size-default\">BEK\u00c4MPFUNG VON CSAM<\/h2>\t\t\t\t<\/div>\n\t\t\t\t<\/div>\n\t\t\t\t<div class=\"elementor-element elementor-element-6f1c168 elementor-widget elementor-widget-text-editor\" data-id=\"6f1c168\" data-element_type=\"widget\" data-widget_type=\"text-editor.default\">\n\t\t\t\t<div class=\"elementor-widget-container\">\n\t\t\t\t\t\t\t\t\t<p class=\"\" data-start=\"146\" data-end=\"641\"><strong data-start=\"146\" data-end=\"242\">In2me k\u00e4mpft gegen die Erstellung und Verbreitung von kinderpornografischem Material (CSAM).<\/strong><br data-start=\"242\" data-end=\"245\" \/>In2me ist dabei, die sicherste digitale Medienplattform der Welt aufzubauen. Wir dulden keine CSAM auf unserer Plattform und arbeiten aktiv daran, sie zu blockieren. Die Erstellung oder Verbreitung von CSAM ist unmoralisch, falsch, illegal und verst\u00f6\u00dft gegen unsere Nutzungsbedingungen und unsere Acceptable Use Policy.<br data-start=\"510\" data-end=\"513\" \/>We have a dedicated team of people who work around the clock to prevent and swiftly remove any suspected CSAM from our platform.<\/p><h5 data-start=\"643\" data-end=\"662\">Was ist CSAM?<\/h5><p class=\"\" data-start=\"663\" data-end=\"840\">CSAM ist jedes Bild oder Video von sexuell expliziten Handlungen, einschlie\u00dflich Nacktheit, die eine Person unter 18 Jahren zeigen. Diese Bilder stellen sexuellen Missbrauch und Ausbeutung von Kindern dar.<\/p><h5 data-start=\"842\" data-end=\"884\">Wie oft erscheint CSAM auf In2me?<\/h5><p class=\"\" data-start=\"885\" data-end=\"1373\">In2me geht aggressiv gegen Personen vor und meldet sie, die versuchen, unsere Plattform zur Verbreitung von CSAM zu nutzen.<br data-start=\"988\" data-end=\"991\" \/>Verd\u00e4chtige CSAM-Vorf\u00e4lle machen weniger als 0,0002 % aller von Erstellern eingereichten Inhalte zur Ver\u00f6ffentlichung auf In2me aus. Wir melden alle verd\u00e4chtigen CSAM-Vorf\u00e4lle an das NCMEC. Jedes verd\u00e4chtige Bild oder Video wird blockiert und von der Plattform entfernt, w\u00e4hrend wir es untersuchen. Viele dieser verd\u00e4chtigen Bilder entpuppen sich tats\u00e4chlich nicht als CSAM und\/oder werden blockiert, bevor sie auf In2me erscheinen.<\/p><h5 data-start=\"1375\" data-end=\"1426\">Wie erkennt In2me CSAM auf seiner Plattform?<\/h5><p class=\"\" data-start=\"1427\" data-end=\"1959\">Wir scannen unsere Plattform kontinuierlich, um die Ver\u00f6ffentlichung von CSAM zu verhindern. Alle unsere Inhaltsmoderatoren sind geschult, verd\u00e4chtige CSAM schnell zu erkennen und zu melden.<br data-start=\"1582\" data-end=\"1585\" \/>Bevor Inhalte in einem Newsfeed erscheinen, pr\u00fcfen wir diese mit modernster digitaler Technologie, um zu kontrollieren, ob die Inhalte auf der Plattform erlaubt sind. Alle Inhalte, die diese Erstpr\u00fcfung bestehen, werden innerhalb von 24 Stunden von unseren geschulten menschlichen Moderatoren manuell \u00fcberpr\u00fcft. Unsere Moderatoren erkennen und melden sofort jegliche Inhalte, die sie f\u00fcr CSAM halten.<\/p><h5 data-start=\"1961\" data-end=\"2022\">Worauf achtet In2me bei der Identifikation von CSAM?<\/h5><p class=\"\" data-start=\"2023\" data-end=\"2659\">Bevor Inhalte im Newsfeed eines Erstellers erscheinen k\u00f6nnen, vergleichen wir sie mit Datenbanken und Werkzeugen der Strafverfolgungsbeh\u00f6rden, um die Verbreitung bekannter CSAM zu verhindern.<br data-start=\"2186\" data-end=\"2189\" \/>CSAM kann schwerer zu erkennen sein, wenn es sich um \u201eneues\u201c CSAM handelt, also Material, das noch nicht in den Datenbanken und Werkzeugen der Strafverfolgungsbeh\u00f6rden enthalten ist. Deshalb \u00fcberpr\u00fcfen wir Bilder, Texte und Audiodateien genau auf m\u00f6gliche \u201eneue\u201c CSAM. Unsere Technologie und unser Personal arbeiten zusammen, um verd\u00e4chtiges CSAM zu melden, das bisher nicht identifiziert wurde. Nach Best\u00e4tigung geben wir diese Informationen an Strafverfolgungsbeh\u00f6rden und NGOs weiter, um die T\u00e4ter zu identifizieren.<\/p><h5 data-start=\"2661\" data-end=\"2728\">Was passiert, wenn In2me verd\u00e4chtiges CSAM auf seiner Plattform findet?<\/h5><p class=\"\" data-start=\"2729\" data-end=\"3331\">Wenn wir verd\u00e4chtiges CSAM identifizieren, entfernen wir es sofort und melden es \u00fcber die \u201eCyberTipline\u201c an das National Center for Missing &amp; Exploited Children (NCMEC).<br data-start=\"2884\" data-end=\"2887\" \/>Das NCMEC \u00fcberpr\u00fcft diese Meldungen und teilt sie mit den zust\u00e4ndigen Strafverfolgungsbeh\u00f6rden weltweit, damit sie gegen CSAM vorgehen k\u00f6nnen. Wir arbeiten eng mit den Strafverfolgungsbeh\u00f6rden zusammen, um Personen zu untersuchen, zu verfolgen und zu bestrafen, die versuchen, unsere Plattform zur Erstellung oder Verbreitung von CSAM zu nutzen.<br data-start=\"3155\" data-end=\"3158\" \/>Wir untersuchen sofort jeden Nutzer, der versucht, verd\u00e4chtiges CSAM auf In2me zu teilen, und ergreifen geeignete Ma\u00dfnahmen. Wir sperren jeden, der versucht, CSAM auf In2me zu erstellen oder zu verbreiten.<\/p><h5 data-start=\"3333\" data-end=\"3462\">Wie kann In2me feststellen, ob eine Direktnachricht oder ein anderer privater Beitrag CSAM enth\u00e4lt? Sind diese Beitr\u00e4ge und Inhalte verschl\u00fcsselt?<\/h5><p class=\"\" data-start=\"3463\" data-end=\"3761\">In2me verwendet keine End-to-End-Verschl\u00fcsselung. Alles auf der Seite ist f\u00fcr unser Team von geschulten Pr\u00fcfern sichtbar. Es gibt keine \u201eversteckten\u201c Beitr\u00e4ge, \u201egeheimen\u201c Bereiche oder sich selbst l\u00f6schenden Nachrichten auf In2me.<br data-start=\"3652\" data-end=\"3655\" \/>Wir k\u00f6nnen jederzeit jedes Bild oder Video, das auf In2me geteilt wird, einschlie\u00dflich in Direktnachrichten, \u00fcberpr\u00fcfen und entfernen.<\/p><h5 data-start=\"3763\" data-end=\"3833\">Erm\u00f6glicht das Abonnementmodell von In2me die Verbreitung von CSAM?<\/h5><p class=\"\" data-start=\"3834\" data-end=\"4465\">Nein. Unser Abonnementmodell macht es schwieriger f\u00fcr Personen, CSAM zu erstellen und zu verbreiten.<br data-start=\"3926\" data-end=\"3929\" \/>Um Inhalte zu abonnieren oder auf In2me Inhalte zu posten, m\u00fcssen Nutzer unsere strengen Identit\u00e4tspr\u00fcfungen bestehen. Im Gegensatz zu vielen anderen digitalen Medienplattformen kennen wir die rechtliche Identit\u00e4t aller unserer Nutzer. Niemand kann anonym auf In2me posten.<br data-start=\"4178\" data-end=\"4181\" \/>Da unsere Nutzer nicht anonym sind und wir keine End-to-End-Verschl\u00fcsselung verwenden, ist es f\u00fcr In2me-Nutzer weniger wahrscheinlich, dass sie versuchen, CSAM zu erstellen oder zu verbreiten. Falls ein Nutzer versucht, CSAM auf unserer Plattform zu erstellen oder zu verbreiten, wissen wir, wer er ist, melden ihn und sperren ihn von In2me.<\/p><h5 data-start=\"4467\" data-end=\"4504\">Wie melde ich verd\u00e4chtiges CSAM?<\/h5><p class=\"\" data-start=\"4505\" data-end=\"4747\">Jeder Beitrag und jedes Konto auf In2me hat eine Meldefunktion. Wenn Sie auf In2me Inhalte sehen, die Sie f\u00fcr CSAM halten, melden Sie diese bitte mit der Meldefunktion.\nWenn Sie eine Direktnachricht auf In2me erhalten, die CSAM oder verd\u00e4chtige Inhalte enth\u00e4lt, k\u00f6nnen Sie auch diese Nachricht melden, indem Sie die Option \u201eMelden\u201c in der Nachricht w\u00e4hlen. <a rel=\"noopener\" data-start=\"4701\" data-end=\"4746\">support@in2me.com<\/a>.<\/p><h5 data-start=\"4749\" data-end=\"4809\">Wie kann ich darauf vertrauen, dass In2me dieses Problem ernst nimmt?<\/h5><p class=\"\" data-start=\"4810\" data-end=\"5240\">In2me hat sich verpflichtet, die sicherste Social-Media-Plattform der Welt zu schaffen. Wir \u00fcbernehmen Verantwortung f\u00fcr unser Handeln und ver\u00f6ffentlichen regelm\u00e4\u00dfig Daten, die belegen, welche Schritte wir unternehmen. Diese Daten sind in unseren <a rel=\"noopener\" data-start=\"5028\" data-end=\"5053\">Transparenzberichten zu finden.<\/a>.<br data-start=\"5054\" data-end=\"5057\" \/>Wir sind noch einen Schritt weiter gegangen und haben einen unabh\u00e4ngigen Dritten beauftragt, die Prozesse zu \u00fcberpr\u00fcfen, die wir zum Kampf gegen die Erstellung und Verbreitung von CSAM implementiert haben.<\/p><h5 data-start=\"5242\" data-end=\"5316\">Was tun Sie sonst noch, um die Erstellung oder Verbreitung von CSAM zu verhindern?<\/h5><p class=\"\" data-start=\"5317\" data-end=\"6335\">Wir arbeiten eng mit Regierungen, Aufsichtsbeh\u00f6rden, Strafverfolgungsbeh\u00f6rden, Nichtregierungsorganisationen, Wohlt\u00e4tigkeitsorganisationen und anderen Unternehmen im Kampf gegen CSAM zusammen.<br data-start=\"5469\" data-end=\"5472\" \/>Wir erhalten und handeln auf Basis von Informationen unserer Sicherheits-Partner \u00fcber aktuelle Trends im Bereich Kindersicherheit und T\u00e4terpr\u00e4vention. Au\u00dferdem arbeiten wir proaktiv mit Forschern und Analysten zusammen, um die Taktiken, Techniken und Vorgehensweisen der Personen zu identifizieren, die CSAM online erstellen und verbreiten, um deren Erfolg zu verhindern.<br data-start=\"5798\" data-end=\"5801\" \/>Neben der engen Zusammenarbeit mit NCMEC zur Meldung von CSAM-F\u00e4llen \u00fcber die CyberTipline von NCMEC sind wir auch Teil der \u201eTake It Down\u201c-Initiative von NCMEC. <strong data-start=\"5945\" data-end=\"5961\">Take It Down<\/strong> ist ein Unterst\u00fctzungsdienst f\u00fcr Personen unter 18 Jahren, die sich Sorgen machen, dass selbst erstellte explizite Inhalte (die als CSAM gelten) online geteilt werden. Betroffene k\u00f6nnen das Tool nutzen, um das betreffende Bild \u201ezu hashen\u201c und so dessen Ver\u00f6ffentlichung im Internet zu verhindern: <a target=\"_new\" rel=\"noopener\" data-start=\"6279\" data-end=\"6335\">Take It Down \u2013 NCMEC<\/a><\/p><p class=\"\" data-start=\"6337\" data-end=\"6500\">Wenn Sie mehr \u00fcber unseren Kampf gegen die Erstellung und Verbreitung von CSAM erfahren m\u00f6chten, senden Sie bitte eine E-Mail an <a rel=\"noopener\" data-start=\"6450\" data-end=\"6499\">compliance@in2me.io<\/a>.<\/p>\t\t\t\t\t\t\t\t<\/div>\n\t\t\t\t<\/div>\n\t\t\t\t\t<\/div>\n\t\t\t\t<\/div>\n\t\t\t\t<\/div>","protected":false},"excerpt":{"rendered":"<p>COMBATTING CSAM In2me fights to combat the creation and distribution of child sexual abuse materials (CSAM).In2me is building the safest digital media platform in the world. We do not tolerate CSAM on our platform and actively work to block it. The creation or distribution of CSAM is immoral, wrong, illegal, and against our Terms of [&hellip;]<\/p>","protected":false},"author":1,"featured_media":0,"parent":0,"menu_order":0,"comment_status":"closed","ping_status":"closed","template":"","meta":{"footnotes":""},"class_list":["post-150","page","type-page","status-publish","hentry"],"_links":{"self":[{"href":"https:\/\/policies.in2me.io\/de\/wp-json\/wp\/v2\/pages\/150","targetHints":{"allow":["GET"]}}],"collection":[{"href":"https:\/\/policies.in2me.io\/de\/wp-json\/wp\/v2\/pages"}],"about":[{"href":"https:\/\/policies.in2me.io\/de\/wp-json\/wp\/v2\/types\/page"}],"author":[{"embeddable":true,"href":"https:\/\/policies.in2me.io\/de\/wp-json\/wp\/v2\/users\/1"}],"replies":[{"embeddable":true,"href":"https:\/\/policies.in2me.io\/de\/wp-json\/wp\/v2\/comments?post=150"}],"version-history":[{"count":6,"href":"https:\/\/policies.in2me.io\/de\/wp-json\/wp\/v2\/pages\/150\/revisions"}],"predecessor-version":[{"id":295,"href":"https:\/\/policies.in2me.io\/de\/wp-json\/wp\/v2\/pages\/150\/revisions\/295"}],"wp:attachment":[{"href":"https:\/\/policies.in2me.io\/de\/wp-json\/wp\/v2\/media?parent=150"}],"curies":[{"name":"wp","href":"https:\/\/api.w.org\/{rel}","templated":true}]}}