{"id":142,"date":"2025-04-30T14:31:49","date_gmt":"2025-04-30T14:31:49","guid":{"rendered":"https:\/\/policies.in2me.io\/?page_id=142"},"modified":"2025-05-13T12:22:22","modified_gmt":"2025-05-13T12:22:22","slug":"age-identity-verification","status":"publish","type":"page","link":"https:\/\/policies.in2me.io\/de\/age-identity-verification\/","title":{"rendered":"AGE &#038; IDENTITY VERIFICATION"},"content":{"rendered":"<div data-elementor-type=\"wp-page\" data-elementor-id=\"142\" class=\"elementor elementor-142\" data-elementor-post-type=\"page\">\n\t\t\t\t<div class=\"elementor-element elementor-element-55de53a e-flex e-con-boxed e-con e-parent\" data-id=\"55de53a\" data-element_type=\"container\">\n\t\t\t\t\t<div class=\"e-con-inner\">\n\t\t\t\t<div class=\"elementor-element elementor-element-fc6b8a1 elementor-widget elementor-widget-heading\" data-id=\"fc6b8a1\" data-element_type=\"widget\" data-widget_type=\"heading.default\">\n\t\t\t\t<div class=\"elementor-widget-container\">\n\t\t\t\t\t<h2 class=\"elementor-heading-title elementor-size-default\">ALTERS- UND IDENTIT\u00c4TSPR\u00dcFUNG<\/h2>\t\t\t\t<\/div>\n\t\t\t\t<\/div>\n\t\t\t\t<div class=\"elementor-element elementor-element-5d087de elementor-widget elementor-widget-text-editor\" data-id=\"5d087de\" data-element_type=\"widget\" data-widget_type=\"text-editor.default\">\n\t\t\t\t<div class=\"elementor-widget-container\">\n\t\t\t\t\t\t\t\t\t<p class=\"\" data-start=\"148\" data-end=\"306\"><strong data-start=\"148\" data-end=\"203\">Die Sicherheit unserer Community hat f\u00fcr In2me h\u00f6chste Priorit\u00e4t.<\/strong><br data-start=\"203\" data-end=\"206\">Es ist sehr wichtig, dass wir wissen, wer unsere Plattform nutzt, und dass diese Personen mindestens 18 Jahre alt sind.<\/p>\n<h5 data-start=\"308\" data-end=\"374\">Wie alt muss ein Creator oder Fan sein, um Inhalte auf In2me zu nutzen?<br><span style=\"font-size: 16px;\">Du musst mindestens 18 Jahre alt sein, um ein Konto zu erstellen und Inhalte auf der In2me-Plattform als Fan oder Creator zu nutzen.<br><\/span><span style=\"font-size: 16px;\">Es verst\u00f6\u00dft gegen unsere Nutzungsbedingungen und unsere Richtlinie zur akzeptablen Nutzung, wenn Personen unter 18 Jahren Inhalte auf In2me ansehen, darauf zugreifen oder sie ver\u00f6ffentlichen.\nWir investieren erheblich in Technologie und menschliche Moderationsteams, um sicherzustellen, dass diese Richtlinie eingehalten wird. Wenn jemand versucht, diese Regeln und Kontrollen zu umgehen, wird In2me entsprechende Ma\u00dfnahmen ergreifen.<\/span><\/h5>\n<h5 data-start=\"850\" data-end=\"923\">Warum m\u00fcssen Creator oder Fans 18 Jahre oder \u00e4lter sein, um auf Inhalte bei In2me zuzugreifen?<br><span style=\"font-size: 16px;\">In2me ist eine inklusive, abonnementsbasierte Plattform, die Meinungsfreiheit erlaubt. Solange Inhalte den Nutzungsbedingungen und der Richtlinie zur akzeptablen Nutzung entsprechen, haben Creator die Freiheit, Inhalte mit ihren Fans zu erstellen und zu teilen.<br><\/span><span style=\"font-size: 16px;\">Diese Meinungsfreiheit muss jedoch mit der Sicherheit der Community in Einklang stehen. Es gibt zwei Hauptgr\u00fcnde, warum man mindestens 18 Jahre alt sein muss:<\/span><\/h5>\n<ul data-start=\"1343\" data-end=\"1603\">\n<li class=\"\" data-start=\"1343\" data-end=\"1505\">\n<p class=\"\" data-start=\"1345\" data-end=\"1505\">Um Inhalte zu abonnieren oder zu ver\u00f6ffentlichen, musst du Zahlungsinformationen angeben und rechtlich in der Lage sein, einen Abonnementdienst zu bezahlen.<\/p>\n<\/li>\n<li class=\"\" data-start=\"1506\" data-end=\"1603\">\n<p class=\"\" data-start=\"1508\" data-end=\"1603\">Einige Inhalte auf In2me sind f\u00fcr Personen unter 18 Jahren ungeeignet.<\/p>\n<\/li>\n<\/ul>\n<p class=\"\" data-start=\"1605\" data-end=\"1703\">Deshalb m\u00fcssen alle Creator und Fans mindestens 18 Jahre alt sein, um Inhalte auf In2me zuzugreifen, anzusehen oder zu ver\u00f6ffentlichen.<\/p>\n<h5 data-start=\"1705\" data-end=\"1782\">Warum unternimmt In2me all diese Schritte zur Verifizierung der Nutzer auf der Plattform?<br><span style=\"font-size: 16px;\">Wir ergreifen diese Ma\u00dfnahmen, weil wir uns dem Schutz der Creator und Fans auf unserer Plattform verpflichtet f\u00fchlen und sicherstellen m\u00f6chten, dass unsere Nutzer die Gesetze der L\u00e4nder, in denen wir t\u00e4tig sind, einhalten.<\/span><span style=\"font-size: 16px;\">Es ist sowohl gesellschaftlich verantwortungsvoll als auch gesetzlich notwendig, von Creatorn und Fans zu verlangen, dass sie In2me diese Informationen bereitstellen.<\/span><\/h5>\n<h5 data-start=\"2089\" data-end=\"2254\">Aber ich kann sexuell explizite Inhalte auf anderen sozialen Netzwerken sehen, ohne diese Informationen bereitzustellen. Warum muss ich sie bei In2me angeben?<br><span style=\"font-size: 16px;\">Obwohl sexuell explizite Inhalte auf vielen anderen Plattformen erscheinen, die Nutzern unter 18 Jahren den Zugang erlauben, erlauben die Nutzungsbedingungen und die Richtlinie zur akzeptablen Nutzung von In2me den Creatorn die Freiheit, Inhalte zu w\u00e4hlen und mit ihren Fans zu teilen, solange sie diese Richtlinien einhalten.<br><\/span><span style=\"font-size: 16px;\">Wir erkennen das Teilen von Inhalten f\u00fcr Erwachsene auf unserer Plattform an und erlauben es. Aus diesem Grund ist es unsere Richtlinie, den Zugang zu In2me auf Personen ab 18 Jahren zu beschr\u00e4nken \u2013 und deshalb m\u00fcssen Creator und Fans eine Alters- und Identit\u00e4tspr\u00fcfung durchf\u00fchren.<\/span><\/h5>\n<h5 data-start=\"2802\" data-end=\"2880\">Wie \u00fcberpr\u00fcft In2me das Alter und die Identit\u00e4t von Creatorn und Fans?<br><span style=\"font-size: 16px;\">In2me verwendet eine Kombination aus Technologie und menschlicher Moderation, um das Alter und die Identit\u00e4t von Creatorn und Fans zu verifizieren. Die Werkzeuge, Richtlinien und Verfahren, die wir daf\u00fcr nutzen, entwickeln sich st\u00e4ndig weiter, um den aktuellen Best Practices, modernster Technologie und gesetzlichen \u00c4nderungen zu entsprechen.<br><\/span><span style=\"font-size: 16px;\">Zum Beispiel muss ein Creator im Rahmen des Verifizierungsprozesses mehr als neun pers\u00f6nliche Daten und Dokumente bereitstellen, bevor er Inhalte auf In2me ver\u00f6ffentlichen darf, darunter:<\/span><\/h5>\n<ul data-start=\"3388\" data-end=\"3564\">\n<li class=\"\" data-start=\"3388\" data-end=\"3401\">\n<p class=\"\" data-start=\"3390\" data-end=\"3401\">vollst\u00e4ndiger Name<\/p>\n<\/li>\n<li class=\"\" data-start=\"3402\" data-end=\"3428\">\n<p class=\"\" data-start=\"3404\" data-end=\"3428\">verifizierte E-Mail-Adresse<\/p>\n<\/li>\n<li class=\"\" data-start=\"3429\" data-end=\"3447\">\n<p class=\"\" data-start=\"3431\" data-end=\"3447\">Wohnadresse<\/p>\n<\/li>\n<li class=\"\" data-start=\"3448\" data-end=\"3465\">\n<p class=\"\" data-start=\"3450\" data-end=\"3465\">Geburtsdatum<\/p>\n<\/li>\n<li class=\"\" data-start=\"3466\" data-end=\"3495\">\n<p class=\"\" data-start=\"3468\" data-end=\"3495\">g\u00fcltiger amtlicher Lichtbildausweis<\/p>\n<\/li>\n<li class=\"\" data-start=\"3496\" data-end=\"3535\">\n<p class=\"\" data-start=\"3498\" data-end=\"3535\">Selfie mit dem Ausweis in der Hand<\/p>\n<\/li>\n<li class=\"\" data-start=\"3536\" data-end=\"3564\">\n<p class=\"\" data-start=\"3538\" data-end=\"3564\">Bankverbindung<\/p>\n<\/li>\n<\/ul>\n<p class=\"\" data-start=\"3566\" data-end=\"4082\">Je nach Land m\u00fcssen Fans m\u00f6glicherweise ebenfalls pers\u00f6nliche Daten, Best\u00e4tigungen, Zahlungsinformationen und Dokumente bereitstellen, um Inhalte auf In2me anzusehen.<br data-start=\"3738\" data-end=\"3741\">Wir \u00fcberpr\u00fcfen Creator- und Fan-Konten auch nach der Registrierung weiterhin regelm\u00e4\u00dfig. Dabei kommen sowohl Technologie als auch menschliche \u00dcberpr\u00fcfung zum Einsatz. Wir untersuchen jeden Hinweis aus der Community oder von Beh\u00f6rden, Gesch\u00e4ftspartnern oder NGOs.<\/p>\n<h5 data-start=\"4084\" data-end=\"4164\">Wer f\u00fchrt die Alters- und Identit\u00e4ts\u00fcberpr\u00fcfungen von Creatorn und Fans durch?<br><span style=\"font-size: 16px;\">In2me verf\u00fcgt \u00fcber ein spezielles Team, das sich auf die Pr\u00fcfung, Genehmigung und Ablehnung von Kontoantr\u00e4gen spezialisiert hat, einschlie\u00dflich der \u00dcberpr\u00fcfung von Alters- und Identit\u00e4tsnachweisen. Dieses Team trifft Entscheidungen auf Grundlage menschlichen Urteilsverm\u00f6gens.<\/span><\/h5>\n<h5 data-start=\"4365\" data-end=\"4418\">Wie viele Konten lehnt In2me jeden Monat ab?<br><span style=\"font-size: 16px;\">Non abbiamo un obiettivo prefissato per il numero di account che accettiamo o rifiutiamo ogni mese.<\/span><\/h5>\n<h5 data-start=\"4503\" data-end=\"4573\">F\u00fchrt In2me Nachkontrollen zur Alters- und Identit\u00e4tsverifizierung durch?<br><span style=\"font-size: 16px;\">Ja. Nachdem ein Konto er\u00f6ffnet wurde, \u00fcberpr\u00fcft In2me regelm\u00e4\u00dfig die Konten von Creatorn und Fans, um sicherzustellen, dass der Nutzer mindestens 18 Jahre alt ist und dass die Person mit dem Konto den bei der Registrierung angegebenen Informationen entspricht.<br><\/span><span style=\"font-size: 16px;\">Zus\u00e4tzlich f\u00fchren wir in bestimmten Hochrisikol\u00e4ndern oder bei auff\u00e4lligen Konten nach der ersten Verifizierung zus\u00e4tzliche Pr\u00fcfungen durch.<\/span><\/h5>\n<h5 data-start=\"5003\" data-end=\"5066\">Was macht In2me, wenn ein Creator die \u201eSelfie-Pr\u00fcfung\u201c nicht besteht?<br><span style=\"font-size: 16px;\">Wenn ein Creator die Selfie-Pr\u00fcfung nicht besteht, kann auf das betreffende Konto nicht zugegriffen werden, und alle zugeh\u00f6rigen Inhalte werden ausgeblendet. Das Konto wird dann von unserem geschulten Moderationsteam \u00fcberpr\u00fcft, und es werden entsprechende Ma\u00dfnahmen ergriffen \u2013 wie z.\u202fB. die Anforderung zus\u00e4tzlicher Ausweisdokumente, die Sperrung oder K\u00fcndigung des Kontos oder das Blockieren einer IP-Adresse.<\/span><\/h5>\n<h5 data-start=\"5416\" data-end=\"5495\">Wie lange bewahrt In2me die Alters- und Identit\u00e4tsverifizierungsdaten auf?<br><span style=\"font-size: 16px;\">Es ist notwendig, dass In2me bestimmte Informationen zur Alters- und Identit\u00e4tsverifizierung von Creatorn und Fans aufbewahrt, um unsere Community zu sch\u00fctzen und den gesetzlichen Anforderungen zu entsprechen. Weitere Informationen dar\u00fcber, wie lange wir diese Daten speichern, finden Sie in unserer Datenschutzrichtlinie.<\/span><\/h5>\n<h5 data-start=\"5759\" data-end=\"5854\">Was macht In2me sonst noch mit den zur Alters- und Identit\u00e4tsverifizierung bereitgestellten Informationen?<br><span style=\"font-size: 16px;\">Wir erfassen Informationen zur Alters- und Identit\u00e4tsverifizierung ausschlie\u00dflich zum Zweck, unsere Community zu sch\u00fctzen. Im Gegensatz zu anderen Plattformen monetarisiert, verkauft oder verwendet In2me diese Informationen nicht f\u00fcr andere Zwecke.<\/span><\/h5>\t\t\t\t\t\t\t\t<\/div>\n\t\t\t\t<\/div>\n\t\t\t\t\t<\/div>\n\t\t\t\t<\/div>\n\t\t\t\t<\/div>","protected":false},"excerpt":{"rendered":"<p>AGE &#038; IDENTITY VERIFICATION Keeping our community safe is a priority for In2me.It is very important that we know who is using our platform and that they are at least 18 years old. How old must a creator or fan be to access content on In2me?You must be at least 18 years old to create [&hellip;]<\/p>","protected":false},"author":1,"featured_media":0,"parent":0,"menu_order":0,"comment_status":"closed","ping_status":"closed","template":"","meta":{"footnotes":""},"class_list":["post-142","page","type-page","status-publish","hentry"],"_links":{"self":[{"href":"https:\/\/policies.in2me.io\/de\/wp-json\/wp\/v2\/pages\/142","targetHints":{"allow":["GET"]}}],"collection":[{"href":"https:\/\/policies.in2me.io\/de\/wp-json\/wp\/v2\/pages"}],"about":[{"href":"https:\/\/policies.in2me.io\/de\/wp-json\/wp\/v2\/types\/page"}],"author":[{"embeddable":true,"href":"https:\/\/policies.in2me.io\/de\/wp-json\/wp\/v2\/users\/1"}],"replies":[{"embeddable":true,"href":"https:\/\/policies.in2me.io\/de\/wp-json\/wp\/v2\/comments?post=142"}],"version-history":[{"count":6,"href":"https:\/\/policies.in2me.io\/de\/wp-json\/wp\/v2\/pages\/142\/revisions"}],"predecessor-version":[{"id":292,"href":"https:\/\/policies.in2me.io\/de\/wp-json\/wp\/v2\/pages\/142\/revisions\/292"}],"wp:attachment":[{"href":"https:\/\/policies.in2me.io\/de\/wp-json\/wp\/v2\/media?parent=142"}],"curies":[{"name":"wp","href":"https:\/\/api.w.org\/{rel}","templated":true}]}}