{"id":136,"date":"2025-04-30T14:19:36","date_gmt":"2025-04-30T14:19:36","guid":{"rendered":"https:\/\/policies.in2me.io\/?page_id=136"},"modified":"2025-05-13T12:23:42","modified_gmt":"2025-05-13T12:23:42","slug":"safety-transparency-center","status":"publish","type":"page","link":"https:\/\/policies.in2me.io\/de\/safety-transparency-center\/","title":{"rendered":"Safety &#038; Transparency Center"},"content":{"rendered":"<div data-elementor-type=\"wp-page\" data-elementor-id=\"136\" class=\"elementor elementor-136\" data-elementor-post-type=\"page\">\n\t\t\t\t<div class=\"elementor-element elementor-element-55344e2 e-flex e-con-boxed e-con e-parent\" data-id=\"55344e2\" data-element_type=\"container\">\n\t\t\t\t\t<div class=\"e-con-inner\">\n\t\t\t\t<div class=\"elementor-element elementor-element-286755d elementor-widget elementor-widget-heading\" data-id=\"286755d\" data-element_type=\"widget\" data-widget_type=\"heading.default\">\n\t\t\t\t<div class=\"elementor-widget-container\">\n\t\t\t\t\t<h2 class=\"elementor-heading-title elementor-size-default\">Sicherheits &amp; Transparenzzentrum<\/h2>\t\t\t\t<\/div>\n\t\t\t\t<\/div>\n\t\t\t\t<div class=\"elementor-element elementor-element-485aea6 elementor-widget elementor-widget-text-editor\" data-id=\"485aea6\" data-element_type=\"widget\" data-widget_type=\"text-editor.default\">\n\t\t\t\t<div class=\"elementor-widget-container\">\n\t\t\t\t\t\t\t\t\t<p class=\"\" data-start=\"168\" data-end=\"387\">In2me bef\u00e4higt Kreative aus allen Genres, ihr Potenzial zu entfalten. Wir verpflichten uns, die sicherste digitale Medienplattform der Welt zu schaffen. In2me geht \u00fcber die gesetzlichen Anforderungen und den Standard unserer Mitbewerber hinaus, um eine sichere Plattform f\u00fcr Kreative und Fans bereitzustellen und gleichzeitig die Freiheit der Kreativen und Fans zu maximieren, die rechtm\u00e4\u00dfigen Inhalte, die sie produzieren und ansehen, zu kontrollieren und zu monetarisieren.<br \/>Dieses Sicherheits- &amp; Transparenzzentrum soll Kreativen, Fans und anderen Interessengruppen Einblick geben, wie In2me unsere Gemeinschaft sch\u00fctzt, und einen \u00dcberblick \u00fcber einige unserer wichtigsten Sicherheits- und Transparenzma\u00dfnahmen bieten. Die untenstehenden Leitf\u00e4den sind Zusammenfassungen und sollten zusammen mit unseren Nutzungsbedingungen, der Richtlinie f\u00fcr akzeptable Nutzung und den Community-Richtlinien gelesen werden.<\/p><p><a href=\"\/de\/age-identity-verification\/\">\u2013 ALTERS &amp; IDENTIT\u00c4TSVERIFIZIERUNG<\/a><\/p><p><a href=\"\/de\/appeals-policy\/\">\u2013 BESCHWERDERICHTLINIE<\/a><\/p><p><a href=\"\/de\/combatting-csam\/\">\u2013 BEK\u00c4MPFUNG VON CSAM<\/a><\/p><p><a href=\"\/de\/content-moderation-policy\/\">\u2013 INHALTSMODERATIONSRICHTLINIE<\/a><\/p><p><a href=\"\/de\/ensuring-consent-for-intimate-images\/\">\u2013 UNTERST\u00dcTZUNG VON KREATIVEN BEI URHEBERRECHTSSCHUTZ<\/a><\/p><p><a href=\"\/de\/helping-creators-protect-their-copyright\/\">\u2013 SCHUTZ GEGEN GELDW\u00c4SCHEREI &amp; BETRUG<\/a><\/p><p><a href=\"\/de\/safeguarding-against-money-laundering-fraud\/\">\u2013 BEK\u00c4MPFUNG VON HASSREDE<\/a><\/p><p><a href=\"\/de\/tackling-hate-speech\/\">\u2013 BEK\u00c4MPFUNG VON HASSREDE<\/a><\/p>\t\t\t\t\t\t\t\t<\/div>\n\t\t\t\t<\/div>\n\t\t\t\t\t<\/div>\n\t\t\t\t<\/div>\n\t\t\t\t<\/div>","protected":false},"excerpt":{"rendered":"<p>Safety &#038; Transparency Center In2me empowers creators from all genres to own their potential. We are committed to building the safest digital media platform in the world. In2me goes above and beyond the legal requirements, and our peers, to provide a safe platform for Creator and Fans while maximizing the freedom of Creators and Fans [&hellip;]<\/p>","protected":false},"author":1,"featured_media":0,"parent":0,"menu_order":0,"comment_status":"closed","ping_status":"closed","template":"","meta":{"footnotes":""},"class_list":["post-136","page","type-page","status-publish","hentry"],"_links":{"self":[{"href":"https:\/\/policies.in2me.io\/de\/wp-json\/wp\/v2\/pages\/136","targetHints":{"allow":["GET"]}}],"collection":[{"href":"https:\/\/policies.in2me.io\/de\/wp-json\/wp\/v2\/pages"}],"about":[{"href":"https:\/\/policies.in2me.io\/de\/wp-json\/wp\/v2\/types\/page"}],"author":[{"embeddable":true,"href":"https:\/\/policies.in2me.io\/de\/wp-json\/wp\/v2\/users\/1"}],"replies":[{"embeddable":true,"href":"https:\/\/policies.in2me.io\/de\/wp-json\/wp\/v2\/comments?post=136"}],"version-history":[{"count":15,"href":"https:\/\/policies.in2me.io\/de\/wp-json\/wp\/v2\/pages\/136\/revisions"}],"predecessor-version":[{"id":298,"href":"https:\/\/policies.in2me.io\/de\/wp-json\/wp\/v2\/pages\/136\/revisions\/298"}],"wp:attachment":[{"href":"https:\/\/policies.in2me.io\/de\/wp-json\/wp\/v2\/media?parent=136"}],"curies":[{"name":"wp","href":"https:\/\/api.w.org\/{rel}","templated":true}]}}