{"id":129,"date":"2025-04-30T14:11:32","date_gmt":"2025-04-30T14:11:32","guid":{"rendered":"https:\/\/policies.in2me.io\/?page_id=129"},"modified":"2025-04-30T14:16:38","modified_gmt":"2025-04-30T14:16:38","slug":"anti-slavery-and-anti-trafficking-statement","status":"publish","type":"page","link":"https:\/\/policies.in2me.io\/de\/anti-slavery-and-anti-trafficking-statement\/","title":{"rendered":"Erkl\u00e4rung gegen Sklaverei und Menschenhandel"},"content":{"rendered":"<div data-elementor-type=\"wp-page\" data-elementor-id=\"129\" class=\"elementor elementor-129\" data-elementor-post-type=\"page\">\n\t\t\t\t<div class=\"elementor-element elementor-element-4f49e06 e-flex e-con-boxed e-con e-parent\" data-id=\"4f49e06\" data-element_type=\"container\">\n\t\t\t\t\t<div class=\"e-con-inner\">\n\t\t\t\t<div class=\"elementor-element elementor-element-e10c2fe elementor-widget elementor-widget-heading\" data-id=\"e10c2fe\" data-element_type=\"widget\" data-widget_type=\"heading.default\">\n\t\t\t\t<div class=\"elementor-widget-container\">\n\t\t\t\t\t<h2 class=\"elementor-heading-title elementor-size-default\">ERKL\u00c4RUNG GEGEN SKLAVEREI UND MENSCHENHANDEL\n<\/h2>\t\t\t\t<\/div>\n\t\t\t\t<\/div>\n\t\t\t\t<div class=\"elementor-element elementor-element-91d608a elementor-widget elementor-widget-text-editor\" data-id=\"91d608a\" data-element_type=\"widget\" data-widget_type=\"text-editor.default\">\n\t\t\t\t<div class=\"elementor-widget-container\">\n\t\t\t\t\t\t\t\t\t<p class=\"\" data-start=\"168\" data-end=\"387\">Bei In2me verpflichten wir uns zu den h\u00f6chsten ethischen Standards in allem, was wir tun. Wir dulden keinerlei Form moderner Sklaverei, Menschenhandel, Zwangsarbeit oder Ausbeutung auf unserer Plattform oder in unserem Betrieb.<\/p><p class=\"\" data-start=\"389\" data-end=\"737\"><strong data-start=\"389\" data-end=\"407\">Unser Engagement<\/strong><br data-start=\"407\" data-end=\"410\" \/>In2me stellt sich entschieden gegen alle Formen moderner Sklaverei und Menschenhandels. Wir setzen uns f\u00fcr eine sichere, transparente und respektvolle Umgebung f\u00fcr alle Nutzer \u2013 sowohl f\u00fcr Creator als auch f\u00fcr Abonnenten \u2013 ein und arbeiten aktiv daran, jede illegale oder ausbeuterische Nutzung unserer Plattform zu verhindern.<\/p><p class=\"\" data-start=\"739\" data-end=\"806\"><strong data-start=\"739\" data-end=\"776\">Plattformkontrollen und Durchsetzung<\/strong><br data-start=\"776\" data-end=\"779\" \/>Zur Einhaltung unseres Engagements:<\/p><ul data-start=\"807\" data-end=\"1675\"><li class=\"\" data-start=\"807\" data-end=\"976\"><p class=\"\" data-start=\"809\" data-end=\"976\"><strong data-start=\"809\" data-end=\"830\">Altersverifikation:<\/strong> Alle Inhaltsersteller m\u00fcssen strenge Identit\u00e4ts- und Alterspr\u00fcfungen durchlaufen, bevor sie Inhalte hochladen oder Einnahmen erzielen d\u00fcrfen.<\/p><\/li><li class=\"\" data-start=\"977\" data-end=\"1194\"><p class=\"\" data-start=\"979\" data-end=\"1194\"><strong data-start=\"979\" data-end=\"1004\">Einwilligungspflicht:<\/strong> Nur Inhalte, die freiwillig und legal erstellt und hochgeladen wurden, sind erlaubt. Verd\u00e4chtige oder ausbeuterische Inhalte werden sofort untersucht und entfernt.<\/p><\/li><li class=\"\" data-start=\"1195\" data-end=\"1454\"><p class=\"\" data-start=\"1197\" data-end=\"1454\"><strong data-start=\"1197\" data-end=\"1226\">\u00dcberwachung und Meldung:<\/strong> Unser Moderationsteam nutzt automatisierte Tools und manuelle \u00dcberpr\u00fcfungen, um verd\u00e4chtige Aktivit\u00e4ten zu erkennen und zu behandeln. Unsere Community wird ermutigt, Bedenken \u00fcber unsere Meldewerkzeuge oder direkt an den Support zu melden.<\/p><\/li><li class=\"\" data-start=\"1455\" data-end=\"1675\"><p class=\"\" data-start=\"1457\" data-end=\"1675\"><strong data-start=\"1457\" data-end=\"1478\">Sofortma\u00dfnahmen:<\/strong> Wir arbeiten uneingeschr\u00e4nkt mit Strafverfolgungsbeh\u00f6rden zusammen. Alle Konten oder Inhalte, die mit Menschenhandel, Zwangsarbeit oder Ausbeutung in Verbindung stehen, werden sofort gesperrt und gemeldet.<\/p><\/li><\/ul><p class=\"\" data-start=\"1677\" data-end=\"2040\"><strong data-start=\"1677\" data-end=\"1709\">Lieferketten und Partnerschaften<\/strong><br data-start=\"1709\" data-end=\"1712\" \/>Obwohl In2me keine physischen Lieferketten unterh\u00e4lt, erwarten wir von allen unseren Drittanbietern \u2013 einschlie\u00dflich Zahlungsabwicklern, Identit\u00e4tspr\u00fcfungsdiensten und anderen Partnern \u2013 die vollst\u00e4ndige Einhaltung der Gesetze gegen Sklaverei und Menschenhandel. Wo erforderlich, f\u00fchren wir Sorgfaltspr\u00fcfungen und Risikobewertungen durch.<\/p><p class=\"\" data-start=\"2042\" data-end=\"2230\"><strong data-start=\"2042\" data-end=\"2068\">Schulung und Sensibilisierung<\/strong><br data-start=\"2068\" data-end=\"2071\" \/>Unser Team ist darin geschult, Anzeichen von Menschenhandel und Ausbeutung zu erkennen. Durch kontinuierliche Schulungen bleiben wir proaktiv im Schutz unserer Plattform vor Missbrauch.<\/p><p class=\"\" data-start=\"2232\" data-end=\"2459\"><strong data-start=\"2232\" data-end=\"2258\">St\u00e4ndige Verbesserung<\/strong><br data-start=\"2258\" data-end=\"2261\" \/>Wir \u00fcberpr\u00fcfen und aktualisieren regelm\u00e4\u00dfig unsere Richtlinien, um mit globalen Standards und bew\u00e4hrten Praktiken im Kampf gegen moderne Sklaverei und Menschenhandel \u00fcbereinzustimmen. Wir setzen uns f\u00fcr Transparenz und Rechenschaftspflicht ein.<\/p><p class=\"\" data-start=\"2461\" data-end=\"2622\">Wenn Sie Bedenken haben oder verd\u00e4chtige Aktivit\u00e4ten melden m\u00f6chten, kontaktieren Sie bitte unser Support-Team unter <strong data-start=\"2566\" data-end=\"2586\"><a rel=\"noopener\" data-start=\"2568\" data-end=\"2584\">support@in2me.io<\/a><\/strong> oder nutzen Sie unser sicheres Meldesystem.<\/p><p class=\"\" data-start=\"2624\" data-end=\"2693\">Gemeinsam k\u00f6nnen wir einen sicheren digitalen Raum ohne Ausbeutung schaffen.<\/p>\t\t\t\t\t\t\t\t<\/div>\n\t\t\t\t<\/div>\n\t\t\t\t\t<\/div>\n\t\t\t\t<\/div>\n\t\t\t\t<\/div>","protected":false},"excerpt":{"rendered":"<p>ANTI-SLAVERY AND ANTI-TRAFFICKING STATEMENT At In2me, we are committed to the highest ethical standards in everything we do. We have zero tolerance for modern slavery, human trafficking, forced labor, or any form of exploitation within our platform or operations. Our CommitmentIn2me stands firmly against all forms of modern slavery and human trafficking. We are dedicated [&hellip;]<\/p>","protected":false},"author":1,"featured_media":0,"parent":0,"menu_order":0,"comment_status":"closed","ping_status":"closed","template":"","meta":{"footnotes":""},"class_list":["post-129","page","type-page","status-publish","hentry"],"_links":{"self":[{"href":"https:\/\/policies.in2me.io\/de\/wp-json\/wp\/v2\/pages\/129","targetHints":{"allow":["GET"]}}],"collection":[{"href":"https:\/\/policies.in2me.io\/de\/wp-json\/wp\/v2\/pages"}],"about":[{"href":"https:\/\/policies.in2me.io\/de\/wp-json\/wp\/v2\/types\/page"}],"author":[{"embeddable":true,"href":"https:\/\/policies.in2me.io\/de\/wp-json\/wp\/v2\/users\/1"}],"replies":[{"embeddable":true,"href":"https:\/\/policies.in2me.io\/de\/wp-json\/wp\/v2\/comments?post=129"}],"version-history":[{"count":6,"href":"https:\/\/policies.in2me.io\/de\/wp-json\/wp\/v2\/pages\/129\/revisions"}],"predecessor-version":[{"id":135,"href":"https:\/\/policies.in2me.io\/de\/wp-json\/wp\/v2\/pages\/129\/revisions\/135"}],"wp:attachment":[{"href":"https:\/\/policies.in2me.io\/de\/wp-json\/wp\/v2\/media?parent=129"}],"curies":[{"name":"wp","href":"https:\/\/api.w.org\/{rel}","templated":true}]}}